{"id":151765,"date":"2021-10-18T16:34:32","date_gmt":"2025-07-05T10:01:35","guid":{"rendered":"https:\/\/kingarms.ee\/product\/baofeng-uv-5ra-radio-raiditajs\/"},"modified":"2025-07-05T13:01:35","modified_gmt":"2025-07-05T10:01:35","slug":"baofeng-uv-5ra-radio-raiditajs","status":"publish","type":"product","link":"https:\/\/kingarms.ee\/lv\/product\/baofeng-uv-5ra-radio-raiditajs\/","title":{"rendered":"Baofeng UV-5RA radio raid\u012bt\u0101js"},"content":{"rendered":"<p><img loading=\"lazy\" decoding=\"async\" class=\"alignnone size-medium wp-image-33104\" src=\"https:\/\/kingarms.ee\/wp-content\/uploads\/2021\/10\/1152209760_1-300x200.jpeg\" alt=\"\" width=\"300\" height=\"200\" srcset=\"https:\/\/kingarms.ee\/wp-content\/uploads\/2021\/10\/1152209760_1-300x200.jpeg 300w, https:\/\/kingarms.ee\/wp-content\/uploads\/2021\/10\/1152209760_1-150x100.jpeg 150w, https:\/\/kingarms.ee\/wp-content\/uploads\/2021\/10\/1152209760_1-500x333.jpeg 500w, https:\/\/kingarms.ee\/wp-content\/uploads\/2021\/10\/1152209760_1-768x512.jpeg 768w, https:\/\/kingarms.ee\/wp-content\/uploads\/2021\/10\/1152209760_1.jpeg 800w\" sizes=\"auto, (max-width: 300px) 100vw, 300px\" \/><\/p>\n","protected":false},"excerpt":{"rendered":"<p>Baofeng UV-5RA radio raid\u012bt\u0101js<\/p>\n<p>Svar\u012bg\u0101k\u0101s funkcijas:<\/p>\n<p>* Papla\u0161in\u0101ts sader\u012bgu frekven\u010du diapazons: 136-174 MHz (RX \/ TX), 400-520 MHz (RX \/ TX)un 76-108 MHz (RX)<\/p>\n<p>* Raid\u012bt\u0101ja jaudas regul\u0113\u0161ana starp 5W \/ 1W<\/p>\n<p>* DTMF kod\u0113\u0161ana<\/p>\n<p>\u00b7 104 DCS kods un 50 CTCSS kods<\/p>\n<p>* L\u012bdz 99 kan\u0101lu atmi\u0146ai<\/p>\n<p>* L\u012bdz 99 kan\u0101lu atmi\u0146ai<\/p>\n<p>* PTT identifikators<\/p>\n<p>* To, CO un Se sken\u0113\u0161anas atk\u0101rtotas m\u0113\u0123in\u0101\u0161anas metodes<\/p>\n<p>* SOS funkcija<\/p>\n<p>* Akumulatora taup\u012b\u0161anas iestat\u012bjums<\/p>\n<p>* Izgaismots LCD displejs<\/p>\n<p>* Aktiviz\u0113ts zvans-VOX funkcija<\/p>\n<p>* Tony CTCSS (50 grupas), DCS (105 grupas) un 1750 Hz<\/p>\n<p>* Aktiveeritud k\u00f5ne-VOX funktsioon<\/p>\n<p>* &#8220;TOT&#8221; programm\u0113jams p\u0101rraides taimeris<\/p>\n<p>* Kan\u0101lu atstarpes piel\u0101go\u0161ana diapazon\u0101: 2.5 \/ 5 \/ 6.25 \/ 10 \/ 12.5 \/ 25 kH<\/p>\n<p>Komplekt\u0101 ietilpst:<\/p>\n<p>\u2013 radio<\/p>\n<p>\u2013 antena<\/p>\n<p>\u2013 siksna<\/p>\n<p>\u2013 l\u0101d\u0113t\u0101js<\/p>\n<p>\u2013 akumulators<\/p>\n<p>\u2013 viduklis<\/p>\n<p>\u2013 Rokasgr\u0101mata<\/p>\n","protected":false},"featured_media":114293,"template":"","meta":{"_acf_changed":false},"product_brand":[],"product_cat":[1125],"product_tag":[],"class_list":{"0":"post-151765","1":"product","2":"type-product","3":"status-publish","4":"has-post-thumbnail","6":"product_cat-uztvereji","8":"first","9":"onbackorder","10":"taxable","11":"shipping-taxable","12":"product-type-simple"},"acf":[],"_links":{"self":[{"href":"https:\/\/kingarms.ee\/lv\/wp-json\/wp\/v2\/product\/151765","targetHints":{"allow":["GET"]}}],"collection":[{"href":"https:\/\/kingarms.ee\/lv\/wp-json\/wp\/v2\/product"}],"about":[{"href":"https:\/\/kingarms.ee\/lv\/wp-json\/wp\/v2\/types\/product"}],"wp:featuredmedia":[{"embeddable":true,"href":"https:\/\/kingarms.ee\/lv\/wp-json\/wp\/v2\/media\/114293"}],"wp:attachment":[{"href":"https:\/\/kingarms.ee\/lv\/wp-json\/wp\/v2\/media?parent=151765"}],"wp:term":[{"taxonomy":"product_brand","embeddable":true,"href":"https:\/\/kingarms.ee\/lv\/wp-json\/wp\/v2\/product_brand?post=151765"},{"taxonomy":"product_cat","embeddable":true,"href":"https:\/\/kingarms.ee\/lv\/wp-json\/wp\/v2\/product_cat?post=151765"},{"taxonomy":"product_tag","embeddable":true,"href":"https:\/\/kingarms.ee\/lv\/wp-json\/wp\/v2\/product_tag?post=151765"}],"curies":[{"name":"wp","href":"https:\/\/api.w.org\/{rel}","templated":true}]}}