{"id":151773,"date":"2022-11-14T16:48:22","date_gmt":"2025-07-05T10:49:19","guid":{"rendered":"https:\/\/kingarms.ee\/product\/warfet-1-1-varti\/"},"modified":"2025-08-03T17:44:22","modified_gmt":"2025-08-03T14:44:22","slug":"warfet-1-1-varti","status":"publish","type":"product","link":"https:\/\/kingarms.ee\/lv\/product\/warfet-1-1-varti\/","title":{"rendered":"Warfet 1.1 v\u0101rti"},"content":{"rendered":"","protected":false},"excerpt":{"rendered":"<p>Warfet 1.1 v\u0101rti<\/p>\n<p>Komplekt\u0101 ietilpst:<br \/>\n&#8211; warfet baro\u0161anas modulis<br \/>\n&#8211; &#8211; &#8211; &#8211; Tactics programming<br \/>\n&#8211; &#8211; akumulatora mini tamiyaadapter<br \/>\n&#8211; Aeg mini Tamiya adapteris<br \/>\n&#8211; dean-t savienot\u0101ju p\u0101ris<br \/>\n&#8211; viena spr\u016bda vads<br \/>\n&#8211; dubult\u0101 spr\u016bda vads<br \/>\n&#8211; quickstart ce\u013cvedis<br \/>\ngalven\u0101s iez\u012bmes:<br \/>\n&#8211; 3. paaudzes mosfet<br \/>\n&#8211; &#8211; konfigur\u0113jams fireselector<br \/>\n&#8211; Akt\u012bv\u0101 bremze<br \/>\n&#8211; pirms v\u0113r\u0161anos<br \/>\n&#8211; &#8211; kontroles<br \/>\n&#8211; smart trigger<br \/>\n&#8211; akumulatora aizsardz\u012bba<br \/>\n&#8211; elektroniskais dro\u0161in\u0101t\u0101js<br \/>\n&#8211; viedais dro\u0161in\u0101t\u0101js<br \/>\n&#8211; &#8211; Taktisk\u0101 programm\u0113\u0161ana<br \/>\n&#8211; plug &amp; sp\u0113l\u0113t<br \/>\n&#8211; 1. &#8211; 5. p\u0101rspr\u0101gt<br \/>\n&#8211; debouncing<br \/>\n&#8211; ieb\u016bv\u0113ts pa\u0161p\u0101rbaude<br \/>\n&#8211; Tum\u0161ais re\u017e\u012bms<br \/>\n&#8211; p\u0101rkl\u0101jums<br \/>\n&#8211; hardwired<br \/>\n&#8211; dean &#8211; t gatavs<br \/>\n&#8211; Mini-Tamiya adapteris<br \/>\n&#8211; 14.8 V li-po gatavs<br \/>\n&#8211; quickstart iek\u013cauts<\/p>\n","protected":false},"featured_media":125220,"template":"","meta":{"_acf_changed":false},"product_brand":[],"product_cat":[1053],"product_tag":[],"class_list":{"0":"post-151773","1":"product","2":"type-product","3":"status-publish","4":"has-post-thumbnail","6":"product_cat-gaste-ir-varti","8":"first","9":"onbackorder","10":"product-type-simple"},"acf":[],"_links":{"self":[{"href":"https:\/\/kingarms.ee\/lv\/wp-json\/wp\/v2\/product\/151773","targetHints":{"allow":["GET"]}}],"collection":[{"href":"https:\/\/kingarms.ee\/lv\/wp-json\/wp\/v2\/product"}],"about":[{"href":"https:\/\/kingarms.ee\/lv\/wp-json\/wp\/v2\/types\/product"}],"wp:featuredmedia":[{"embeddable":true,"href":"https:\/\/kingarms.ee\/lv\/wp-json\/wp\/v2\/media\/125220"}],"wp:attachment":[{"href":"https:\/\/kingarms.ee\/lv\/wp-json\/wp\/v2\/media?parent=151773"}],"wp:term":[{"taxonomy":"product_brand","embeddable":true,"href":"https:\/\/kingarms.ee\/lv\/wp-json\/wp\/v2\/product_brand?post=151773"},{"taxonomy":"product_cat","embeddable":true,"href":"https:\/\/kingarms.ee\/lv\/wp-json\/wp\/v2\/product_cat?post=151773"},{"taxonomy":"product_tag","embeddable":true,"href":"https:\/\/kingarms.ee\/lv\/wp-json\/wp\/v2\/product_tag?post=151773"}],"curies":[{"name":"wp","href":"https:\/\/api.w.org\/{rel}","templated":true}]}}