{"id":151783,"date":"2020-07-27T13:11:13","date_gmt":"2025-07-05T11:49:17","guid":{"rendered":"https:\/\/kingarms.ee\/product\/70s-retay\/"},"modified":"2025-07-05T14:49:17","modified_gmt":"2025-07-05T11:49:17","slug":"70s-retay","status":"publish","type":"product","link":"https:\/\/kingarms.ee\/lv\/product\/70s-retay\/","title":{"rendered":"70S (Retay)"},"content":{"rendered":"<p><a href=\"https:\/\/kingarms.ee\/wp-content\/uploads\/2020\/07\/d1dba753-91f0-11e6-8321-001e67ad91cb_d9a1e53e-09ee-459b-bfd7-4212808ad3cc-1-300x99.jpg\"><img loading=\"lazy\" decoding=\"async\" class=\"alignnone size-medium wp-image-30781\" src=\"https:\/\/kingarms.ee\/wp-content\/uploads\/2020\/07\/d1dba753-91f0-11e6-8321-001e67ad91cb_d9a1e53e-09ee-459b-bfd7-4212808ad3cc-1-300x99.jpg\" alt=\"\" width=\"300\" height=\"99\" srcset=\"https:\/\/kingarms.ee\/wp-content\/uploads\/2020\/07\/d1dba753-91f0-11e6-8321-001e67ad91cb_d9a1e53e-09ee-459b-bfd7-4212808ad3cc-1-300x99.jpg 300w, https:\/\/kingarms.ee\/wp-content\/uploads\/2020\/07\/d1dba753-91f0-11e6-8321-001e67ad91cb_d9a1e53e-09ee-459b-bfd7-4212808ad3cc-1-150x50.jpg 150w, https:\/\/kingarms.ee\/wp-content\/uploads\/2020\/07\/d1dba753-91f0-11e6-8321-001e67ad91cb_d9a1e53e-09ee-459b-bfd7-4212808ad3cc-1-500x166.jpg 500w, https:\/\/kingarms.ee\/wp-content\/uploads\/2020\/07\/d1dba753-91f0-11e6-8321-001e67ad91cb_d9a1e53e-09ee-459b-bfd7-4212808ad3cc-1-768x254.jpg 768w, https:\/\/kingarms.ee\/wp-content\/uploads\/2020\/07\/d1dba753-91f0-11e6-8321-001e67ad91cb_d9a1e53e-09ee-459b-bfd7-4212808ad3cc-1.jpg 1024w\" sizes=\"auto, (max-width: 300px) 100vw, 300px\" \/><\/a><\/p>\n","protected":false},"excerpt":{"rendered":"<p>70S (Retay)<\/p>\n<p>Slaven\u0101 Turcijas uz\u0146\u0113muma Retay vienreizlietojam\u0101 pavasara virzu\u013ca \u0161autene. Produktam ir-kvalit\u0101te, pie\u0146emama cena un augsta uzticam\u012bba! Retay 70s \u0161autene ir paredz\u0113ta izklaid\u0113jo\u0161ai un sporta \u0161au\u0161anai.  <\/p>\n<div>\n<table border=\"0\" width=\"447\" cellspacing=\"0\" cellpadding=\"0\">\n<colgroup>\n<col width=\"224\">\n<col width=\"223\"><\/colgroup>\n<tbody>\n<tr>\n<td class=\"xl65\" width=\"224\" height=\"20\">Ra\u017eot\u0101js<\/td>\n<td class=\"xl66\" width=\"223\">Retay<\/td>\n<\/tr>\n<tr>\n<td class=\"xl65\" width=\"224\" height=\"20\">Kalibrs<\/td>\n<td class=\"xl66\" width=\"223\">4,5<\/td>\n<\/tr>\n<tr>\n<td class=\"xl65\" width=\"224\" height=\"20\">Purna \u0101trums<\/td>\n<td class=\"xl66\" width=\"223\">120 m \/ s<\/td>\n<\/tr>\n<tr>\n<td class=\"xl65\" width=\"224\" height=\"22\">Grupa<br \/>\ndialektu grupu sist\u0113ma<\/td>\n<td class=\"xl66\" width=\"223\"><\/td>\n<\/tr>\n<tr>\n<td class=\"xl65\" width=\"224\" height=\"20\">\u0160autene<\/td>\n<td class=\"xl66\" width=\"223\"><\/td>\n<\/tr>\n<tr>\n<td class=\"xl65\" width=\"224\" height=\"20\">Viena uzl\u0101de<\/td>\n<td class=\"xl66\" width=\"223\"><\/td>\n<\/tr>\n<tr>\n<td class=\"xl65\" width=\"224\" height=\"20\">Mun\u012bcijas Tips<\/td>\n<td class=\"xl66\" width=\"223\">lode<\/td>\n<\/tr>\n<\/tbody>\n<\/table>\n<\/div>\n","protected":false},"featured_media":133117,"template":"","meta":{"_acf_changed":false},"product_brand":[],"product_cat":[1007],"product_tag":[],"class_list":{"0":"post-151783","1":"product","2":"type-product","3":"status-publish","4":"has-post-thumbnail","6":"product_cat-snaipera-pistoles-lv","8":"first","9":"instock","10":"taxable","11":"shipping-taxable","12":"purchasable","13":"product-type-simple"},"acf":[],"_links":{"self":[{"href":"https:\/\/kingarms.ee\/lv\/wp-json\/wp\/v2\/product\/151783","targetHints":{"allow":["GET"]}}],"collection":[{"href":"https:\/\/kingarms.ee\/lv\/wp-json\/wp\/v2\/product"}],"about":[{"href":"https:\/\/kingarms.ee\/lv\/wp-json\/wp\/v2\/types\/product"}],"wp:featuredmedia":[{"embeddable":true,"href":"https:\/\/kingarms.ee\/lv\/wp-json\/wp\/v2\/media\/133117"}],"wp:attachment":[{"href":"https:\/\/kingarms.ee\/lv\/wp-json\/wp\/v2\/media?parent=151783"}],"wp:term":[{"taxonomy":"product_brand","embeddable":true,"href":"https:\/\/kingarms.ee\/lv\/wp-json\/wp\/v2\/product_brand?post=151783"},{"taxonomy":"product_cat","embeddable":true,"href":"https:\/\/kingarms.ee\/lv\/wp-json\/wp\/v2\/product_cat?post=151783"},{"taxonomy":"product_tag","embeddable":true,"href":"https:\/\/kingarms.ee\/lv\/wp-json\/wp\/v2\/product_tag?post=151783"}],"curies":[{"name":"wp","href":"https:\/\/api.w.org\/{rel}","templated":true}]}}