{"id":151785,"date":"2020-07-22T17:14:47","date_gmt":"2025-07-05T11:50:31","guid":{"rendered":"https:\/\/kingarms.ee\/product\/termovelas-komplekts-campri-black\/"},"modified":"2025-07-05T14:50:31","modified_gmt":"2025-07-05T11:50:31","slug":"termovelas-komplekts-campri-black","status":"publish","type":"product","link":"https:\/\/kingarms.ee\/lv\/product\/termovelas-komplekts-campri-black\/","title":{"rendered":"Termove\u013cas komplekts CAMPRI-Black"},"content":{"rendered":"<p><img loading=\"lazy\" decoding=\"async\" class=\"alignnone size-medium wp-image-38350\" src=\"https:\/\/kingarms.ee\/wp-content\/uploads\/2020\/07\/termovelas-komplekts-warmer-melna-263x300.png\" alt=\"\" width=\"263\" height=\"300\" srcset=\"https:\/\/kingarms.ee\/wp-content\/uploads\/2020\/07\/termovelas-komplekts-warmer-melna-263x300.png 263w, https:\/\/kingarms.ee\/wp-content\/uploads\/2020\/07\/termovelas-komplekts-warmer-melna-500x571.png 500w, https:\/\/kingarms.ee\/wp-content\/uploads\/2020\/07\/termovelas-komplekts-warmer-melna-150x171.png 150w, https:\/\/kingarms.ee\/wp-content\/uploads\/2020\/07\/termovelas-komplekts-warmer-melna.png 700w\" sizes=\"auto, (max-width: 263px) 100vw, 263px\" \/><\/p>\n","protected":false},"excerpt":{"rendered":"<p>Termove\u013cas komplekts CAMPRI-Black<\/p>\n<p>Lieliska kvalit\u0101te siltuma uzvalks v\u012brie\u0161iem.<\/p>\n<p>V\u012brie\u0161u termiskais komplekts<\/p>\n<p>Termisk\u0101 bl\u012bv\u0113juma dizains<\/p>\n<p>Materi\u0101ls 100% poliesters-mazg\u0101jams ma\u0161\u012bn\u0101<\/p>\n<p>Stretch kompresijas der<\/p>\n<p>Pagaidu. Diapazons -20 l\u012bdz +20 gr\u0101diem <\/p>\n","protected":false},"featured_media":115543,"template":"","meta":{"_acf_changed":false},"product_brand":[],"product_cat":[1095],"product_tag":[],"class_list":{"0":"post-151785","1":"product","2":"type-product","3":"status-publish","4":"has-post-thumbnail","6":"product_cat-termiska-apaksvela","8":"first","9":"outofstock","10":"taxable","11":"shipping-taxable","12":"purchasable","13":"product-type-variable"},"acf":[],"_links":{"self":[{"href":"https:\/\/kingarms.ee\/lv\/wp-json\/wp\/v2\/product\/151785","targetHints":{"allow":["GET"]}}],"collection":[{"href":"https:\/\/kingarms.ee\/lv\/wp-json\/wp\/v2\/product"}],"about":[{"href":"https:\/\/kingarms.ee\/lv\/wp-json\/wp\/v2\/types\/product"}],"wp:featuredmedia":[{"embeddable":true,"href":"https:\/\/kingarms.ee\/lv\/wp-json\/wp\/v2\/media\/115543"}],"wp:attachment":[{"href":"https:\/\/kingarms.ee\/lv\/wp-json\/wp\/v2\/media?parent=151785"}],"wp:term":[{"taxonomy":"product_brand","embeddable":true,"href":"https:\/\/kingarms.ee\/lv\/wp-json\/wp\/v2\/product_brand?post=151785"},{"taxonomy":"product_cat","embeddable":true,"href":"https:\/\/kingarms.ee\/lv\/wp-json\/wp\/v2\/product_cat?post=151785"},{"taxonomy":"product_tag","embeddable":true,"href":"https:\/\/kingarms.ee\/lv\/wp-json\/wp\/v2\/product_tag?post=151785"}],"curies":[{"name":"wp","href":"https:\/\/api.w.org\/{rel}","templated":true}]}}