{"id":151791,"date":"2020-07-22T12:41:04","date_gmt":"2025-07-05T11:52:07","guid":{"rendered":"https:\/\/kingarms.ee\/product\/gpm1911-gg\/"},"modified":"2025-07-05T14:52:07","modified_gmt":"2025-07-05T11:52:07","slug":"gpm1911-gg","status":"publish","type":"product","link":"https:\/\/kingarms.ee\/lv\/product\/gpm1911-gg\/","title":{"rendered":"GPM1911 (G&amp;G)"},"content":{"rendered":"<p><a href=\"https:\/\/kingarms.ee\/wp-content\/uploads\/2020\/07\/110910-01-800x600-500x500-300x300.jpg\"><img loading=\"lazy\" decoding=\"async\" class=\"alignnone size-medium wp-image-30690\" src=\"https:\/\/kingarms.ee\/wp-content\/uploads\/2020\/07\/110910-01-800x600-500x500-300x300.jpg\" alt=\"\" width=\"300\" height=\"300\" srcset=\"https:\/\/kingarms.ee\/wp-content\/uploads\/2020\/07\/110910-01-800x600-500x500-300x300.jpg 300w, https:\/\/kingarms.ee\/wp-content\/uploads\/2020\/07\/110910-01-800x600-500x500-150x150.jpg 150w, https:\/\/kingarms.ee\/wp-content\/uploads\/2020\/07\/110910-01-800x600-500x500.jpg 500w\" sizes=\"auto, (max-width: 300px) 100vw, 300px\" \/><\/a><\/p>\n","protected":false},"excerpt":{"rendered":"<p>GPM1911 (G&amp;G)<\/p>\n<p>Z\u012bmols: G &amp; amp; G<\/p>\n<p>Hop-Up: Regul\u0113jams.<\/p>\n<p>Papl\u0101tes ietilp\u012bba: 25 kadri.<\/p>\n<p>Svars: 1120g.<\/p>\n<p>Materi\u0101ls: piln\u012bgi met\u0101ls.<\/p>\n<p>Garums: 220 mm.<\/p>\n<p>Augstums: 140 mm.<\/p>\n<p>Skata garums: 116,5 mm.<\/p>\n<p>Fotograf\u0113\u0161anas re\u017e\u012bms: Viens kadrs<\/p>\n<p>Kalibrs: 6 mm.<\/p>\n<p>Pievienots:<\/p>\n<p>1x GPM-92F.<\/p>\n<p>1x ziede.<\/p>\n<p>1x \u0101trais l\u0101d\u0113t\u0101js<\/p>\n<p>Nor\u0101d\u012bjumi un lieto\u0161anas instrukcijas.<\/p>\n","protected":false},"featured_media":113834,"template":"","meta":{"_acf_changed":false},"product_brand":[],"product_cat":[1000],"product_tag":[],"class_list":{"0":"post-151791","1":"product","2":"type-product","3":"status-publish","4":"has-post-thumbnail","6":"product_cat-rokas-pistoles","8":"first","9":"instock","10":"taxable","11":"shipping-taxable","12":"purchasable","13":"product-type-simple"},"acf":[],"_links":{"self":[{"href":"https:\/\/kingarms.ee\/lv\/wp-json\/wp\/v2\/product\/151791","targetHints":{"allow":["GET"]}}],"collection":[{"href":"https:\/\/kingarms.ee\/lv\/wp-json\/wp\/v2\/product"}],"about":[{"href":"https:\/\/kingarms.ee\/lv\/wp-json\/wp\/v2\/types\/product"}],"wp:featuredmedia":[{"embeddable":true,"href":"https:\/\/kingarms.ee\/lv\/wp-json\/wp\/v2\/media\/113834"}],"wp:attachment":[{"href":"https:\/\/kingarms.ee\/lv\/wp-json\/wp\/v2\/media?parent=151791"}],"wp:term":[{"taxonomy":"product_brand","embeddable":true,"href":"https:\/\/kingarms.ee\/lv\/wp-json\/wp\/v2\/product_brand?post=151791"},{"taxonomy":"product_cat","embeddable":true,"href":"https:\/\/kingarms.ee\/lv\/wp-json\/wp\/v2\/product_cat?post=151791"},{"taxonomy":"product_tag","embeddable":true,"href":"https:\/\/kingarms.ee\/lv\/wp-json\/wp\/v2\/product_tag?post=151791"}],"curies":[{"name":"wp","href":"https:\/\/api.w.org\/{rel}","templated":true}]}}