{"id":151795,"date":"2020-06-30T13:57:00","date_gmt":"2025-07-05T11:56:38","guid":{"rendered":"https:\/\/kingarms.ee\/product\/mk-175-man-kung\/"},"modified":"2025-07-05T14:56:38","modified_gmt":"2025-07-05T11:56:38","slug":"mk-175-man-kung","status":"publish","type":"product","link":"https:\/\/kingarms.ee\/lv\/product\/mk-175-man-kung\/","title":{"rendered":"MK-175 (Man Kung)"},"content":{"rendered":"<p><a href=\"https:\/\/kingarms.ee\/wp-content\/uploads\/2020\/06\/54c64aeafba8e69e313e8b9202b5507a-300x226.jpg\"><img loading=\"lazy\" decoding=\"async\" class=\"alignnone size-medium wp-image-29448\" src=\"https:\/\/kingarms.ee\/wp-content\/uploads\/2020\/06\/54c64aeafba8e69e313e8b9202b5507a-300x226.jpg\" alt=\"\" width=\"300\" height=\"226\" srcset=\"https:\/\/kingarms.ee\/wp-content\/uploads\/2020\/06\/54c64aeafba8e69e313e8b9202b5507a-300x225.jpg 300w, https:\/\/kingarms.ee\/wp-content\/uploads\/2020\/06\/54c64aeafba8e69e313e8b9202b5507a-150x113.jpg 150w, https:\/\/kingarms.ee\/wp-content\/uploads\/2020\/06\/54c64aeafba8e69e313e8b9202b5507a-500x376.jpg 500w, https:\/\/kingarms.ee\/wp-content\/uploads\/2020\/06\/54c64aeafba8e69e313e8b9202b5507a-768x578.jpg 768w, https:\/\/kingarms.ee\/wp-content\/uploads\/2020\/06\/54c64aeafba8e69e313e8b9202b5507a.jpg 1024w, https:\/\/kingarms.ee\/wp-content\/uploads\/2020\/06\/54c64aeafba8e69e313e8b9202b5507a-600x450.jpg 600w\" sizes=\"auto, (max-width: 300px) 100vw, 300px\" \/><\/a><\/p>\n","protected":false},"excerpt":{"rendered":"<p>MK-175 (Man Kung)<\/p>\n<p>Specifik\u0101cija:<\/p>\n<p>Motokrosa Tips: rekurs\u012bvs;<\/p>\n<p>Roktura Tips: \u0161autene;<\/p>\n<p>Garums: 87 cm;<\/p>\n<p>Platums: 67 cm;<\/p>\n<p>Sprieguma sp\u0113ks: 160lbs = 72.5 kg;<\/p>\n<p>Boom kreis\u0113\u0161anas \u0101trums: 65 m \/ s .;<\/p>\n<p>Kaba Materi\u0101ls: Plastmasa;<\/p>\n<p>Korpusa materi\u0101ls: alum\u012bnijs;<\/p>\n<p>Plecu materi\u0101ls: stikla \u0161\u0137iedra;<\/p>\n<p>Svars: 3,8 kg .;<\/p>\n<p>Melna kr\u0101sa.<\/p>\n<p>Iek\u0101rta:<\/p>\n<p>Motokrosa cilv\u0113ks man kung MK-175;<\/p>\n<p>3 punktu precizit\u0101tes skats;<\/p>\n<p>Mont\u0101\u017eas atsl\u0113ga;<\/p>\n<p>4 bulti\u0146as;<\/p>\n<p>Vad\u012bba.<\/p>\n","protected":false},"featured_media":113158,"template":"","meta":{"_acf_changed":false},"product_brand":[],"product_cat":[1013,1014],"product_tag":[],"class_list":{"0":"post-151795","1":"product","2":"type-product","3":"status-publish","4":"has-post-thumbnail","6":"product_cat-loki-un-sen","7":"product_cat-sens","9":"first","10":"instock","11":"taxable","12":"shipping-taxable","13":"purchasable","14":"product-type-simple"},"acf":[],"_links":{"self":[{"href":"https:\/\/kingarms.ee\/lv\/wp-json\/wp\/v2\/product\/151795","targetHints":{"allow":["GET"]}}],"collection":[{"href":"https:\/\/kingarms.ee\/lv\/wp-json\/wp\/v2\/product"}],"about":[{"href":"https:\/\/kingarms.ee\/lv\/wp-json\/wp\/v2\/types\/product"}],"wp:featuredmedia":[{"embeddable":true,"href":"https:\/\/kingarms.ee\/lv\/wp-json\/wp\/v2\/media\/113158"}],"wp:attachment":[{"href":"https:\/\/kingarms.ee\/lv\/wp-json\/wp\/v2\/media?parent=151795"}],"wp:term":[{"taxonomy":"product_brand","embeddable":true,"href":"https:\/\/kingarms.ee\/lv\/wp-json\/wp\/v2\/product_brand?post=151795"},{"taxonomy":"product_cat","embeddable":true,"href":"https:\/\/kingarms.ee\/lv\/wp-json\/wp\/v2\/product_cat?post=151795"},{"taxonomy":"product_tag","embeddable":true,"href":"https:\/\/kingarms.ee\/lv\/wp-json\/wp\/v2\/product_tag?post=151795"}],"curies":[{"name":"wp","href":"https:\/\/api.w.org\/{rel}","templated":true}]}}