{"id":151796,"date":"2020-06-01T16:20:00","date_gmt":"2025-07-05T11:57:01","guid":{"rendered":"https:\/\/kingarms.ee\/product\/cm15-kr-cqb-8-5-gg\/"},"modified":"2025-07-05T14:57:01","modified_gmt":"2025-07-05T11:57:01","slug":"cm15-kr-cqb-8-5-gg","status":"publish","type":"product","link":"https:\/\/kingarms.ee\/lv\/product\/cm15-kr-cqb-8-5-gg\/","title":{"rendered":"CM15 KR CQB 8.5 G&amp;G"},"content":{"rendered":"<p><a href=\"https:\/\/kingarms.ee\/wp-content\/uploads\/2020\/06\/gg-electric-rifle-cm15-kr-cqb-85-gg-kr15-cqb-300x300.jpg\"><img loading=\"lazy\" decoding=\"async\" class=\"alignnone size-medium\" src=\"https:\/\/kingarms.ee\/wp-content\/uploads\/2020\/06\/gg-electric-rifle-cm15-kr-cqb-85-gg-kr15-cqb-300x300.jpg\" alt=\"\" width=\"300\" height=\"300\"><\/a><\/p>\n","protected":false},"excerpt":{"rendered":"<p>CM15 KR CQB 8.5 G &amp; amp; G<br \/>\nElektrisk\u0101 \u0161autene cm15 kr-cqb 8.5&#8243;<br \/>\nAbs \u0137ermenis<br \/>\n450 k\u0101rtas \u017eurn\u0101ls<br \/>\n8.5 collas alum\u012bnija keymod dzelzce\u013ca sist\u0113ma<br \/>\nIevelkams kr\u0101jums<br \/>\nFlip-up apskates vietas<br \/>\nRegul\u0113jams hopup<br \/>\n18000 apgr. \/ min hi-griezes momenta gar\u0101s ass motors<br \/>\nAkumulators un akumulatora l\u0101d\u0113t\u0101js nav iek\u013cauts<br \/>\nGarums 685-770mm<br \/>\nSvars 2200g<\/p>\n","protected":false},"featured_media":122624,"template":"","meta":{"_acf_changed":false},"product_brand":[],"product_cat":[1001],"product_tag":[1317],"class_list":{"0":"post-151796","1":"product","2":"type-product","3":"status-publish","4":"has-post-thumbnail","6":"product_cat-tirdzniecibas-automati","7":"product_tag-4blss3ph-lv","9":"first","10":"onbackorder","11":"taxable","12":"shipping-taxable","13":"product-type-simple"},"acf":[],"_links":{"self":[{"href":"https:\/\/kingarms.ee\/lv\/wp-json\/wp\/v2\/product\/151796","targetHints":{"allow":["GET"]}}],"collection":[{"href":"https:\/\/kingarms.ee\/lv\/wp-json\/wp\/v2\/product"}],"about":[{"href":"https:\/\/kingarms.ee\/lv\/wp-json\/wp\/v2\/types\/product"}],"wp:featuredmedia":[{"embeddable":true,"href":"https:\/\/kingarms.ee\/lv\/wp-json\/wp\/v2\/media\/122624"}],"wp:attachment":[{"href":"https:\/\/kingarms.ee\/lv\/wp-json\/wp\/v2\/media?parent=151796"}],"wp:term":[{"taxonomy":"product_brand","embeddable":true,"href":"https:\/\/kingarms.ee\/lv\/wp-json\/wp\/v2\/product_brand?post=151796"},{"taxonomy":"product_cat","embeddable":true,"href":"https:\/\/kingarms.ee\/lv\/wp-json\/wp\/v2\/product_cat?post=151796"},{"taxonomy":"product_tag","embeddable":true,"href":"https:\/\/kingarms.ee\/lv\/wp-json\/wp\/v2\/product_tag?post=151796"}],"curies":[{"name":"wp","href":"https:\/\/api.w.org\/{rel}","templated":true}]}}