{"id":151798,"date":"2020-06-01T16:20:00","date_gmt":"2020-06-01T13:20:00","guid":{"rendered":"https:\/\/kingarms.ee\/product\/fire-hawk-hc05-gg\/"},"modified":"2025-07-05T14:58:48","modified_gmt":"2025-07-05T11:58:48","slug":"fire-hawk-hc05-gg","status":"publish","type":"product","link":"https:\/\/kingarms.ee\/lv\/product\/fire-hawk-hc05-gg\/","title":{"rendered":"FIRE HAWK HC05 G&amp;G"},"content":{"rendered":"<p><a href=\"https:\/\/kingarms.ee\/wp-content\/uploads\/2020\/06\/gg-electric-rifle-fire-hawk-hc05-high-cycle-ggfh-hc-300x300.jpg\"><img loading=\"lazy\" decoding=\"async\" class=\"alignnone size-medium\" src=\"https:\/\/kingarms.ee\/wp-content\/uploads\/2020\/06\/gg-electric-rifle-fire-hawk-hc05-high-cycle-ggfh-hc-300x300.jpg\" alt=\"\" width=\"300\" height=\"300\"><\/a><\/p>\n","protected":false},"excerpt":{"rendered":"<p>FIRE HAWK HC05 G&amp;G<\/p>\n<p>Jauna augsta cikla versija<br \/>\nUgunsgr\u0113ka \u0101trums: 29 \u0161\u0101vieni sekund\u0113<br \/>\nNeilona \u0161\u0137iedras korpuss<br \/>\n300 patronu \u017eurn\u0101ls<br \/>\nFlip-up skata ier\u012bces<br \/>\nIevelkams kr\u0101jums<\/p>\n<p>Uguns re\u017e\u012bms: dro\u0161a un pilna auto (semi-auto nav pieejams \u0161aj\u0101 versij\u0101)<br \/>\n18000 apgr. \/ min hi-griezes momenta gar\u0101s ass motors<br \/>\nPastiprin\u0101ti p\u0101rnesumi un preto\u0161an\u0101s<br \/>\nPilna t\u0113rauda zobu virzulis<br \/>\n8mm keramikas bukses<br \/>\nRegul\u0113jama met\u0101la api\u0146u Kamera<br \/>\nIeteicamais 11.1 v li-po akumulators (nav iek\u013cauts komplekt\u0101)<br \/>\nGarums 543mm-625mm<br \/>\nSvars 2260g<br \/>\nMelna kr\u0101sa<\/p>\n<p>Akumulators un akumulatora l\u0101d\u0113t\u0101js nav iek\u013cauts<\/p>\n","protected":false},"featured_media":153306,"template":"","meta":{"_acf_changed":false},"product_brand":[],"product_cat":[1001],"product_tag":[1317],"class_list":{"0":"post-151798","1":"product","2":"type-product","3":"status-publish","4":"has-post-thumbnail","6":"product_cat-tirdzniecibas-automati","7":"product_tag-4blss3ph-lv","9":"first","10":"onbackorder","11":"taxable","12":"shipping-taxable","13":"product-type-simple"},"acf":[],"_links":{"self":[{"href":"https:\/\/kingarms.ee\/lv\/wp-json\/wp\/v2\/product\/151798","targetHints":{"allow":["GET"]}}],"collection":[{"href":"https:\/\/kingarms.ee\/lv\/wp-json\/wp\/v2\/product"}],"about":[{"href":"https:\/\/kingarms.ee\/lv\/wp-json\/wp\/v2\/types\/product"}],"wp:featuredmedia":[{"embeddable":true,"href":"https:\/\/kingarms.ee\/lv\/wp-json\/wp\/v2\/media\/153306"}],"wp:attachment":[{"href":"https:\/\/kingarms.ee\/lv\/wp-json\/wp\/v2\/media?parent=151798"}],"wp:term":[{"taxonomy":"product_brand","embeddable":true,"href":"https:\/\/kingarms.ee\/lv\/wp-json\/wp\/v2\/product_brand?post=151798"},{"taxonomy":"product_cat","embeddable":true,"href":"https:\/\/kingarms.ee\/lv\/wp-json\/wp\/v2\/product_cat?post=151798"},{"taxonomy":"product_tag","embeddable":true,"href":"https:\/\/kingarms.ee\/lv\/wp-json\/wp\/v2\/product_tag?post=151798"}],"curies":[{"name":"wp","href":"https:\/\/api.w.org\/{rel}","templated":true}]}}