{"id":151799,"date":"2020-06-01T16:20:00","date_gmt":"2020-06-01T13:20:00","guid":{"rendered":"https:\/\/kingarms.ee\/product\/cm47-iws-etu-gg\/"},"modified":"2025-07-05T14:59:25","modified_gmt":"2025-07-05T11:59:25","slug":"cm47-iws-etu-gg","status":"publish","type":"product","link":"https:\/\/kingarms.ee\/lv\/product\/cm47-iws-etu-gg\/","title":{"rendered":"CM47 IWS ETU G&amp;G"},"content":{"rendered":"<p><a href=\"https:\/\/kingarms.ee\/wp-content\/uploads\/2020\/06\/gg-electric-rifle-cm47-iws-etu-gg-cm47-300x300.jpg\"><img loading=\"lazy\" decoding=\"async\" class=\"alignnone size-medium\" src=\"https:\/\/kingarms.ee\/wp-content\/uploads\/2020\/06\/gg-electric-rifle-cm47-iws-etu-gg-cm47-300x300.jpg\" alt=\"\" width=\"300\" height=\"300\"><\/a><\/p>\n","protected":false},"excerpt":{"rendered":"<p>CM47 IWS ETU G &amp; amp; G<br \/>\nZema v\u0101ci\u0146a met\u0101la 60 k\u0101rtu \u017durn\u0101ls<br \/>\nPolim\u0113ru apak\u0161\u0113jais uztv\u0113r\u0113js (koksnes imit\u0101cija, rokturis un rokas aizsargs)<br \/>\nMet\u0101la muca, Aug\u0161\u0113jais uztv\u0113r\u0113js un iek\u0161\u0113j\u0101s da\u013cas<br \/>\nRegul\u0113jami t\u0113m\u0113k\u013ci<br \/>\nRegul\u0113jams hop up<br \/>\nUguns re\u017e\u012bms: dro\u0161s, da\u013c\u0113ji un pilns auto (3 k\u0101rtas p\u0101rspr\u0101gt konfigur\u0113jams)<br \/>\nAugsta griezes momenta \u012bsa ass 18000rpm Motors<br \/>\n6mm gult\u0146u P\u0101rnesumk\u0101rba<br \/>\nEtu un mosfet<br \/>\nAkumulatora nodal\u012bjums noliktav\u0101<br \/>\nGarums: 890mm<br \/>\nSvars: 2240g<br \/>\nAkumulators un akumulatora l\u0101d\u0113t\u0101js nav iek\u013cauts<\/p>\n","protected":false},"featured_media":154733,"template":"","meta":{"_acf_changed":false},"product_brand":[],"product_cat":[1001],"product_tag":[1317],"class_list":{"0":"post-151799","1":"product","2":"type-product","3":"status-publish","4":"has-post-thumbnail","6":"product_cat-tirdzniecibas-automati","7":"product_tag-4blss3ph-lv","9":"first","10":"onbackorder","11":"taxable","12":"shipping-taxable","13":"product-type-simple"},"acf":[],"_links":{"self":[{"href":"https:\/\/kingarms.ee\/lv\/wp-json\/wp\/v2\/product\/151799","targetHints":{"allow":["GET"]}}],"collection":[{"href":"https:\/\/kingarms.ee\/lv\/wp-json\/wp\/v2\/product"}],"about":[{"href":"https:\/\/kingarms.ee\/lv\/wp-json\/wp\/v2\/types\/product"}],"wp:featuredmedia":[{"embeddable":true,"href":"https:\/\/kingarms.ee\/lv\/wp-json\/wp\/v2\/media\/154733"}],"wp:attachment":[{"href":"https:\/\/kingarms.ee\/lv\/wp-json\/wp\/v2\/media?parent=151799"}],"wp:term":[{"taxonomy":"product_brand","embeddable":true,"href":"https:\/\/kingarms.ee\/lv\/wp-json\/wp\/v2\/product_brand?post=151799"},{"taxonomy":"product_cat","embeddable":true,"href":"https:\/\/kingarms.ee\/lv\/wp-json\/wp\/v2\/product_cat?post=151799"},{"taxonomy":"product_tag","embeddable":true,"href":"https:\/\/kingarms.ee\/lv\/wp-json\/wp\/v2\/product_tag?post=151799"}],"curies":[{"name":"wp","href":"https:\/\/api.w.org\/{rel}","templated":true}]}}