{"id":151852,"date":"2020-06-01T16:20:00","date_gmt":"2020-06-01T13:20:00","guid":{"rendered":"https:\/\/kingarms.ee\/product\/gmg42-gg\/"},"modified":"2025-07-05T15:36:22","modified_gmt":"2025-07-05T12:36:22","slug":"gmg42-gg","status":"publish","type":"product","link":"https:\/\/kingarms.ee\/lv\/product\/gmg42-gg\/","title":{"rendered":"GMG42 G&amp;G"},"content":{"rendered":"<p><a href=\"https:\/\/kingarms.ee\/wp-content\/uploads\/2020\/06\/gg-electric-rifle-gmg42-gg-gmg42-300x300.jpg\"><img loading=\"lazy\" decoding=\"async\" class=\"alignnone size-medium\" src=\"https:\/\/kingarms.ee\/wp-content\/uploads\/2020\/06\/gg-electric-rifle-gmg42-gg-gmg42-300x300.jpg\" alt=\"\" width=\"300\" height=\"300\"><\/a><\/p>\n","protected":false},"excerpt":{"rendered":"<p>GMG42 G&amp;G<\/p>\n<p>Mg 42-maschinengewehr 42 reprodukcija (Otrais pasaules kar\u0161)<br \/>\nPilns met\u0101ls ar \u012bstu koka rokturi un kr\u0101jumu<br \/>\n1700 k\u0101rtas elektrisk\u0101 autom\u0101tisk\u0101 tinuma bungu \u017durn\u0101ls<br \/>\nPilna met\u0101la Regul\u0113jams un salok\u0101ms bipod<br \/>\nFlip-up priek\u0161\u0113jais skats<br \/>\nRegul\u0113jams aizmugures skats<\/p>\n<p>\u0100tri p\u0101rne\u0161ana \u0101r\u0113j\u0101 barelu<br \/>\n\u0100tri no\u0146emama P\u0101rnesumk\u0101rba<br \/>\nRegul\u0113jams hop up<br \/>\nRe\u0101listisks uzl\u0101des rokturis<br \/>\nUguns re\u017e\u012bms: dro\u0161\u012bba, pilna auto<br \/>\nIek\u013cauta viltus lodes \u0137\u0113de<br \/>\nAugsta griezes momenta gar\u0101 ass 25000rpm Motors<br \/>\n10mm misi\u0146a bukses \u0101trumk\u0101rba<br \/>\nGarums 1230mm<br \/>\nSvars 10000g<br \/>\nAkumulators un akumulatora l\u0101d\u0113t\u0101js nav iek\u013cauts<\/p>\n","protected":false},"featured_media":155018,"template":"","meta":{"_acf_changed":false},"product_brand":[],"product_cat":[1001],"product_tag":[1317],"class_list":{"0":"post-151852","1":"product","2":"type-product","3":"status-publish","4":"has-post-thumbnail","6":"product_cat-tirdzniecibas-automati","7":"product_tag-4blss3ph-lv","9":"first","10":"onbackorder","11":"taxable","12":"shipping-taxable","13":"product-type-simple"},"acf":[],"_links":{"self":[{"href":"https:\/\/kingarms.ee\/lv\/wp-json\/wp\/v2\/product\/151852","targetHints":{"allow":["GET"]}}],"collection":[{"href":"https:\/\/kingarms.ee\/lv\/wp-json\/wp\/v2\/product"}],"about":[{"href":"https:\/\/kingarms.ee\/lv\/wp-json\/wp\/v2\/types\/product"}],"wp:featuredmedia":[{"embeddable":true,"href":"https:\/\/kingarms.ee\/lv\/wp-json\/wp\/v2\/media\/155018"}],"wp:attachment":[{"href":"https:\/\/kingarms.ee\/lv\/wp-json\/wp\/v2\/media?parent=151852"}],"wp:term":[{"taxonomy":"product_brand","embeddable":true,"href":"https:\/\/kingarms.ee\/lv\/wp-json\/wp\/v2\/product_brand?post=151852"},{"taxonomy":"product_cat","embeddable":true,"href":"https:\/\/kingarms.ee\/lv\/wp-json\/wp\/v2\/product_cat?post=151852"},{"taxonomy":"product_tag","embeddable":true,"href":"https:\/\/kingarms.ee\/lv\/wp-json\/wp\/v2\/product_tag?post=151852"}],"curies":[{"name":"wp","href":"https:\/\/api.w.org\/{rel}","templated":true}]}}