{"id":151855,"date":"2020-06-01T16:20:00","date_gmt":"2020-06-01T13:20:00","guid":{"rendered":"https:\/\/kingarms.ee\/product\/pwd15-cqb-gg\/"},"modified":"2025-07-05T15:41:58","modified_gmt":"2025-07-05T12:41:58","slug":"pwd15-cqb-gg","status":"publish","type":"product","link":"https:\/\/kingarms.ee\/lv\/product\/pwd15-cqb-gg\/","title":{"rendered":"PWD15 CQB G&amp;G"},"content":{"rendered":"<p><a href=\"https:\/\/kingarms.ee\/wp-content\/uploads\/2020\/06\/gg-electric-rifle-pwd15-cqb-gg-pdw15-cqb-300x300.jpg\"><img loading=\"lazy\" decoding=\"async\" class=\"alignnone size-medium\" src=\"https:\/\/kingarms.ee\/wp-content\/uploads\/2020\/06\/gg-electric-rifle-pwd15-cqb-gg-pdw15-cqb-300x300.jpg\" alt=\"\" width=\"300\" height=\"300\"><\/a><\/p>\n","protected":false},"excerpt":{"rendered":"<p>PWD15 CQB G&amp;G<\/p>\n<p>Pilna met\u0101la korpuss<br \/>\nKeymod dzelzce\u013ca sist\u0113ma<br \/>\n300rds \u017durn\u0101ls<br \/>\nSalok\u0101mi un regul\u0113jami t\u0113m\u0113k\u013ci<br \/>\nRegul\u0113jams hopup<br \/>\nRegul\u0113jams pdw kr\u0101jums<br \/>\n25000 apgr. \/ min hi-griezes momenta gar\u0101s ass motors<br \/>\nGarums 780mm-870mm<br \/>\nSvars 2500g<br \/>\nAkumulators un akumulatora l\u0101d\u0113t\u0101js nav iek\u013cauts<\/p>\n","protected":false},"featured_media":153239,"template":"","meta":{"_acf_changed":false},"product_brand":[],"product_cat":[1001],"product_tag":[1317],"class_list":{"0":"post-151855","1":"product","2":"type-product","3":"status-publish","4":"has-post-thumbnail","6":"product_cat-tirdzniecibas-automati","7":"product_tag-4blss3ph-lv","9":"first","10":"instock","11":"sale","12":"taxable","13":"shipping-taxable","14":"purchasable","15":"product-type-simple"},"acf":[],"_links":{"self":[{"href":"https:\/\/kingarms.ee\/lv\/wp-json\/wp\/v2\/product\/151855","targetHints":{"allow":["GET"]}}],"collection":[{"href":"https:\/\/kingarms.ee\/lv\/wp-json\/wp\/v2\/product"}],"about":[{"href":"https:\/\/kingarms.ee\/lv\/wp-json\/wp\/v2\/types\/product"}],"wp:featuredmedia":[{"embeddable":true,"href":"https:\/\/kingarms.ee\/lv\/wp-json\/wp\/v2\/media\/153239"}],"wp:attachment":[{"href":"https:\/\/kingarms.ee\/lv\/wp-json\/wp\/v2\/media?parent=151855"}],"wp:term":[{"taxonomy":"product_brand","embeddable":true,"href":"https:\/\/kingarms.ee\/lv\/wp-json\/wp\/v2\/product_brand?post=151855"},{"taxonomy":"product_cat","embeddable":true,"href":"https:\/\/kingarms.ee\/lv\/wp-json\/wp\/v2\/product_cat?post=151855"},{"taxonomy":"product_tag","embeddable":true,"href":"https:\/\/kingarms.ee\/lv\/wp-json\/wp\/v2\/product_tag?post=151855"}],"curies":[{"name":"wp","href":"https:\/\/api.w.org\/{rel}","templated":true}]}}