{"id":151859,"date":"2020-06-01T16:20:00","date_gmt":"2020-06-01T13:20:00","guid":{"rendered":"https:\/\/kingarms.ee\/product\/tr16-mbr-308wh-gg\/"},"modified":"2025-07-05T15:46:46","modified_gmt":"2025-07-05T12:46:46","slug":"tr16-mbr-308wh-gg","status":"publish","type":"product","link":"https:\/\/kingarms.ee\/lv\/product\/tr16-mbr-308wh-gg\/","title":{"rendered":"TR16 MBR 308WH G&amp;G"},"content":{"rendered":"<p><a href=\"https:\/\/kingarms.ee\/wp-content\/uploads\/2020\/06\/gg-armament-electric-rifle-tr16-mbr-308wh-gg-308wh-300x300.jpg\"><img loading=\"lazy\" decoding=\"async\" class=\"alignnone size-medium\" src=\"https:\/\/kingarms.ee\/wp-content\/uploads\/2020\/06\/gg-armament-electric-rifle-tr16-mbr-308wh-gg-308wh-300x300.jpg\" alt=\"\" width=\"300\" height=\"300\"><\/a><\/p>\n","protected":false},"excerpt":{"rendered":"<p>TR16 MBR 308WH G&amp;G<\/p>\n<p>Pilna met\u0101la korpuss<br \/>\n40 k\u0101rtas \u017eurn\u0101ls<br \/>\nKeymod alum\u012bnija rokas aizsargs<br \/>\nIevelkams kr\u0101jums<br \/>\nFlip-up sights<br \/>\nRegul\u0113jams hopup<br \/>\nMosfet un etu<br \/>\nG2 sist\u0113ma<br \/>\n25000 apgr. \/ min hi-griezes momenta gar\u0101s ass motors<br \/>\nAkumulators un akumulatora l\u0101d\u0113t\u0101js nav iek\u013cauts<br \/>\nGarums 860-950mm<br \/>\nSvars 3000g<\/p>\n","protected":false},"featured_media":154916,"template":"","meta":{"_acf_changed":false},"product_brand":[],"product_cat":[1001],"product_tag":[1317],"class_list":{"0":"post-151859","1":"product","2":"type-product","3":"status-publish","4":"has-post-thumbnail","6":"product_cat-tirdzniecibas-automati","7":"product_tag-4blss3ph-lv","9":"first","10":"onbackorder","11":"sale","12":"taxable","13":"shipping-taxable","14":"product-type-simple"},"acf":[],"_links":{"self":[{"href":"https:\/\/kingarms.ee\/lv\/wp-json\/wp\/v2\/product\/151859","targetHints":{"allow":["GET"]}}],"collection":[{"href":"https:\/\/kingarms.ee\/lv\/wp-json\/wp\/v2\/product"}],"about":[{"href":"https:\/\/kingarms.ee\/lv\/wp-json\/wp\/v2\/types\/product"}],"wp:featuredmedia":[{"embeddable":true,"href":"https:\/\/kingarms.ee\/lv\/wp-json\/wp\/v2\/media\/154916"}],"wp:attachment":[{"href":"https:\/\/kingarms.ee\/lv\/wp-json\/wp\/v2\/media?parent=151859"}],"wp:term":[{"taxonomy":"product_brand","embeddable":true,"href":"https:\/\/kingarms.ee\/lv\/wp-json\/wp\/v2\/product_brand?post=151859"},{"taxonomy":"product_cat","embeddable":true,"href":"https:\/\/kingarms.ee\/lv\/wp-json\/wp\/v2\/product_cat?post=151859"},{"taxonomy":"product_tag","embeddable":true,"href":"https:\/\/kingarms.ee\/lv\/wp-json\/wp\/v2\/product_tag?post=151859"}],"curies":[{"name":"wp","href":"https:\/\/api.w.org\/{rel}","templated":true}]}}