{"id":151860,"date":"2020-06-01T16:20:00","date_gmt":"2020-06-01T13:20:00","guid":{"rendered":"https:\/\/kingarms.ee\/product\/type-57-wood-etu-gg\/"},"modified":"2025-07-05T15:47:40","modified_gmt":"2025-07-05T12:47:40","slug":"type-57-wood-etu-gg","status":"publish","type":"product","link":"https:\/\/kingarms.ee\/lv\/product\/type-57-wood-etu-gg\/","title":{"rendered":"TYPE 57 WOOD ETU G&amp;G"},"content":{"rendered":"<p><a href=\"https:\/\/kingarms.ee\/wp-content\/uploads\/2020\/06\/gg-electric-rifle-type-57-wood-etu-gg-gr14-300x300.jpg\"><img loading=\"lazy\" decoding=\"async\" class=\"alignnone size-medium\" src=\"https:\/\/kingarms.ee\/wp-content\/uploads\/2020\/06\/gg-electric-rifle-type-57-wood-etu-gg-gr14-300x300.jpg\" alt=\"\" width=\"300\" height=\"300\"><\/a><\/p>\n","protected":false},"excerpt":{"rendered":"<p>TYPE 57 WOOD ETU G&amp;G<\/p>\n<p>Pilna met\u0101la un \u012bsta koka<br \/>\nHi-cap 470 k\u0101rtu \u017durn\u0101ls<br \/>\nRegul\u0113jams aizmugures skats<br \/>\nRegul\u0113jams hop up<br \/>\nUguns re\u017e\u012bms: dro\u0161s, viens \u0161\u0101viens un p\u0101rspr\u0101gt<br \/>\nAkumulatora nodal\u012bjums noliktav\u0101<br \/>\nGarums: 1120mm<br \/>\nSvars: 4100g<br \/>\nAkumulators un akumulatora l\u0101d\u0113t\u0101js nav iek\u013cauts<\/p>\n","protected":false},"featured_media":155076,"template":"","meta":{"_acf_changed":false},"product_brand":[],"product_cat":[1003],"product_tag":[1317],"class_list":{"0":"post-151860","1":"product","2":"type-product","3":"status-publish","4":"has-post-thumbnail","6":"product_cat-snaipera-pistoles","7":"product_tag-4blss3ph-lv","9":"first","10":"onbackorder","11":"taxable","12":"shipping-taxable","13":"product-type-simple"},"acf":[],"_links":{"self":[{"href":"https:\/\/kingarms.ee\/lv\/wp-json\/wp\/v2\/product\/151860","targetHints":{"allow":["GET"]}}],"collection":[{"href":"https:\/\/kingarms.ee\/lv\/wp-json\/wp\/v2\/product"}],"about":[{"href":"https:\/\/kingarms.ee\/lv\/wp-json\/wp\/v2\/types\/product"}],"wp:featuredmedia":[{"embeddable":true,"href":"https:\/\/kingarms.ee\/lv\/wp-json\/wp\/v2\/media\/155076"}],"wp:attachment":[{"href":"https:\/\/kingarms.ee\/lv\/wp-json\/wp\/v2\/media?parent=151860"}],"wp:term":[{"taxonomy":"product_brand","embeddable":true,"href":"https:\/\/kingarms.ee\/lv\/wp-json\/wp\/v2\/product_brand?post=151860"},{"taxonomy":"product_cat","embeddable":true,"href":"https:\/\/kingarms.ee\/lv\/wp-json\/wp\/v2\/product_cat?post=151860"},{"taxonomy":"product_tag","embeddable":true,"href":"https:\/\/kingarms.ee\/lv\/wp-json\/wp\/v2\/product_tag?post=151860"}],"curies":[{"name":"wp","href":"https:\/\/api.w.org\/{rel}","templated":true}]}}