{"id":151905,"date":"2020-03-06T15:38:02","date_gmt":"2025-07-05T16:54:33","guid":{"rendered":"https:\/\/kingarms.ee\/product\/arp9-gg\/"},"modified":"2025-07-05T19:54:33","modified_gmt":"2025-07-05T16:54:33","slug":"arp9-gg","status":"publish","type":"product","link":"https:\/\/kingarms.ee\/lv\/product\/arp9-gg\/","title":{"rendered":"ARP9 (G&amp;G)"},"content":{"rendered":"<p>ARP9 (G&amp;G)<\/p>\n<p>Kompakts un viegls airsoft autom\u0101tiskais ierocis ARP 9 no G&amp;G. ierocis ir apvienots ar AR-15 \u0161autenes korpusu un iegarenu papl\u0101tes kasetni ar 9 mm standarta apr\u012bkojum\u0101. Iesniegtais modelis ir ide\u0101li piem\u0113rots tuviem att\u0101lumiem un sl\u0113gt\u0101s telp\u0101s, piem\u0113ram, \u0161aur\u0101s koridoros un telp\u0101s (t\u0101 saukt\u0101 CQB). Turkl\u0101t ARP 9 ir lieliska iesp\u0113ja ies\u0101c\u0113ju sp\u0113l\u0113t\u0101jiem un jaunie\u0161iem, kuriem ir gr\u016bti r\u012bkoties ar lielgabar\u012bta \u0161auten\u0113m.   <\/p>\n<p>P\u0101rnesumk\u0101rba 2 ir uzst\u0101d\u012bta. Ierocis \u013cauj m\u0113r\u0137tiec\u012bgi \u0161aut l\u012bdz 50 metru att\u0101lum\u0101. \u0160au\u0161anas \u0101trums: l\u012bdz 850 bumbi\u0146\u0101m min\u016bt\u0113. S\u0101kotn\u0113jais lodes izejas \u0101trums sasniedz 123 m\/s. ierocis ir \u013coti kompakts. ARP 9 lielgabala svars ir tikai 2 kg. Kop\u0113jais garums ir 590 mm, un kaba saloc\u012bt\u0101 st\u0101vokl\u012b &#8211; 500 mm.      <\/p>\n<p>Komplekt\u0101 ietilpst papl\u0101te ar ietilp\u012bbu 300 bumbi\u0146as.<\/p>\n","protected":false},"excerpt":{"rendered":"<p>ARP9 (G&amp;G)<\/p>\n<p>Kompakts un viegls airsoft autom\u0101tiskais ierocis ARP 9 no G&amp;G. ierocis ir apvienots ar AR-15 \u0161autenes korpusu un iegarenu papl\u0101tes kasetni ar 9 mm standarta apr\u012bkojum\u0101. Iesniegtais modelis ir ide\u0101li piem\u0113rots tuviem att\u0101lumiem un sl\u0113gt\u0101s telp\u0101s, piem\u0113ram, \u0161aur\u0101s koridoros un telp\u0101s (t\u0101 saukt\u0101 CQB). Turkl\u0101t ARP 9 ir lieliska iesp\u0113ja ies\u0101c\u0113ju sp\u0113l\u0113t\u0101jiem un jaunie\u0161iem, kuriem ir gr\u016bti r\u012bkoties ar lielgabar\u012bta \u0161auten\u0113m.   <\/p>\n<p>P\u0101rnesumk\u0101rba 2 ir uzst\u0101d\u012bta. Ierocis \u013cauj m\u0113r\u0137tiec\u012bgi \u0161aut l\u012bdz 50 metru att\u0101lum\u0101. \u0160au\u0161anas \u0101trums: l\u012bdz 850 bumbi\u0146\u0101m min\u016bt\u0113. S\u0101kotn\u0113jais lodes izejas \u0101trums sasniedz 123 m\/s. ierocis ir \u013coti kompakts. ARP 9 lielgabala svars ir tikai 2 kg. Kop\u0113jais garums ir 590 mm, un kaba saloc\u012bt\u0101 st\u0101vokl\u012b &#8211; 500 mm.      <\/p>\n<p>Komplekt\u0101 ietilpst papl\u0101te ar ietilp\u012bbu 300 bumbi\u0146as.<\/p>\n","protected":false},"featured_media":112110,"template":"","meta":{"_acf_changed":false},"product_brand":[],"product_cat":[1001],"product_tag":[1317],"class_list":{"0":"post-151905","1":"product","2":"type-product","3":"status-publish","4":"has-post-thumbnail","6":"product_cat-tirdzniecibas-automati","7":"product_tag-4blss3ph-lv","9":"first","10":"instock","11":"sale","12":"taxable","13":"shipping-taxable","14":"purchasable","15":"product-type-simple"},"acf":[],"_links":{"self":[{"href":"https:\/\/kingarms.ee\/lv\/wp-json\/wp\/v2\/product\/151905","targetHints":{"allow":["GET"]}}],"collection":[{"href":"https:\/\/kingarms.ee\/lv\/wp-json\/wp\/v2\/product"}],"about":[{"href":"https:\/\/kingarms.ee\/lv\/wp-json\/wp\/v2\/types\/product"}],"wp:featuredmedia":[{"embeddable":true,"href":"https:\/\/kingarms.ee\/lv\/wp-json\/wp\/v2\/media\/112110"}],"wp:attachment":[{"href":"https:\/\/kingarms.ee\/lv\/wp-json\/wp\/v2\/media?parent=151905"}],"wp:term":[{"taxonomy":"product_brand","embeddable":true,"href":"https:\/\/kingarms.ee\/lv\/wp-json\/wp\/v2\/product_brand?post=151905"},{"taxonomy":"product_cat","embeddable":true,"href":"https:\/\/kingarms.ee\/lv\/wp-json\/wp\/v2\/product_cat?post=151905"},{"taxonomy":"product_tag","embeddable":true,"href":"https:\/\/kingarms.ee\/lv\/wp-json\/wp\/v2\/product_tag?post=151905"}],"curies":[{"name":"wp","href":"https:\/\/api.w.org\/{rel}","templated":true}]}}