{"id":151906,"date":"2020-03-04T20:28:41","date_gmt":"2025-07-05T16:55:19","guid":{"rendered":"https:\/\/kingarms.ee\/product\/baofeng-austinas\/"},"modified":"2025-07-05T19:55:19","modified_gmt":"2025-07-05T16:55:19","slug":"baofeng-austinas","status":"publish","type":"product","link":"https:\/\/kingarms.ee\/lv\/product\/baofeng-austinas\/","title":{"rendered":"Baofeng austi\u0146as"},"content":{"rendered":"<p><a href=\"https:\/\/kingarms.ee\/wp-content\/uploads\/2020\/03\/baofeng-earphone-with-mic-and-ptt-standard-version-bf-ear1-300x300.jpg\"><img loading=\"lazy\" decoding=\"async\" class=\"alignnone size-medium wp-image-25684\" src=\"https:\/\/kingarms.ee\/wp-content\/uploads\/2020\/03\/baofeng-earphone-with-mic-and-ptt-standard-version-bf-ear1-300x300.jpg\" alt=\"\" width=\"300\" height=\"300\" srcset=\"https:\/\/kingarms.ee\/wp-content\/uploads\/2020\/03\/baofeng-earphone-with-mic-and-ptt-standard-version-bf-ear1-300x300.jpg 300w, https:\/\/kingarms.ee\/wp-content\/uploads\/2020\/03\/baofeng-earphone-with-mic-and-ptt-standard-version-bf-ear1-150x150.jpg 150w, https:\/\/kingarms.ee\/wp-content\/uploads\/2020\/03\/baofeng-earphone-with-mic-and-ptt-standard-version-bf-ear1-500x500.jpg 500w, https:\/\/kingarms.ee\/wp-content\/uploads\/2020\/03\/baofeng-earphone-with-mic-and-ptt-standard-version-bf-ear1-768x768.jpg 768w, https:\/\/kingarms.ee\/wp-content\/uploads\/2020\/03\/baofeng-earphone-with-mic-and-ptt-standard-version-bf-ear1.jpg 1000w\" sizes=\"auto, (max-width: 300px) 100vw, 300px\" \/><\/a><\/p>\n","protected":false},"excerpt":{"rendered":"<p>Mikrofons un austi\u0146as-Baofeng r\u0101cijas klausule. Piestiprina ap ausu.<\/p>\n<p>Iek\u013cauts ar\u012b klips piestiprin\u0101\u0161anai pie dr\u0113b\u0113m.<\/p>\n","protected":false},"featured_media":112095,"template":"","meta":{"_acf_changed":false},"product_brand":[],"product_cat":[1124],"product_tag":[],"class_list":{"0":"post-151906","1":"product","2":"type-product","3":"status-publish","4":"has-post-thumbnail","6":"product_cat-piederumi-lv","8":"first","9":"instock","10":"taxable","11":"shipping-taxable","12":"purchasable","13":"product-type-simple"},"acf":[],"_links":{"self":[{"href":"https:\/\/kingarms.ee\/lv\/wp-json\/wp\/v2\/product\/151906","targetHints":{"allow":["GET"]}}],"collection":[{"href":"https:\/\/kingarms.ee\/lv\/wp-json\/wp\/v2\/product"}],"about":[{"href":"https:\/\/kingarms.ee\/lv\/wp-json\/wp\/v2\/types\/product"}],"wp:featuredmedia":[{"embeddable":true,"href":"https:\/\/kingarms.ee\/lv\/wp-json\/wp\/v2\/media\/112095"}],"wp:attachment":[{"href":"https:\/\/kingarms.ee\/lv\/wp-json\/wp\/v2\/media?parent=151906"}],"wp:term":[{"taxonomy":"product_brand","embeddable":true,"href":"https:\/\/kingarms.ee\/lv\/wp-json\/wp\/v2\/product_brand?post=151906"},{"taxonomy":"product_cat","embeddable":true,"href":"https:\/\/kingarms.ee\/lv\/wp-json\/wp\/v2\/product_cat?post=151906"},{"taxonomy":"product_tag","embeddable":true,"href":"https:\/\/kingarms.ee\/lv\/wp-json\/wp\/v2\/product_tag?post=151906"}],"curies":[{"name":"wp","href":"https:\/\/api.w.org\/{rel}","templated":true}]}}