{"id":151929,"date":"2018-12-05T19:11:46","date_gmt":"2025-07-06T10:40:01","guid":{"rendered":"https:\/\/kingarms.ee\/product\/m84-borner\/"},"modified":"2025-07-06T13:40:01","modified_gmt":"2025-07-06T10:40:01","slug":"m84-borner","status":"publish","type":"product","link":"https:\/\/kingarms.ee\/lv\/product\/m84-borner\/","title":{"rendered":"M84 (Borner)<br><br>"},"content":{"rendered":"<p><a href=\"https:\/\/kingarms.ee\/wp-content\/uploads\/2018\/12\/products-img_4943_%D0%BD%D0%BE%D0%B2%D1%8B%D0%B9-%D1%80%D0%B0%D0%B7%D0%BC%D0%B5%D1%80.jpg\"><img loading=\"lazy\" decoding=\"async\" class=\"alignnone size-medium wp-image-10778\" src=\"https:\/\/kingarms.ee\/wp-content\/uploads\/2018\/12\/products-img_4943_%D0%BD%D0%BE%D0%B2%D1%8B%D0%B9-%D1%80%D0%B0%D0%B7%D0%BC%D0%B5%D1%80-300x193.jpg\" alt=\"\" width=\"300\" height=\"193\"><\/a><\/p>\n","protected":false},"excerpt":{"rendered":"<p>M84 (Borner)<\/p>\n<p>V\u00f5imalikud kaliibrid: cal. 4,5 mm (.177) t\u0113rauda BB<\/p>\n<p>Materi\u0101ls: Korpuss: met\u0101la sakaus\u0113jums<\/p>\n<p>Sist\u0113ma: CO2 balons<\/p>\n<p>L\u0101di\u0146i: T\u0113rauda BBs<\/p>\n<p>Kasetnes papl\u0101tes ietilp\u012bba: 19 BBs<\/p>\n<p>Ener\u0123ija: &lt; 3.0 dzouli<\/p>\n<p>S\u0101kotn\u0113jais \u0101trums: 120 m \/ s<\/p>\n<p>Svars (g): 730<\/p>\n","protected":false},"featured_media":108115,"template":"","meta":{"_acf_changed":false},"product_brand":[],"product_cat":[1004,1005],"product_tag":[],"class_list":{"0":"post-151929","1":"product","2":"type-product","3":"status-publish","4":"has-post-thumbnail","6":"product_cat-lidmasinas","7":"product_cat-rokas-pistoles-lv","9":"first","10":"instock","11":"taxable","12":"shipping-taxable","13":"purchasable","14":"product-type-simple"},"acf":[],"_links":{"self":[{"href":"https:\/\/kingarms.ee\/lv\/wp-json\/wp\/v2\/product\/151929","targetHints":{"allow":["GET"]}}],"collection":[{"href":"https:\/\/kingarms.ee\/lv\/wp-json\/wp\/v2\/product"}],"about":[{"href":"https:\/\/kingarms.ee\/lv\/wp-json\/wp\/v2\/types\/product"}],"wp:featuredmedia":[{"embeddable":true,"href":"https:\/\/kingarms.ee\/lv\/wp-json\/wp\/v2\/media\/108115"}],"wp:attachment":[{"href":"https:\/\/kingarms.ee\/lv\/wp-json\/wp\/v2\/media?parent=151929"}],"wp:term":[{"taxonomy":"product_brand","embeddable":true,"href":"https:\/\/kingarms.ee\/lv\/wp-json\/wp\/v2\/product_brand?post=151929"},{"taxonomy":"product_cat","embeddable":true,"href":"https:\/\/kingarms.ee\/lv\/wp-json\/wp\/v2\/product_cat?post=151929"},{"taxonomy":"product_tag","embeddable":true,"href":"https:\/\/kingarms.ee\/lv\/wp-json\/wp\/v2\/product_tag?post=151929"}],"curies":[{"name":"wp","href":"https:\/\/api.w.org\/{rel}","templated":true}]}}