{"id":151930,"date":"2018-12-05T16:20:37","date_gmt":"2025-07-06T10:43:27","guid":{"rendered":"https:\/\/kingarms.ee\/product\/sports-306-borner\/"},"modified":"2025-07-06T13:43:27","modified_gmt":"2025-07-06T10:43:27","slug":"sports-306-borner","status":"publish","type":"product","link":"https:\/\/kingarms.ee\/lv\/product\/sports-306-borner\/","title":{"rendered":"Sports 306 (Borner)<br><br>"},"content":{"rendered":"<p><a href=\"https:\/\/kingarms.ee\/wp-content\/uploads\/2018\/12\/products-img_4818_%D0%BD%D0%BE%D0%B2%D1%8B%D0%B9-%D1%80%D0%B0%D0%B7%D0%BC%D0%B5%D1%80.jpg\"><img loading=\"lazy\" decoding=\"async\" class=\"alignnone size-medium wp-image-10793\" src=\"https:\/\/kingarms.ee\/wp-content\/uploads\/2018\/12\/products-img_4818_%D0%BD%D0%BE%D0%B2%D1%8B%D0%B9-%D1%80%D0%B0%D0%B7%D0%BC%D0%B5%D1%80-300x200.jpg\" alt=\"\" width=\"300\" height=\"200\"><\/a><\/p>\n","protected":false},"excerpt":{"rendered":"<p>Sports 306 (Borner)<\/p>\n<p><span title=\"Ra\u017eot\u0101js: Borner (ASV \/ Taiv\u0101na)\n\n &#8220;>Ra\u017eot\u0101js: Borner (ASV \/ Taiv\u0101na)<\/p>\n<p><\/span><span title=\"Kalibrs: 4,5 mm (.177)\n\n &#8220;>Kalibrs: 4.5 mm (.177)<\/p>\n<p><\/span><span title=\"Kaujas prototips: Beretta 90-Two (It\u0101lija)\n\n &#8220;>Kaujas prototips: Beretta 90-divi (It\u0101lija)<\/p>\n<p><\/span><span title=\"P\u0113c darb\u012bbas principa: g\u0101zes balonu pneimatika\n\n &#8220;>Darb\u012bbas princips: g\u0101zes balonu pneimatika<\/p>\n<p><\/span><span title=\"Ener\u0123ijas avots: 12 gramu CO2 g\u0101zes Kannas\n\n &#8220;>Ener\u0123ijas avots: CO2 g\u0101zes 12 gramu tvertnes<\/p>\n<p><\/span><span title=\"Purna ener\u0123ija: l\u012bdz 3 J\n\n &#8220;>Purna ener\u0123ija: l\u012bdz 3 J<\/p>\n<p><\/span><span title=\"Mun\u012bcija: bumbi\u0146as BB 4,5 mm \">Spr\u0101dzienb\u012bstams materi\u0101ls: BB bumbi\u0146as 4.5 mm<\/p>\n<p><\/span><span title=\"Veikala ietilp\u012bba: 18 \">Noliktavas ietilp\u012bba: 18<\/p>\n<p><\/span><span title=\"Aizvars: nekust\u012bgs \">Aizvars: fiks\u0113ts<\/p>\n<p><\/span><span title=\"Blowback: n\u0113 \">Trieciens: Vai Nu<\/p>\n<p><\/span><span title=\"\u0160\u0101viena \u0101trums: 120 m \/ s \">\u0160au\u0161anas \u0101trums: 120 m \/ s<\/p>\n<p><\/span><span title=\"Materi\u0101ls: Korpuss, pamatne-met\u0101ls \">Materi\u0101ls: Korpuss, pamatne-met\u0101ls<\/p>\n<p><\/span><span title=\"Trieciena spr\u016bda: tikai divk\u0101r\u0161a darb\u012bba (pa\u0161v\u012bt\u0146ojo\u0161s) \">Trieciena spr\u016bda meh\u0101nisms: tikai divk\u0101r\u0161a darb\u012bba (pa\u0161l\u012bm\u0113jo\u0161a)<\/p>\n<p><\/span><span title=\"\u0160au\u0161anas re\u017e\u012bms: Pusautom\u0101tisks \">Fotograf\u0113\u0161anas re\u017e\u012bms: Pusautom\u0101tisks<\/p>\n<p><\/span><span title=\"Dro\u0161in\u0101t\u0101js: neautom\u0101tisks, spiedpogas b\u012bd\u0101ms \">Aizsardz\u012bba: neautom\u0101tiska, poga<\/p>\n<p><\/span><span title=\"T\u0113m\u0113k\u013ci: Neregul\u0113jami veseli un Priek\u0161\u0113jie, fiberoptiskie pavedieni \">Atrakcijas: neregul\u0113ta redze un lido\u0161ana, fibro-optiskie pavedieni<\/p>\n<p><\/span><span title=\"Weaver \/ Picatinny josla: ir, zem mucas \">D\u0113\u013cu aud\u0113ja \/ Picatinny: J\u0101, zem mucas<\/p>\n<p><\/span><span title=\"Mucas Tips: gluds \">Mucas Tips: gluds<\/p>\n<p><\/span><span title=\"Garums: 215 mm \">Garums: 215 mm<\/p>\n<p><\/span><span title=\"Svars: 950 g\">Svars: 950 g<\/span><\/p>\n","protected":false},"featured_media":108123,"template":"","meta":{"_acf_changed":false},"product_brand":[],"product_cat":[1004,1005],"product_tag":[],"class_list":{"0":"post-151930","1":"product","2":"type-product","3":"status-publish","4":"has-post-thumbnail","6":"product_cat-lidmasinas","7":"product_cat-rokas-pistoles-lv","9":"first","10":"instock","11":"taxable","12":"shipping-taxable","13":"purchasable","14":"product-type-simple"},"acf":[],"_links":{"self":[{"href":"https:\/\/kingarms.ee\/lv\/wp-json\/wp\/v2\/product\/151930","targetHints":{"allow":["GET"]}}],"collection":[{"href":"https:\/\/kingarms.ee\/lv\/wp-json\/wp\/v2\/product"}],"about":[{"href":"https:\/\/kingarms.ee\/lv\/wp-json\/wp\/v2\/types\/product"}],"wp:featuredmedia":[{"embeddable":true,"href":"https:\/\/kingarms.ee\/lv\/wp-json\/wp\/v2\/media\/108123"}],"wp:attachment":[{"href":"https:\/\/kingarms.ee\/lv\/wp-json\/wp\/v2\/media?parent=151930"}],"wp:term":[{"taxonomy":"product_brand","embeddable":true,"href":"https:\/\/kingarms.ee\/lv\/wp-json\/wp\/v2\/product_brand?post=151930"},{"taxonomy":"product_cat","embeddable":true,"href":"https:\/\/kingarms.ee\/lv\/wp-json\/wp\/v2\/product_cat?post=151930"},{"taxonomy":"product_tag","embeddable":true,"href":"https:\/\/kingarms.ee\/lv\/wp-json\/wp\/v2\/product_tag?post=151930"}],"curies":[{"name":"wp","href":"https:\/\/api.w.org\/{rel}","templated":true}]}}