{"id":151935,"date":"2018-10-16T10:14:24","date_gmt":"2025-07-06T10:43:33","guid":{"rendered":"https:\/\/kingarms.ee\/product\/glowstick-kimiska-gaisma-balta\/"},"modified":"2025-07-06T13:43:33","modified_gmt":"2025-07-06T10:43:33","slug":"glowstick-kimiska-gaisma-balta","status":"publish","type":"product","link":"https:\/\/kingarms.ee\/lv\/product\/glowstick-kimiska-gaisma-balta\/","title":{"rendered":"GlowStick \u0137\u012bmisk\u0101 gaisma-balta<br><br>"},"content":{"rendered":"<p><a href=\"https:\/\/kingarms.ee\/wp-content\/uploads\/2018\/10\/244_Snaplight_White_8hr_6-300x300.jpg\"><img loading=\"lazy\" decoding=\"async\" class=\"alignnone size-medium wp-image-10234\" src=\"https:\/\/kingarms.ee\/wp-content\/uploads\/2018\/10\/244_Snaplight_White_8hr_6-300x300.jpg\" alt=\"\" width=\"300\" height=\"300\" srcset=\"https:\/\/kingarms.ee\/wp-content\/uploads\/2018\/10\/244_Snaplight_White_8hr_6-300x300.jpg 300w, https:\/\/kingarms.ee\/wp-content\/uploads\/2018\/10\/244_Snaplight_White_8hr_6-150x150.jpg 150w, https:\/\/kingarms.ee\/wp-content\/uploads\/2018\/10\/244_Snaplight_White_8hr_6-500x500.jpg 500w, https:\/\/kingarms.ee\/wp-content\/uploads\/2018\/10\/244_Snaplight_White_8hr_6.jpg 600w\" sizes=\"auto, (max-width: 300px) 100vw, 300px\" \/><\/a><\/p>\n","protected":false},"excerpt":{"rendered":"<p>GlowStick \u0137\u012bmisk\u0101 gaisma-balta<\/p>\n<p>\u0136\u012bmisk\u0101 gaisma ir vienreiz lietojams produkts.<\/p>\n<p> Tas darbojas \u0137\u012bmisk\u0101s reakcijas s\u0101kum\u0101, kas notiek, kad sajaucas divas \u0137\u012bmisk\u0101s vielas.<\/p>\n<p> Ja v\u0113laties, lai notiktu \u0137\u012bmiska reakcija, jums ir nepiecie\u0161ams saliekt vieglo stiklu.<\/p>\n<p> Reakcija ir 100% dro\u0161a.<\/p>\n<p> \u0160aj\u0101 proces\u0101 netiek ra\u017eota siltumener\u0123ija.<\/p>\n<p> \u0136\u012bmisk\u0101s gaismas ir \u0101rk\u0101rt\u0113js gaismas avots, jo t\u0101m nav nepiecie\u0161ama nek\u0101da veida baro\u0161ana.<\/p>\n<p> Tie ir \u013coti viegli un efekt\u012bvi.<\/p>\n<p> Tie ir ide\u0101li piem\u0113roti signaliz\u0101cijai, poz\u012bciju mar\u0137\u0113\u0161anai, negad\u012bjumu mar\u0137\u0113\u0161anai, vestes apr\u012bko\u0161anai vai k\u0101 alternat\u012bvam gaismas avotam.<\/p>\n<p> Darba laiks ir atkar\u012bgs no kr\u0101sas.<\/p>\n<p> \u0136\u012bmisk\u0101s gaismas galven\u0101 priek\u0161roc\u012bba ir t\u0101, ka apk\u0101rtne tiek apgaismota 360 gr\u0101dos.<\/p>\n<p> Gaismas nav toksiskas vai viegli uzliesmojo\u0161as.<\/p>\n<p> Ier\u012bcei ir balstiek\u0101rta.<\/p>\n","protected":false},"featured_media":107918,"template":"","meta":{"_acf_changed":false},"product_brand":[],"product_cat":[1130],"product_tag":[],"class_list":{"0":"post-151935","1":"product","2":"type-product","3":"status-publish","4":"has-post-thumbnail","6":"product_cat-cits-lv","8":"first","9":"onbackorder","10":"taxable","11":"shipping-taxable","12":"product-type-simple"},"acf":[],"_links":{"self":[{"href":"https:\/\/kingarms.ee\/lv\/wp-json\/wp\/v2\/product\/151935","targetHints":{"allow":["GET"]}}],"collection":[{"href":"https:\/\/kingarms.ee\/lv\/wp-json\/wp\/v2\/product"}],"about":[{"href":"https:\/\/kingarms.ee\/lv\/wp-json\/wp\/v2\/types\/product"}],"wp:featuredmedia":[{"embeddable":true,"href":"https:\/\/kingarms.ee\/lv\/wp-json\/wp\/v2\/media\/107918"}],"wp:attachment":[{"href":"https:\/\/kingarms.ee\/lv\/wp-json\/wp\/v2\/media?parent=151935"}],"wp:term":[{"taxonomy":"product_brand","embeddable":true,"href":"https:\/\/kingarms.ee\/lv\/wp-json\/wp\/v2\/product_brand?post=151935"},{"taxonomy":"product_cat","embeddable":true,"href":"https:\/\/kingarms.ee\/lv\/wp-json\/wp\/v2\/product_cat?post=151935"},{"taxonomy":"product_tag","embeddable":true,"href":"https:\/\/kingarms.ee\/lv\/wp-json\/wp\/v2\/product_tag?post=151935"}],"curies":[{"name":"wp","href":"https:\/\/api.w.org\/{rel}","templated":true}]}}