{"id":151937,"date":"2018-09-26T14:20:19","date_gmt":"2025-07-06T10:44:53","guid":{"rendered":"https:\/\/kingarms.ee\/product\/pm49-borner\/"},"modified":"2025-07-06T13:44:53","modified_gmt":"2025-07-06T10:44:53","slug":"pm49-borner","status":"publish","type":"product","link":"https:\/\/kingarms.ee\/lv\/product\/pm49-borner\/","title":{"rendered":"PM49 (Borner)"},"content":{"rendered":"<p><img loading=\"lazy\" decoding=\"async\" class=\"alignnone size-full wp-image-148281\" src=\"https:\/\/kingarms.ee\/wp-content\/uploads\/2018\/09\/2d431dbd7edc2ff80f9efa9cc3685e89.jpeg\" alt=\"\" width=\"1000\" height=\"750\" srcset=\"https:\/\/kingarms.ee\/wp-content\/uploads\/2018\/09\/2d431dbd7edc2ff80f9efa9cc3685e89.jpeg 1000w, https:\/\/kingarms.ee\/wp-content\/uploads\/2018\/09\/2d431dbd7edc2ff80f9efa9cc3685e89-300x225.jpeg 300w, https:\/\/kingarms.ee\/wp-content\/uploads\/2018\/09\/2d431dbd7edc2ff80f9efa9cc3685e89-768x576.jpeg 768w, https:\/\/kingarms.ee\/wp-content\/uploads\/2018\/09\/2d431dbd7edc2ff80f9efa9cc3685e89-500x375.jpeg 500w, https:\/\/kingarms.ee\/wp-content\/uploads\/2018\/09\/2d431dbd7edc2ff80f9efa9cc3685e89-150x113.jpeg 150w\" sizes=\"auto, (max-width: 1000px) 100vw, 1000px\" \/><\/p>\n","protected":false},"excerpt":{"rendered":"<p>PM49 (Borner)<\/p>\n<p>Borner PM49 gaisa ierocis Izgatavots no met\u0101la.<\/p>\n<p>Non-blowback gaisa ierocis<\/p>\n<p>Mode\u013ca numurs: PM 49<\/p>\n<p>Kalibrs: cal. 4,5 mm (.177) t\u0113rauda BB<\/p>\n<p>Sist\u0113ma: CO2-pistole<\/p>\n<p>Lodes: T\u0113rauds 4.5 BBs<\/p>\n<p>Papl\u0101tes ietilp\u012bba: 17 BBs<\/p>\n<p>Energia: &lt; 3,0 d\u017eouli<\/p>\n<p>\u0160au\u0161anas \u0101trums: 128 m \/ s<\/p>\n<p>Svars: 650 g<\/p>\n","protected":false},"featured_media":148284,"template":"","meta":{"_acf_changed":false},"product_brand":[],"product_cat":[1004,1005],"product_tag":[],"class_list":{"0":"post-151937","1":"product","2":"type-product","3":"status-publish","4":"has-post-thumbnail","6":"product_cat-lidmasinas","7":"product_cat-rokas-pistoles-lv","9":"first","10":"instock","11":"taxable","12":"shipping-taxable","13":"purchasable","14":"product-type-simple"},"acf":[],"_links":{"self":[{"href":"https:\/\/kingarms.ee\/lv\/wp-json\/wp\/v2\/product\/151937","targetHints":{"allow":["GET"]}}],"collection":[{"href":"https:\/\/kingarms.ee\/lv\/wp-json\/wp\/v2\/product"}],"about":[{"href":"https:\/\/kingarms.ee\/lv\/wp-json\/wp\/v2\/types\/product"}],"wp:featuredmedia":[{"embeddable":true,"href":"https:\/\/kingarms.ee\/lv\/wp-json\/wp\/v2\/media\/148284"}],"wp:attachment":[{"href":"https:\/\/kingarms.ee\/lv\/wp-json\/wp\/v2\/media?parent=151937"}],"wp:term":[{"taxonomy":"product_brand","embeddable":true,"href":"https:\/\/kingarms.ee\/lv\/wp-json\/wp\/v2\/product_brand?post=151937"},{"taxonomy":"product_cat","embeddable":true,"href":"https:\/\/kingarms.ee\/lv\/wp-json\/wp\/v2\/product_cat?post=151937"},{"taxonomy":"product_tag","embeddable":true,"href":"https:\/\/kingarms.ee\/lv\/wp-json\/wp\/v2\/product_tag?post=151937"}],"curies":[{"name":"wp","href":"https:\/\/api.w.org\/{rel}","templated":true}]}}