{"id":151938,"date":"2018-09-07T17:44:52","date_gmt":"2025-07-06T10:47:17","guid":{"rendered":"https:\/\/kingarms.ee\/product\/sbr-dpms-full-auto-umarex\/"},"modified":"2025-07-06T13:47:17","modified_gmt":"2025-07-06T10:47:17","slug":"sbr-dpms-full-auto-umarex","status":"publish","type":"product","link":"https:\/\/kingarms.ee\/lv\/product\/sbr-dpms-full-auto-umarex\/","title":{"rendered":"SBR DPMS FULL AUTO (Umarex)"},"content":{"rendered":"<p><a href=\"https:\/\/kingarms.ee\/wp-content\/uploads\/2018\/09\/PY-4571_Crosman-DPMS-SBR-FullAuto_1527616451-300x225.jpg\"><img loading=\"lazy\" decoding=\"async\" class=\"alignnone size-medium wp-image-9738\" src=\"https:\/\/kingarms.ee\/wp-content\/uploads\/2018\/09\/PY-4571_Crosman-DPMS-SBR-FullAuto_1527616451-300x225.jpg\" alt=\"\" width=\"300\" height=\"225\" srcset=\"https:\/\/kingarms.ee\/wp-content\/uploads\/2018\/09\/PY-4571_Crosman-DPMS-SBR-FullAuto_1527616451-300x225.jpg 300w, https:\/\/kingarms.ee\/wp-content\/uploads\/2018\/09\/PY-4571_Crosman-DPMS-SBR-FullAuto_1527616451-150x113.jpg 150w, https:\/\/kingarms.ee\/wp-content\/uploads\/2018\/09\/PY-4571_Crosman-DPMS-SBR-FullAuto_1527616451-500x375.jpg 500w, https:\/\/kingarms.ee\/wp-content\/uploads\/2018\/09\/PY-4571_Crosman-DPMS-SBR-FullAuto_1527616451-768x576.jpg 768w, https:\/\/kingarms.ee\/wp-content\/uploads\/2018\/09\/PY-4571_Crosman-DPMS-SBR-FullAuto_1527616451.jpg 1024w, https:\/\/kingarms.ee\/wp-content\/uploads\/2018\/09\/PY-4571_Crosman-DPMS-SBR-FullAuto_1527616451-600x450.jpg 600w\" sizes=\"auto, (max-width: 300px) 100vw, 300px\" \/><\/a><\/p>\n","protected":false},"excerpt":{"rendered":"<p>Autom\u0101tiskais ierocis bez atsitiena, kas iz\u0161auj 4,5 mm t\u0113rauda bises, ir tuv\u0101k\u0101 iesp\u0113jam\u0101 \u0161aujamiero\u010da alternat\u012bva. Ierocis darbojas ar div\u0101m CO2 kapsul\u0101m, kas ir uzst\u0101d\u012btas papl\u0101tes iek\u0161pus\u0113. Griestu malu no \u010detr\u0101m pus\u0113m p\u0101rkl\u0101j 22 mm standarta armss, kas \u013cauj ieroci apr\u012bkot ar visa veida piederumiem, piem\u0113ram, optiku, prec\u012bzijas t\u0113m\u0113k\u013ciem, l\u0101zeriem, lamp\u0101m utt. Ar\u012b iero\u010da spr\u016bda darb\u012bba ir \u0101rk\u0101rt\u012bgi l\u012bdz\u012bga \u0161aujamiero\u010da Spr\u016bdam. Ja v\u0113laties, uz pistoles ir iesp\u0113jams uzst\u0101d\u012bt trok\u0161\u0146a sl\u0101p\u0113t\u0101ju ar 14 mm v\u012btni. Ierocim ir ar\u012b \u0101trs l\u0101d\u0113t\u0101js, un tam ir da\u013c\u0113ji un piln\u012bb\u0101 autom\u0101tisks ugunsgr\u0113ka re\u017e\u012bms, kas katram lietot\u0101jam rada smaidu.     <\/p>\n<p>PS! Ierocis ir tikai \u0161au\u0161ana raksturs! <\/p>\n<ul>\n<li>Tehniskais ugunsgr\u0113ka \u0101trums p\u0101rsniedz 1400 lodes min\u016bt\u0113<\/li>\n<li>Izpl\u016bdes \u0101trums l\u012bdz 131 m \/ s<\/li>\n<li>Neveiksme<\/li>\n<li>Regul\u0113jams 6 pak\u0101pju kaba<\/li>\n<li>Katra s\u0101nu sliedes ielikt\u0146i<\/li>\n<li>Unik\u0101ls liesmas sl\u0101p\u0113t\u0101js<\/li>\n<li>25 ball CO2 ziede<\/li>\n<li>Uz aug\u0161u uz leju sl\u012bd\u0113\u0161anas skats<\/li>\n<li>\u0112rts rokturis<\/li>\n<li>Re\u0101las gr\u016bt\u012bbas un funkcionalit\u0101te<\/li>\n<li>Garums: 68-77cm<\/li>\n<\/ul>\n<p>https:\/\/www.youtube.com\/watch?v=lMpJccSxY_w<\/p>\n","protected":false},"featured_media":107711,"template":"","meta":{"_acf_changed":false},"product_brand":[],"product_cat":[1004,1006],"product_tag":[],"class_list":{"0":"post-151938","1":"product","2":"type-product","3":"status-publish","4":"has-post-thumbnail","6":"product_cat-lidmasinas","7":"product_cat-tirdzniecibas-automati-lv","9":"first","10":"instock","11":"sale","12":"taxable","13":"shipping-taxable","14":"purchasable","15":"product-type-simple"},"acf":[],"_links":{"self":[{"href":"https:\/\/kingarms.ee\/lv\/wp-json\/wp\/v2\/product\/151938","targetHints":{"allow":["GET"]}}],"collection":[{"href":"https:\/\/kingarms.ee\/lv\/wp-json\/wp\/v2\/product"}],"about":[{"href":"https:\/\/kingarms.ee\/lv\/wp-json\/wp\/v2\/types\/product"}],"wp:featuredmedia":[{"embeddable":true,"href":"https:\/\/kingarms.ee\/lv\/wp-json\/wp\/v2\/media\/107711"}],"wp:attachment":[{"href":"https:\/\/kingarms.ee\/lv\/wp-json\/wp\/v2\/media?parent=151938"}],"wp:term":[{"taxonomy":"product_brand","embeddable":true,"href":"https:\/\/kingarms.ee\/lv\/wp-json\/wp\/v2\/product_brand?post=151938"},{"taxonomy":"product_cat","embeddable":true,"href":"https:\/\/kingarms.ee\/lv\/wp-json\/wp\/v2\/product_cat?post=151938"},{"taxonomy":"product_tag","embeddable":true,"href":"https:\/\/kingarms.ee\/lv\/wp-json\/wp\/v2\/product_tag?post=151938"}],"curies":[{"name":"wp","href":"https:\/\/api.w.org\/{rel}","templated":true}]}}