{"id":151950,"date":"2019-04-18T19:41:30","date_gmt":"2025-07-06T12:12:46","guid":{"rendered":"https:\/\/kingarms.ee\/product\/usp-45-h-amp-k\/"},"modified":"2025-07-06T15:12:46","modified_gmt":"2025-07-06T12:12:46","slug":"usp-45-h-amp-k","status":"publish","type":"product","link":"https:\/\/kingarms.ee\/lv\/product\/usp-45-h-amp-k\/","title":{"rendered":"USP .45 (H &amp; amp; K)<br><br>"},"content":{"rendered":"<p><a href=\"https:\/\/kingarms.ee\/wp-content\/uploads\/2019\/04\/1152197296_2-300x204.jpg\"><img loading=\"lazy\" decoding=\"async\" class=\"size-medium wp-image-14537\" src=\"https:\/\/kingarms.ee\/wp-content\/uploads\/2019\/04\/1152197296_2-300x204.jpg\" alt=\"\" width=\"300\" height=\"204\" srcset=\"https:\/\/kingarms.ee\/wp-content\/uploads\/2019\/04\/1152197296_2-300x204.jpg 300w, https:\/\/kingarms.ee\/wp-content\/uploads\/2019\/04\/1152197296_2-150x102.jpg 150w, https:\/\/kingarms.ee\/wp-content\/uploads\/2019\/04\/1152197296_2-500x341.jpg 500w, https:\/\/kingarms.ee\/wp-content\/uploads\/2019\/04\/1152197296_2-768x523.jpg 768w, https:\/\/kingarms.ee\/wp-content\/uploads\/2019\/04\/1152197296_2.jpg 800w\" sizes=\"auto, (max-width: 300px) 100vw, 300px\" \/><\/a><\/p>\n","protected":false},"excerpt":{"rendered":"<p>USP .45 (H &amp; amp; K)<\/p>\n<p>Ieroci ra\u017eo Umarex.<\/p>\n<p> Kopija ir gandr\u012bz piln\u012bb\u0101 kop\u0113ta \u0161aujamierocis.<\/p>\n<p> Vi\u0146am ir z\u012bmoli, kuru pamat\u0101 ir re\u0101li \u0161aujamiero\u010di.<\/p>\n<p> Tam ir DA tipa spr\u016bda meh\u0101nisms.<\/p>\n<p> V\u0113l viens interesants risin\u0101jums, kas n\u0101k no re\u0101liem \u0161aujamiero\u010diem, ir t\u0101 sauktais &#8220;decocker&#8221;, kas ir atbild\u012bgs par ragavu izjauk\u0161anu.<\/p>\n<p>Reprodukciju darbina divpak\u0101pju met\u0101la papl\u0101te, kuras iek\u0161pus\u0113 ir za\u013ca g\u0101ze.<\/p>\n<p> Papl\u0101tes ietilp\u012bba ir 25 bumbi\u0146as.<\/p>\n<p> Papl\u0101tes atbr\u012bvo\u0161anas poga ir \u013coti maza, ta\u010du t\u0101 \u013cauj atbr\u012bvot papl\u0101ti gan ar kreiso, gan labo roku.<\/p>\n<p> Kopija ir apr\u012bkota ar\u012b ar divpus\u0113ju slaidu atbr\u012bvo\u0161anas sviru.<\/p>\n<p>Lielais pretsl\u012bdes pistoles rokturis nodro\u0161ina dro\u0161u un \u0113rtu kopijas tur\u0113\u0161anu rok\u0101.<\/p>\n<p> \u0160au\u0161anas laik\u0101 ierocis ir \u013coti stabils un prec\u012bzs.<\/p>\n<p>Komplekt\u0101 ietilpst:<\/p>\n<p>Pistole<\/p>\n<p>Salve<\/p>\n","protected":false},"featured_media":109614,"template":"","meta":{"_acf_changed":false},"product_brand":[],"product_cat":[1000],"product_tag":[],"class_list":{"0":"post-151950","1":"product","2":"type-product","3":"status-publish","4":"has-post-thumbnail","6":"product_cat-rokas-pistoles","8":"first","9":"onbackorder","10":"taxable","11":"shipping-taxable","12":"product-type-simple"},"acf":[],"_links":{"self":[{"href":"https:\/\/kingarms.ee\/lv\/wp-json\/wp\/v2\/product\/151950","targetHints":{"allow":["GET"]}}],"collection":[{"href":"https:\/\/kingarms.ee\/lv\/wp-json\/wp\/v2\/product"}],"about":[{"href":"https:\/\/kingarms.ee\/lv\/wp-json\/wp\/v2\/types\/product"}],"wp:featuredmedia":[{"embeddable":true,"href":"https:\/\/kingarms.ee\/lv\/wp-json\/wp\/v2\/media\/109614"}],"wp:attachment":[{"href":"https:\/\/kingarms.ee\/lv\/wp-json\/wp\/v2\/media?parent=151950"}],"wp:term":[{"taxonomy":"product_brand","embeddable":true,"href":"https:\/\/kingarms.ee\/lv\/wp-json\/wp\/v2\/product_brand?post=151950"},{"taxonomy":"product_cat","embeddable":true,"href":"https:\/\/kingarms.ee\/lv\/wp-json\/wp\/v2\/product_cat?post=151950"},{"taxonomy":"product_tag","embeddable":true,"href":"https:\/\/kingarms.ee\/lv\/wp-json\/wp\/v2\/product_tag?post=151950"}],"curies":[{"name":"wp","href":"https:\/\/api.w.org\/{rel}","templated":true}]}}