{"id":151951,"date":"2019-03-25T00:39:27","date_gmt":"2025-07-06T12:13:17","guid":{"rendered":"https:\/\/kingarms.ee\/product\/krisa-vektors-krytac\/"},"modified":"2025-07-06T15:13:17","modified_gmt":"2025-07-06T12:13:17","slug":"krisa-vektors-krytac","status":"publish","type":"product","link":"https:\/\/kingarms.ee\/lv\/product\/krisa-vektors-krytac\/","title":{"rendered":"Krisa vektors (Krytac)<br><br>"},"content":{"rendered":"<p><a href=\"https:\/\/kingarms.ee\/wp-content\/uploads\/2019\/03\/1152217335_1-300x200.png\"><img loading=\"lazy\" decoding=\"async\" class=\"alignnone size-medium wp-image-13537\" src=\"https:\/\/kingarms.ee\/wp-content\/uploads\/2019\/03\/1152217335_1-300x200.png\" alt=\"\" width=\"300\" height=\"200\" srcset=\"https:\/\/kingarms.ee\/wp-content\/uploads\/2019\/03\/1152217335_1-300x200.png 300w, https:\/\/kingarms.ee\/wp-content\/uploads\/2019\/03\/1152217335_1-150x100.png 150w, https:\/\/kingarms.ee\/wp-content\/uploads\/2019\/03\/1152217335_1-500x333.png 500w, https:\/\/kingarms.ee\/wp-content\/uploads\/2019\/03\/1152217335_1-768x512.png 768w, https:\/\/kingarms.ee\/wp-content\/uploads\/2019\/03\/1152217335_1.png 800w\" sizes=\"auto, (max-width: 300px) 100vw, 300px\" \/><\/a><\/p>\n","protected":false},"excerpt":{"rendered":"<p>Tehniskie dati:<\/p>\n<ul>\n<li>Chris vector (Krytac\n<\/li>\n<li>V\u00e4ljalaskekiirus 380 FPS \/ 116 M\/s kuni 400 FPS \/ 122 M \/ S\n<\/li>\n<li>\u0160au\u0161anas \u0101trums 18 + kadri sekund\u0113\n<\/li>\n<li>Iek\u0161\u0113j\u0101s caurules garums 155 mm\n<\/li>\n<li>Iek\u0161\u0113j\u0101s caurules diametrs 6.05 mm\n<\/li>\n<li>\u0100r\u0113j\u0101s caurules garums 139.7 mm \/ 5.5&#8243;\n<\/li>\n<li>Caurules v\u012btne 14 mm negat\u012bva\n<\/li>\n<li>Kop\u0113jais garums 560 mm l\u012bdz 780 mm\n<\/li>\n<li>Svars 2.8 kg\n<\/li>\n<li>Augstums 180 mm\n<\/li>\n<li>Kalibrs 6 mm\n<\/li>\n<li>Pirm\u0101 acu uzmetiena DEFIANCE\n<\/li>\n<li>Galinio \u017evilgsnio nepaisymas sulankstomas<\/li>\n<li>Iek\u013cauts papl\u0101tes ietilp\u012bba 95 lodes<\/li>\n<\/ul>\n","protected":false},"featured_media":109193,"template":"","meta":{"_acf_changed":false},"product_brand":[],"product_cat":[1001],"product_tag":[1317],"class_list":{"0":"post-151951","1":"product","2":"type-product","3":"status-publish","4":"has-post-thumbnail","6":"product_cat-tirdzniecibas-automati","7":"product_tag-4blss3ph-lv","9":"first","10":"onbackorder","11":"taxable","12":"shipping-taxable","13":"product-type-simple"},"acf":[],"_links":{"self":[{"href":"https:\/\/kingarms.ee\/lv\/wp-json\/wp\/v2\/product\/151951","targetHints":{"allow":["GET"]}}],"collection":[{"href":"https:\/\/kingarms.ee\/lv\/wp-json\/wp\/v2\/product"}],"about":[{"href":"https:\/\/kingarms.ee\/lv\/wp-json\/wp\/v2\/types\/product"}],"wp:featuredmedia":[{"embeddable":true,"href":"https:\/\/kingarms.ee\/lv\/wp-json\/wp\/v2\/media\/109193"}],"wp:attachment":[{"href":"https:\/\/kingarms.ee\/lv\/wp-json\/wp\/v2\/media?parent=151951"}],"wp:term":[{"taxonomy":"product_brand","embeddable":true,"href":"https:\/\/kingarms.ee\/lv\/wp-json\/wp\/v2\/product_brand?post=151951"},{"taxonomy":"product_cat","embeddable":true,"href":"https:\/\/kingarms.ee\/lv\/wp-json\/wp\/v2\/product_cat?post=151951"},{"taxonomy":"product_tag","embeddable":true,"href":"https:\/\/kingarms.ee\/lv\/wp-json\/wp\/v2\/product_tag?post=151951"}],"curies":[{"name":"wp","href":"https:\/\/api.w.org\/{rel}","templated":true}]}}