{"id":151997,"date":"2019-07-04T23:40:22","date_gmt":"2025-07-06T14:28:49","guid":{"rendered":"https:\/\/kingarms.ee\/product\/mb4418-3-labi\/"},"modified":"2025-07-06T17:28:49","modified_gmt":"2025-07-06T14:28:49","slug":"mb4418-3-labi","status":"publish","type":"product","link":"https:\/\/kingarms.ee\/lv\/product\/mb4418-3-labi\/","title":{"rendered":"MB4418 &#8211; 3 (Labi)<br><br>"},"content":{"rendered":"<p><a href=\"https:\/\/kingarms.ee\/wp-content\/uploads\/2019\/07\/FB36093-300x184.jpg\"><img loading=\"lazy\" decoding=\"async\" class=\"alignnone size-medium wp-image-16574\" src=\"https:\/\/kingarms.ee\/wp-content\/uploads\/2019\/07\/FB36093-300x184.jpg\" alt=\"\" width=\"300\" height=\"184\" srcset=\"https:\/\/kingarms.ee\/wp-content\/uploads\/2019\/07\/FB36093-300x184.jpg 300w, https:\/\/kingarms.ee\/wp-content\/uploads\/2019\/07\/FB36093-150x92.jpg 150w, https:\/\/kingarms.ee\/wp-content\/uploads\/2019\/07\/FB36093-500x306.jpg 500w, https:\/\/kingarms.ee\/wp-content\/uploads\/2019\/07\/FB36093-768x470.jpg 768w, https:\/\/kingarms.ee\/wp-content\/uploads\/2019\/07\/FB36093.jpg 800w\" sizes=\"auto, (max-width: 300px) 100vw, 300px\" \/><\/a><\/p>\n","protected":false},"excerpt":{"rendered":"<p>MB4418 &#8211; 3 (Labi)<\/p>\n<p>Ra\u017eot\u0101js: labi<\/p>\n<p>Mode\u013ca numurs: MB4418-3<\/p>\n<p>\u0160au\u0161anas \u0101trums: 450 kadri sekund\u0113 (nomain\u012bta atspere)<\/p>\n<p>Papl\u0101tes ietilp\u012bba: 30 rds<\/p>\n<p>Kr\u0101sa: Melna<\/p>\n<p>Garantijas laiks: 3 gadi<\/p>\n<p>Garantijas apdarin\u0101t\u0101js: KingArms<\/p>\n<p>Funkcija:<\/p>\n<p>Iero\u010da \u0101r\u0113j\u0101s da\u013cas ir izgatavotas no vair\u0101k met\u0101la.<\/p>\n<p>KeyMod roku aizsargs<\/p>\n<p>20 &#8220;Picatinny Top Rail &amp; amp; 5&#8221; s\u0101nu \/ apak\u0161\u0113j\u0101s sliedes<\/p>\n<p>Horizont\u0101li un vertik\u0101li regul\u0113jams kaba<\/p>\n<p>Priek\u0161\u0113jie un aizmugur\u0113jie stiprin\u0101juma punkti uz jostas<\/p>\n<p>Folding kaba<\/p>\n<p>Viegla uzst\u0101d\u012b\u0161ana \/ demont\u0101\u017ea<\/p>\n<p><span style=\"color: #ff0000;\">Iero\u010da svars: 4300g<\/span><\/p>\n","protected":false},"featured_media":132467,"template":"","meta":{"_acf_changed":false},"product_brand":[],"product_cat":[1003],"product_tag":[],"class_list":{"0":"post-151997","1":"product","2":"type-product","3":"status-publish","4":"has-post-thumbnail","6":"product_cat-snaipera-pistoles","8":"first","9":"onbackorder","10":"taxable","11":"shipping-taxable","12":"product-type-simple"},"acf":[],"_links":{"self":[{"href":"https:\/\/kingarms.ee\/lv\/wp-json\/wp\/v2\/product\/151997","targetHints":{"allow":["GET"]}}],"collection":[{"href":"https:\/\/kingarms.ee\/lv\/wp-json\/wp\/v2\/product"}],"about":[{"href":"https:\/\/kingarms.ee\/lv\/wp-json\/wp\/v2\/types\/product"}],"wp:featuredmedia":[{"embeddable":true,"href":"https:\/\/kingarms.ee\/lv\/wp-json\/wp\/v2\/media\/132467"}],"wp:attachment":[{"href":"https:\/\/kingarms.ee\/lv\/wp-json\/wp\/v2\/media?parent=151997"}],"wp:term":[{"taxonomy":"product_brand","embeddable":true,"href":"https:\/\/kingarms.ee\/lv\/wp-json\/wp\/v2\/product_brand?post=151997"},{"taxonomy":"product_cat","embeddable":true,"href":"https:\/\/kingarms.ee\/lv\/wp-json\/wp\/v2\/product_cat?post=151997"},{"taxonomy":"product_tag","embeddable":true,"href":"https:\/\/kingarms.ee\/lv\/wp-json\/wp\/v2\/product_tag?post=151997"}],"curies":[{"name":"wp","href":"https:\/\/api.w.org\/{rel}","templated":true}]}}