{"id":152004,"date":"2019-07-01T14:36:40","date_gmt":"2025-07-06T14:30:37","guid":{"rendered":"https:\/\/kingarms.ee\/product\/c41-borner\/"},"modified":"2025-07-06T17:30:37","modified_gmt":"2025-07-06T14:30:37","slug":"c41-borner","status":"publish","type":"product","link":"https:\/\/kingarms.ee\/lv\/product\/c41-borner\/","title":{"rendered":"C41 (Borner)<br><br>"},"content":{"rendered":"<p><a href=\"https:\/\/kingarms.ee\/wp-content\/uploads\/2019\/07\/f9f6d89033033750bf853f7e196e2aff-300x250.jpg\"><img loading=\"lazy\" decoding=\"async\" class=\"alignnone size-medium wp-image-16152\" src=\"https:\/\/kingarms.ee\/wp-content\/uploads\/2019\/07\/f9f6d89033033750bf853f7e196e2aff-300x250.jpg\" alt=\"\" width=\"300\" height=\"250\" srcset=\"https:\/\/kingarms.ee\/wp-content\/uploads\/2019\/07\/f9f6d89033033750bf853f7e196e2aff-300x250.jpg 300w, https:\/\/kingarms.ee\/wp-content\/uploads\/2019\/07\/f9f6d89033033750bf853f7e196e2aff-150x125.jpg 150w, https:\/\/kingarms.ee\/wp-content\/uploads\/2019\/07\/f9f6d89033033750bf853f7e196e2aff-500x417.jpg 500w, https:\/\/kingarms.ee\/wp-content\/uploads\/2019\/07\/f9f6d89033033750bf853f7e196e2aff-768x640.jpg 768w, https:\/\/kingarms.ee\/wp-content\/uploads\/2019\/07\/f9f6d89033033750bf853f7e196e2aff.jpg 1024w\" sizes=\"auto, (max-width: 300px) 100vw, 300px\" \/><\/a><\/p>\n","protected":false},"excerpt":{"rendered":"<p>C41 (Borner)<\/p>\n<p>Gaisa iero\u010du modelis Borner C41-lieliska izv\u0113le jebkura l\u012bme\u0146a personai.<\/p>\n<p> Borner C41 pistolei ir daudz kop\u012bgu iez\u012bmju ar Crosman C41, abi mode\u013ci ir vienk\u0101r\u0161i un uzticami, un tie ir pasaules slaven\u0101 Walther P. 38 kopija, kas ir pla\u0161i izmantots pag\u0101ju\u0161\u0101 gadsimta milit\u0101rais ierocis.<\/p>\n<p>Ra\u017eot\u0101js: BORNER<\/p>\n<p>Garantija: 12 m\u0113ne\u0161i<\/p>\n<p>Kalibrs: 4.5 mm (.177)<\/p>\n<p>Saska\u0146\u0101 ar darb\u012bbas principu: gaisa ierocis<\/p>\n<p>Ener\u0123ijas avots: 12 g CO2<\/p>\n<p>Mun\u012bcija: BB bumbas 4.5 mm<\/p>\n<p>Papl\u0101tes ietilp\u012bba: 18<\/p>\n<p>Trieciens: vai nu<\/p>\n<p>\u0160au\u0161anas \u0101trums: 128 m \/ s<\/p>\n<p>Materi\u0101ls: Korpuss-met\u0101ls; caurule-met\u0101ls<\/p>\n<p>Kr\u0101sa: Ragavas (melnas), rokturi imit\u0113jo\u0161s koks<\/p>\n<p>Uguns re\u017e\u012bms: Pusautom\u0101tisks<\/p>\n<p>Aizsardz\u012bba: neautom\u0101tiska, poga \/ slaids<\/p>\n<p>Atrakcijas: neregul\u0113ta redze un skats no priek\u0161puses<\/p>\n<p>Tips: gluds<\/p>\n<p>Garums: 210 mm<\/p>\n<p>Svars: 1000 g<\/p>\n","protected":false},"featured_media":110231,"template":"","meta":{"_acf_changed":false},"product_brand":[],"product_cat":[1004,1005],"product_tag":[],"class_list":{"0":"post-152004","1":"product","2":"type-product","3":"status-publish","4":"has-post-thumbnail","6":"product_cat-lidmasinas","7":"product_cat-rokas-pistoles-lv","9":"first","10":"instock","11":"taxable","12":"shipping-taxable","13":"purchasable","14":"product-type-simple"},"acf":[],"_links":{"self":[{"href":"https:\/\/kingarms.ee\/lv\/wp-json\/wp\/v2\/product\/152004","targetHints":{"allow":["GET"]}}],"collection":[{"href":"https:\/\/kingarms.ee\/lv\/wp-json\/wp\/v2\/product"}],"about":[{"href":"https:\/\/kingarms.ee\/lv\/wp-json\/wp\/v2\/types\/product"}],"wp:featuredmedia":[{"embeddable":true,"href":"https:\/\/kingarms.ee\/lv\/wp-json\/wp\/v2\/media\/110231"}],"wp:attachment":[{"href":"https:\/\/kingarms.ee\/lv\/wp-json\/wp\/v2\/media?parent=152004"}],"wp:term":[{"taxonomy":"product_brand","embeddable":true,"href":"https:\/\/kingarms.ee\/lv\/wp-json\/wp\/v2\/product_brand?post=152004"},{"taxonomy":"product_cat","embeddable":true,"href":"https:\/\/kingarms.ee\/lv\/wp-json\/wp\/v2\/product_cat?post=152004"},{"taxonomy":"product_tag","embeddable":true,"href":"https:\/\/kingarms.ee\/lv\/wp-json\/wp\/v2\/product_tag?post=152004"}],"curies":[{"name":"wp","href":"https:\/\/api.w.org\/{rel}","templated":true}]}}