{"id":152005,"date":"2019-06-18T01:27:43","date_gmt":"2025-07-06T14:30:56","guid":{"rendered":"https:\/\/kingarms.ee\/product\/matka-riks-atpusties-meza-zeme\/"},"modified":"2025-07-06T17:30:56","modified_gmt":"2025-07-06T14:30:56","slug":"matka-riks-atpusties-meza-zeme","status":"publish","type":"product","link":"https:\/\/kingarms.ee\/lv\/product\/matka-riks-atpusties-meza-zeme\/","title":{"rendered":"Matka r\u012bks atp\u016bsties-me\u017ea zeme<br><br>"},"content":{"rendered":"<p><a href=\"https:\/\/kingarms.ee\/wp-content\/uploads\/2019\/06\/14445020_Relax_Woodland-300x300.jpg\"><img loading=\"lazy\" decoding=\"async\" class=\"alignnone size-medium wp-image-16030\" src=\"https:\/\/kingarms.ee\/wp-content\/uploads\/2019\/06\/14445020_Relax_Woodland-300x300.jpg\" alt=\"\" width=\"300\" height=\"300\" srcset=\"https:\/\/kingarms.ee\/wp-content\/uploads\/2019\/06\/14445020_Relax_Woodland-300x300.jpg 300w, https:\/\/kingarms.ee\/wp-content\/uploads\/2019\/06\/14445020_Relax_Woodland-150x150.jpg 150w, https:\/\/kingarms.ee\/wp-content\/uploads\/2019\/06\/14445020_Relax_Woodland-500x500.jpg 500w, https:\/\/kingarms.ee\/wp-content\/uploads\/2019\/06\/14445020_Relax_Woodland-768x768.jpg 768w, https:\/\/kingarms.ee\/wp-content\/uploads\/2019\/06\/14445020_Relax_Woodland.jpg 800w\" sizes=\"auto, (max-width: 300px) 100vw, 300px\" \/><\/a><\/p>\n","protected":false},"excerpt":{"rendered":"<p>Matkatool Atp\u016bsties-Me\u017ea Zeme<\/p>\n<p>P\u0101rg\u0101jienu kr\u0113sls ar atzveltni<\/p>\n<p>Materi\u0101ls: 600D Oksforda-neilons, p\u0101rkl\u0101ts ar polivinilhlor\u012bdu<\/p>\n<p>R\u0101mis: alum\u012bnijs<\/p>\n<p>\u016adens un net\u012brumu atbaid\u012b\u0161anas materi\u0101ls<\/p>\n<p>Roku balstu Gl\u0101\u017eu tur\u0113t\u0101js<\/p>\n<p>Soma kr\u0113slu uzglab\u0101\u0161anai iek\u013cauta<\/p>\n<p>M\u00f5\u00f5dud: 90 x 52 x 82 cm<\/p>\n<p>Kr\u0101sa: Me\u017ea Zeme<\/p>\n","protected":false},"featured_media":133197,"template":"","meta":{"_acf_changed":false},"product_brand":[],"product_cat":[1119],"product_tag":[],"class_list":{"0":"post-152005","1":"product","2":"type-product","3":"status-publish","4":"has-post-thumbnail","6":"product_cat-celojumu-preces","8":"first","9":"instock","10":"taxable","11":"shipping-taxable","12":"purchasable","13":"product-type-simple"},"acf":[],"_links":{"self":[{"href":"https:\/\/kingarms.ee\/lv\/wp-json\/wp\/v2\/product\/152005","targetHints":{"allow":["GET"]}}],"collection":[{"href":"https:\/\/kingarms.ee\/lv\/wp-json\/wp\/v2\/product"}],"about":[{"href":"https:\/\/kingarms.ee\/lv\/wp-json\/wp\/v2\/types\/product"}],"wp:featuredmedia":[{"embeddable":true,"href":"https:\/\/kingarms.ee\/lv\/wp-json\/wp\/v2\/media\/133197"}],"wp:attachment":[{"href":"https:\/\/kingarms.ee\/lv\/wp-json\/wp\/v2\/media?parent=152005"}],"wp:term":[{"taxonomy":"product_brand","embeddable":true,"href":"https:\/\/kingarms.ee\/lv\/wp-json\/wp\/v2\/product_brand?post=152005"},{"taxonomy":"product_cat","embeddable":true,"href":"https:\/\/kingarms.ee\/lv\/wp-json\/wp\/v2\/product_cat?post=152005"},{"taxonomy":"product_tag","embeddable":true,"href":"https:\/\/kingarms.ee\/lv\/wp-json\/wp\/v2\/product_tag?post=152005"}],"curies":[{"name":"wp","href":"https:\/\/api.w.org\/{rel}","templated":true}]}}