{"id":152006,"date":"2019-06-17T19:30:17","date_gmt":"2025-07-06T14:32:06","guid":{"rendered":"https:\/\/kingarms.ee\/product\/gun-tirisanas-komplekts\/"},"modified":"2025-07-06T17:32:06","modified_gmt":"2025-07-06T14:32:06","slug":"gun-tirisanas-komplekts","status":"publish","type":"product","link":"https:\/\/kingarms.ee\/lv\/product\/gun-tirisanas-komplekts\/","title":{"rendered":"Gun t\u012br\u012b\u0161anas komplekts<br><br>"},"content":{"rendered":"<p><a href=\"https:\/\/kingarms.ee\/wp-content\/uploads\/2019\/06\/10545115-300x300.jpg\"><img loading=\"lazy\" decoding=\"async\" class=\"alignnone size-medium wp-image-16024\" src=\"https:\/\/kingarms.ee\/wp-content\/uploads\/2019\/06\/10545115-300x300.jpg\" alt=\"\" width=\"300\" height=\"300\" srcset=\"https:\/\/kingarms.ee\/wp-content\/uploads\/2019\/06\/10545115-300x300.jpg 300w, https:\/\/kingarms.ee\/wp-content\/uploads\/2019\/06\/10545115-150x150.jpg 150w, https:\/\/kingarms.ee\/wp-content\/uploads\/2019\/06\/10545115.jpg 410w\" sizes=\"auto, (max-width: 300px) 100vw, 300px\" \/><\/a><\/p>\n","protected":false},"excerpt":{"rendered":"<p>Iero\u010du t\u012br\u012b\u0161anas komplekts sast\u0101v no<\/p>\n<p>\u2022 6 gabali cieta misi\u0146a stie\u0146i, kas piem\u0113roti 4,5 mm, 6 mm, 9 mm, 17 mm un 30 kalibriem.<\/p>\n<p>\u2022 10 bronzas sukas<\/p>\n<p>* 6 mopi<\/p>\n<p>* 4 piederumu adapteri<\/p>\n<p>* Viens rokturis<\/p>\n<p>* Divas slot sprauslas<\/p>\n<p>* * 7 \u0161\u0137\u0113pu pinted jags<\/p>\n<p>* Viena 50 (3&#8243; x 3&#8243;) t\u012br\u012b\u0161anas pl\u0101ksne<\/p>\n<p>\u0160is komplekts ir ide\u0101li piem\u0113rots \u0161aujamiero\u010du, gaisa un airsoft Iero\u010du t\u012br\u012b\u0161anai.<\/p>\n","protected":false},"featured_media":110193,"template":"","meta":{"_acf_changed":false},"product_brand":[],"product_cat":[1130,1012],"product_tag":[],"class_list":{"0":"post-152006","1":"product","2":"type-product","3":"status-publish","4":"has-post-thumbnail","6":"product_cat-cits-lv","7":"product_cat-ierocu-uzturesana","9":"first","10":"onbackorder","11":"taxable","12":"shipping-taxable","13":"product-type-simple"},"acf":[],"_links":{"self":[{"href":"https:\/\/kingarms.ee\/lv\/wp-json\/wp\/v2\/product\/152006","targetHints":{"allow":["GET"]}}],"collection":[{"href":"https:\/\/kingarms.ee\/lv\/wp-json\/wp\/v2\/product"}],"about":[{"href":"https:\/\/kingarms.ee\/lv\/wp-json\/wp\/v2\/types\/product"}],"wp:featuredmedia":[{"embeddable":true,"href":"https:\/\/kingarms.ee\/lv\/wp-json\/wp\/v2\/media\/110193"}],"wp:attachment":[{"href":"https:\/\/kingarms.ee\/lv\/wp-json\/wp\/v2\/media?parent=152006"}],"wp:term":[{"taxonomy":"product_brand","embeddable":true,"href":"https:\/\/kingarms.ee\/lv\/wp-json\/wp\/v2\/product_brand?post=152006"},{"taxonomy":"product_cat","embeddable":true,"href":"https:\/\/kingarms.ee\/lv\/wp-json\/wp\/v2\/product_cat?post=152006"},{"taxonomy":"product_tag","embeddable":true,"href":"https:\/\/kingarms.ee\/lv\/wp-json\/wp\/v2\/product_tag?post=152006"}],"curies":[{"name":"wp","href":"https:\/\/api.w.org\/{rel}","templated":true}]}}