{"id":152022,"date":"2019-09-18T13:56:14","date_gmt":"2025-07-06T14:39:19","guid":{"rendered":"https:\/\/kingarms.ee\/product\/360x1-lukturis-klarus\/"},"modified":"2025-07-06T17:39:19","modified_gmt":"2025-07-06T14:39:19","slug":"360x1-lukturis-klarus","status":"publish","type":"product","link":"https:\/\/kingarms.ee\/lv\/product\/360x1-lukturis-klarus\/","title":{"rendered":"360&#215;1 lukturis (Klarus)<br><br>"},"content":{"rendered":"<p><a href=\"https:\/\/kingarms.ee\/wp-content\/uploads\/2019\/09\/chrome_ffLqLIDcKb-300x300.png\"><img loading=\"lazy\" decoding=\"async\" class=\"alignnone size-medium wp-image-18408\" src=\"https:\/\/kingarms.ee\/wp-content\/uploads\/2019\/09\/chrome_ffLqLIDcKb-300x300.png\" alt=\"\" width=\"300\" height=\"300\" srcset=\"https:\/\/kingarms.ee\/wp-content\/uploads\/2019\/09\/chrome_ffLqLIDcKb-300x300.png 300w, https:\/\/kingarms.ee\/wp-content\/uploads\/2019\/09\/chrome_ffLqLIDcKb-150x150.png 150w, https:\/\/kingarms.ee\/wp-content\/uploads\/2019\/09\/chrome_ffLqLIDcKb-500x499.png 500w, https:\/\/kingarms.ee\/wp-content\/uploads\/2019\/09\/chrome_ffLqLIDcKb-768x766.png 768w, https:\/\/kingarms.ee\/wp-content\/uploads\/2019\/09\/chrome_ffLqLIDcKb.png 913w\" sizes=\"auto, (max-width: 300px) 100vw, 300px\" \/><\/a><\/p>\n","protected":false},"excerpt":{"rendered":"<p>Klarus 3. paaudzes taktiskais lukturis, kas ra\u017eo l\u012bdz 1800 l\u016bmeniem gaismas.<\/p>\n<p> CREE XHP35 HD E4 LED.<\/p>\n<p> Inteli\u0123ent\u0101 termoregul\u0101cijas sist\u0113ma pasarg\u0101 lampu no p\u0101rkar\u0161anas, savuk\u0101rt inteli\u0123ent\u0101 uzl\u0101des sist\u0113ma pasarg\u0101 lampu no p\u0101rm\u0113r\u012bgas uzl\u0101des un p\u0101rsprieguma; lampai ir ar\u012b polarit\u0101tes aizsardz\u012bba.<\/p>\n<p> Saad valida 6 reziimi vahel: turbo, augsts, vid\u0113js, zems, strobe, SOS.<\/p>\n<p> Turkl\u0101t ir iesp\u0113jams izv\u0113l\u0113ties vai nu taktisko, vai t\u0101 saukto.<\/p>\n<p> \u0101ra vai starp \u0101ra funkcij\u0101m.<\/p>\n<p> Darbojas ar 1x 18650 akumulatoru, 1x CR123A vai 2x KLARUS 16340.<\/p>\n<p> Pastiprin\u0101t\u0101 stikla l\u0113ca ir iztur\u012bga pret skr\u0101p\u0113jumiem, korpuss ir izgatavots no stipra alum\u012bnija sakaus\u0113juma.<\/p>\n<p> Korpuss ir izgatavots no \u0113rta silikona, kas nodro\u0161ina labu sa\u0137eri un ne\u013cauj lampai izsl\u012bd\u0113t no rok\u0101m.<\/p>\n<p> Pa\u0161aizsardz\u012bbas sprausla ir izgatavota no ner\u016bs\u0113jo\u0161\u0101 t\u0113rauda, un to var izmantot, lai \u0101rk\u0101rtas situ\u0101cij\u0101 salauztu stiklu.<\/p>\n<p> Komplekt\u0101 ietilpst 1x 18650 akumulators, 1 korpuss, 1 aproce, 1 rezerves bl\u012bv\u0113jums, 1 Mikro USB kabelis, 1 stiprin\u0101jums. Svars 113g bez akumulatora.<\/p>\n","protected":false},"featured_media":111181,"template":"","meta":{"_acf_changed":false},"product_brand":[],"product_cat":[1037],"product_tag":[],"class_list":{"0":"post-152022","1":"product","2":"type-product","3":"status-publish","4":"has-post-thumbnail","6":"product_cat-lukturisi","8":"first","9":"instock","10":"taxable","11":"shipping-taxable","12":"purchasable","13":"product-type-simple"},"acf":[],"_links":{"self":[{"href":"https:\/\/kingarms.ee\/lv\/wp-json\/wp\/v2\/product\/152022","targetHints":{"allow":["GET"]}}],"collection":[{"href":"https:\/\/kingarms.ee\/lv\/wp-json\/wp\/v2\/product"}],"about":[{"href":"https:\/\/kingarms.ee\/lv\/wp-json\/wp\/v2\/types\/product"}],"wp:featuredmedia":[{"embeddable":true,"href":"https:\/\/kingarms.ee\/lv\/wp-json\/wp\/v2\/media\/111181"}],"wp:attachment":[{"href":"https:\/\/kingarms.ee\/lv\/wp-json\/wp\/v2\/media?parent=152022"}],"wp:term":[{"taxonomy":"product_brand","embeddable":true,"href":"https:\/\/kingarms.ee\/lv\/wp-json\/wp\/v2\/product_brand?post=152022"},{"taxonomy":"product_cat","embeddable":true,"href":"https:\/\/kingarms.ee\/lv\/wp-json\/wp\/v2\/product_cat?post=152022"},{"taxonomy":"product_tag","embeddable":true,"href":"https:\/\/kingarms.ee\/lv\/wp-json\/wp\/v2\/product_tag?post=152022"}],"curies":[{"name":"wp","href":"https:\/\/api.w.org\/{rel}","templated":true}]}}