{"id":152030,"date":"2019-07-28T23:54:46","date_gmt":"2025-07-06T14:40:23","guid":{"rendered":"https:\/\/kingarms.ee\/product\/taktiskas-brilles-g-amp-g-2\/"},"modified":"2025-07-06T17:40:23","modified_gmt":"2025-07-06T14:40:23","slug":"taktiskas-brilles-g-amp-g-2","status":"publish","type":"product","link":"https:\/\/kingarms.ee\/lv\/product\/taktiskas-brilles-g-amp-g-2\/","title":{"rendered":"Taktisk\u0101s brilles (G &amp; amp; G)<br><br>"},"content":{"rendered":"<p><a href=\"https:\/\/kingarms.ee\/wp-content\/uploads\/2019\/07\/1152217833_1-300x200.jpg\"><img loading=\"lazy\" decoding=\"async\" class=\"alignnone size-medium wp-image-17614\" src=\"https:\/\/kingarms.ee\/wp-content\/uploads\/2019\/07\/1152217833_1-300x200.jpg\" alt=\"\" width=\"300\" height=\"200\" srcset=\"https:\/\/kingarms.ee\/wp-content\/uploads\/2019\/07\/1152217833_1-300x200.jpg 300w, https:\/\/kingarms.ee\/wp-content\/uploads\/2019\/07\/1152217833_1-150x100.jpg 150w, https:\/\/kingarms.ee\/wp-content\/uploads\/2019\/07\/1152217833_1-500x333.jpg 500w, https:\/\/kingarms.ee\/wp-content\/uploads\/2019\/07\/1152217833_1-768x512.jpg 768w, https:\/\/kingarms.ee\/wp-content\/uploads\/2019\/07\/1152217833_1.jpg 800w\" sizes=\"auto, (max-width: 300px) 100vw, 300px\" \/><\/a><\/p>\n","protected":false},"excerpt":{"rendered":"<p>Taktisk\u0101s brilles (G &amp; amp; G)<\/p>\n<p>G &amp; amp;G bru\u0146ojums original goggles.<\/p>\n<p> R\u0101mis meln\u0101 kr\u0101s\u0101 ir izgatavots no triecieniztur\u012bgas ABS plastmasas, l\u0113cas ir izgatavotas no optisk\u0101 polikarbon\u0101ta.<\/p>\n<p> L\u0113cas neizkrop\u013co, t\u0101s dro\u0161i aizsarg\u0101 acis gan no priek\u0161puses, gan no s\u0101niem.<\/p>\n<p> Garumu var noregul\u0113t.<\/p>\n<p> M\u012bksta gumijas pogcaurums.<\/p>\n<p>Funkcija:<\/p>\n<p>R\u0101mja kr\u0101sa-melna<\/p>\n<p>Materi\u0101ls r\u0101mja izgatavo\u0161anai-ABS plastmasa;<\/p>\n<p>L\u0113cu izgatavo\u0161anas materi\u0101ls-optiskais polikarbon\u0101ts;<\/p>\n<p>Piem\u0113rots gandr\u012bz visiem galvas izm\u0113riem;<\/p>\n<p>Viegls, \u0113rts, labi aizsarg\u0101 acis;<\/p>\n<p>Neliela plat\u012bba sejas sl\u0113g\u0161anu ap ac\u012bm;<\/p>\n<p>Komplekt\u0101 ar v\u0101ku;<\/p>\n<p>At\u013cauts sp\u0113l\u0113t airsoft.<\/p>\n<p><span style=\"color: #ff0000;\">NB!<\/p>\n<p> Produkts nav ballistiska acu aizsardz\u012bba, un t\u0101 izmanto\u0161ana \u0161im nol\u016bkam nav sader\u012bga ar paredz\u0113to lietojumu.<\/p>\n<p>P\u0101rdev\u0113js un ra\u017eot\u0101js nav atbild\u012bgi par produkta lieto\u0161anu, lai aizsarg\u0101tu lietot\u0101ja acis airsoft sp\u0113l\u0113s, izmantojot airsoft kopijas.<\/p>\n<p> Tas attiecas ar\u012b uz iesp\u0113jam\u0101m vesel\u012bbas probl\u0113m\u0101m vai \u012bpa\u0161uma boj\u0101jumiem lietot\u0101jam, un s\u016bdz\u012bba par produktu neattiecas.<\/p>\n<p><\/span><\/p>\n","protected":false},"featured_media":110841,"template":"","meta":{"_acf_changed":false},"product_brand":[],"product_cat":[1085],"product_tag":[],"class_list":{"0":"post-152030","1":"product","2":"type-product","3":"status-publish","4":"has-post-thumbnail","6":"product_cat-airsoft-brilles","8":"first","9":"instock","10":"taxable","11":"shipping-taxable","12":"purchasable","13":"product-type-simple"},"acf":[],"_links":{"self":[{"href":"https:\/\/kingarms.ee\/lv\/wp-json\/wp\/v2\/product\/152030","targetHints":{"allow":["GET"]}}],"collection":[{"href":"https:\/\/kingarms.ee\/lv\/wp-json\/wp\/v2\/product"}],"about":[{"href":"https:\/\/kingarms.ee\/lv\/wp-json\/wp\/v2\/types\/product"}],"wp:featuredmedia":[{"embeddable":true,"href":"https:\/\/kingarms.ee\/lv\/wp-json\/wp\/v2\/media\/110841"}],"wp:attachment":[{"href":"https:\/\/kingarms.ee\/lv\/wp-json\/wp\/v2\/media?parent=152030"}],"wp:term":[{"taxonomy":"product_brand","embeddable":true,"href":"https:\/\/kingarms.ee\/lv\/wp-json\/wp\/v2\/product_brand?post=152030"},{"taxonomy":"product_cat","embeddable":true,"href":"https:\/\/kingarms.ee\/lv\/wp-json\/wp\/v2\/product_cat?post=152030"},{"taxonomy":"product_tag","embeddable":true,"href":"https:\/\/kingarms.ee\/lv\/wp-json\/wp\/v2\/product_tag?post=152030"}],"curies":[{"name":"wp","href":"https:\/\/api.w.org\/{rel}","templated":true}]}}