{"id":152031,"date":"2019-07-27T20:22:46","date_gmt":"2025-07-06T14:40:52","guid":{"rendered":"https:\/\/kingarms.ee\/product\/x3200-ugunsgreka-meritaja-atrums-xcortech\/"},"modified":"2025-07-06T17:40:52","modified_gmt":"2025-07-06T14:40:52","slug":"x3200-ugunsgreka-meritaja-atrums-xcortech","status":"publish","type":"product","link":"https:\/\/kingarms.ee\/lv\/product\/x3200-ugunsgreka-meritaja-atrums-xcortech\/","title":{"rendered":"X3200 ugunsgr\u0113ka m\u0113r\u012bt\u0101ja \u0101trums (XCORTECH)<br><br>"},"content":{"rendered":"<p><a href=\"https:\/\/kingarms.ee\/wp-content\/uploads\/2019\/07\/1152212346_1-300x200.jpg\"><img loading=\"lazy\" decoding=\"async\" class=\"alignnone size-medium wp-image-17377\" src=\"https:\/\/kingarms.ee\/wp-content\/uploads\/2019\/07\/1152212346_1-300x200.jpg\" alt=\"\" width=\"300\" height=\"200\" srcset=\"https:\/\/kingarms.ee\/wp-content\/uploads\/2019\/07\/1152212346_1-300x200.jpg 300w, https:\/\/kingarms.ee\/wp-content\/uploads\/2019\/07\/1152212346_1-150x100.jpg 150w, https:\/\/kingarms.ee\/wp-content\/uploads\/2019\/07\/1152212346_1-500x333.jpg 500w, https:\/\/kingarms.ee\/wp-content\/uploads\/2019\/07\/1152212346_1-768x512.jpg 768w, https:\/\/kingarms.ee\/wp-content\/uploads\/2019\/07\/1152212346_1.jpg 800w\" sizes=\"auto, (max-width: 300px) 100vw, 300px\" \/><\/a><\/p>\n","protected":false},"excerpt":{"rendered":"<p>X3200 ugunsgr\u0113ka m\u0113r\u012bt\u0101ja \u0101trums (XCORTECH)<\/p>\n<p>Jaun\u0101kais \u0161au\u0161anas \u0101truma m\u0113r\u012bt\u0101ja Modelis X3200 MK3 no xcortech.<\/p>\n<p> Augstas kvalit\u0101tes daudzfunkcion\u0101ls un prec\u012bzs ugunsgr\u0113ka m\u0113r\u012bt\u0101ja \u0101trums m\u0113ra BB lodes (fps \/ ms) s\u0101kotn\u0113jo \u0101trumu, sp\u0113ku d\u017eoulos ( J ) un \u0161au\u0161anas bl\u012bvumu (rpm). Darbojas ar 2 AA tipa baterij\u0101m (nav iek\u013cautas komplekt\u0101). \u013boti kompakts, viegli saprotams un viegls produkts. Produktam ir Mikro USB savienojums ar 14 sensoriem (iepriek\u0161\u0113jiem produktiem bija 8). Produkts ir \u013coti energoefekt\u012bvs.<\/p>\n","protected":false},"featured_media":110749,"template":"","meta":{"_acf_changed":false},"product_brand":[],"product_cat":[1114],"product_tag":[],"class_list":{"0":"post-152031","1":"product","2":"type-product","3":"status-publish","4":"has-post-thumbnail","6":"product_cat-hronografi","8":"first","9":"onbackorder","10":"taxable","11":"shipping-taxable","12":"product-type-simple"},"acf":[],"_links":{"self":[{"href":"https:\/\/kingarms.ee\/lv\/wp-json\/wp\/v2\/product\/152031","targetHints":{"allow":["GET"]}}],"collection":[{"href":"https:\/\/kingarms.ee\/lv\/wp-json\/wp\/v2\/product"}],"about":[{"href":"https:\/\/kingarms.ee\/lv\/wp-json\/wp\/v2\/types\/product"}],"wp:featuredmedia":[{"embeddable":true,"href":"https:\/\/kingarms.ee\/lv\/wp-json\/wp\/v2\/media\/110749"}],"wp:attachment":[{"href":"https:\/\/kingarms.ee\/lv\/wp-json\/wp\/v2\/media?parent=152031"}],"wp:term":[{"taxonomy":"product_brand","embeddable":true,"href":"https:\/\/kingarms.ee\/lv\/wp-json\/wp\/v2\/product_brand?post=152031"},{"taxonomy":"product_cat","embeddable":true,"href":"https:\/\/kingarms.ee\/lv\/wp-json\/wp\/v2\/product_cat?post=152031"},{"taxonomy":"product_tag","embeddable":true,"href":"https:\/\/kingarms.ee\/lv\/wp-json\/wp\/v2\/product_tag?post=152031"}],"curies":[{"name":"wp","href":"https:\/\/api.w.org\/{rel}","templated":true}]}}