{"id":152033,"date":"2019-07-24T23:48:45","date_gmt":"2025-07-06T14:41:01","guid":{"rendered":"https:\/\/kingarms.ee\/product\/ris-reil-ak-tipa-ierociem-metals\/"},"modified":"2025-07-06T17:41:01","modified_gmt":"2025-07-06T14:41:01","slug":"ris-reil-ak-tipa-ierociem-metals","status":"publish","type":"product","link":"https:\/\/kingarms.ee\/lv\/product\/ris-reil-ak-tipa-ierociem-metals\/","title":{"rendered":"RIS reil AK tipa iero\u010diem (met\u0101ls)<br><br>"},"content":{"rendered":"<p><a href=\"https:\/\/kingarms.ee\/wp-content\/uploads\/2019\/07\/cobra-airsoft-railed-ak-scope-mount-black-metal-20mm-picatinny-rail-9253-17418-pekm500x500ekm-300x300.jpg\"><img loading=\"lazy\" decoding=\"async\" class=\"alignnone size-medium wp-image-17225\" src=\"https:\/\/kingarms.ee\/wp-content\/uploads\/2019\/07\/cobra-airsoft-railed-ak-scope-mount-black-metal-20mm-picatinny-rail-9253-17418-pekm500x500ekm-300x300.jpg\" alt=\"\" width=\"300\" height=\"300\" srcset=\"https:\/\/kingarms.ee\/wp-content\/uploads\/2019\/07\/cobra-airsoft-railed-ak-scope-mount-black-metal-20mm-picatinny-rail-9253-17418-pekm500x500ekm-300x300.jpg 300w, https:\/\/kingarms.ee\/wp-content\/uploads\/2019\/07\/cobra-airsoft-railed-ak-scope-mount-black-metal-20mm-picatinny-rail-9253-17418-pekm500x500ekm-150x150.jpg 150w, https:\/\/kingarms.ee\/wp-content\/uploads\/2019\/07\/cobra-airsoft-railed-ak-scope-mount-black-metal-20mm-picatinny-rail-9253-17418-pekm500x500ekm.jpg 500w\" sizes=\"auto, (max-width: 300px) 100vw, 300px\" \/><\/a><\/p>\n","protected":false},"excerpt":{"rendered":"<p>RIS reil AK tipa iero\u010diem (met\u0101ls)<\/p>\n<p>Ris reil ir paredz\u0113ts AK tipa iero\u010diem.<\/p>\n<p> Reil dod jums iesp\u0113ju uzst\u0101d\u012bt sarkanu punktu vai \u012bsu optisko skatu.<\/p>\n<p>Svars: 230g<\/p>\n","protected":false},"featured_media":110695,"template":"","meta":{"_acf_changed":false},"product_brand":[],"product_cat":[1129],"product_tag":[],"class_list":{"0":"post-152033","1":"product","2":"type-product","3":"status-publish","4":"has-post-thumbnail","6":"product_cat-rezerves-dalas","8":"first","9":"instock","10":"taxable","11":"shipping-taxable","12":"purchasable","13":"product-type-simple"},"acf":[],"_links":{"self":[{"href":"https:\/\/kingarms.ee\/lv\/wp-json\/wp\/v2\/product\/152033","targetHints":{"allow":["GET"]}}],"collection":[{"href":"https:\/\/kingarms.ee\/lv\/wp-json\/wp\/v2\/product"}],"about":[{"href":"https:\/\/kingarms.ee\/lv\/wp-json\/wp\/v2\/types\/product"}],"wp:featuredmedia":[{"embeddable":true,"href":"https:\/\/kingarms.ee\/lv\/wp-json\/wp\/v2\/media\/110695"}],"wp:attachment":[{"href":"https:\/\/kingarms.ee\/lv\/wp-json\/wp\/v2\/media?parent=152033"}],"wp:term":[{"taxonomy":"product_brand","embeddable":true,"href":"https:\/\/kingarms.ee\/lv\/wp-json\/wp\/v2\/product_brand?post=152033"},{"taxonomy":"product_cat","embeddable":true,"href":"https:\/\/kingarms.ee\/lv\/wp-json\/wp\/v2\/product_cat?post=152033"},{"taxonomy":"product_tag","embeddable":true,"href":"https:\/\/kingarms.ee\/lv\/wp-json\/wp\/v2\/product_tag?post=152033"}],"curies":[{"name":"wp","href":"https:\/\/api.w.org\/{rel}","templated":true}]}}