{"id":152077,"date":"2019-11-18T17:27:48","date_gmt":"2025-07-06T15:00:55","guid":{"rendered":"https:\/\/kingarms.ee\/product\/excite-razor\/"},"modified":"2025-07-06T18:00:55","modified_gmt":"2025-07-06T15:00:55","slug":"excite-razor","status":"publish","type":"product","link":"https:\/\/kingarms.ee\/lv\/product\/excite-razor\/","title":{"rendered":"EXCITE (Razor)"},"content":{"rendered":"<p><a href=\"https:\/\/kingarms.ee\/wp-content\/uploads\/2019\/11\/air-pistol-razorgun-excite-4-5-mm-bbs-co2-f2bb50d275f44b64aa5ae9f8144625c0-b5e9973f-300x225.jpg\"><img loading=\"lazy\" decoding=\"async\" class=\"alignnone size-medium wp-image-22109\" src=\"https:\/\/kingarms.ee\/wp-content\/uploads\/2019\/11\/air-pistol-razorgun-excite-4-5-mm-bbs-co2-f2bb50d275f44b64aa5ae9f8144625c0-b5e9973f-300x225.jpg\" alt=\"\" width=\"300\" height=\"225\" srcset=\"https:\/\/kingarms.ee\/wp-content\/uploads\/2019\/11\/air-pistol-razorgun-excite-4-5-mm-bbs-co2-f2bb50d275f44b64aa5ae9f8144625c0-b5e9973f-300x225.jpg 300w, https:\/\/kingarms.ee\/wp-content\/uploads\/2019\/11\/air-pistol-razorgun-excite-4-5-mm-bbs-co2-f2bb50d275f44b64aa5ae9f8144625c0-b5e9973f-150x113.jpg 150w, https:\/\/kingarms.ee\/wp-content\/uploads\/2019\/11\/air-pistol-razorgun-excite-4-5-mm-bbs-co2-f2bb50d275f44b64aa5ae9f8144625c0-b5e9973f-500x375.jpg 500w, https:\/\/kingarms.ee\/wp-content\/uploads\/2019\/11\/air-pistol-razorgun-excite-4-5-mm-bbs-co2-f2bb50d275f44b64aa5ae9f8144625c0-b5e9973f-768x576.jpg 768w, https:\/\/kingarms.ee\/wp-content\/uploads\/2019\/11\/air-pistol-razorgun-excite-4-5-mm-bbs-co2-f2bb50d275f44b64aa5ae9f8144625c0-b5e9973f-600x450.jpg 600w, https:\/\/kingarms.ee\/wp-content\/uploads\/2019\/11\/air-pistol-razorgun-excite-4-5-mm-bbs-co2-f2bb50d275f44b64aa5ae9f8144625c0-b5e9973f.jpg 1000w\" sizes=\"auto, (max-width: 300px) 100vw, 300px\" \/><\/a><\/p>\n","protected":false},"excerpt":{"rendered":"<p>EXCITE (Razor)<\/p>\n<p>Ra\u017eot\u0101js: Razor (Taiv\u0101na)<\/p>\n<p>Kalibrs: 4,5 mm (.177)<\/p>\n<p>Darb\u012bbas princips: g\u0101zes balonu pneimatika<\/p>\n<p>Ener\u0123ijas avots: CO2-g\u0101zes 12 gramu kapelas<\/p>\n<p>Purna ener\u0123ija: l\u012bdz 3 J<\/p>\n<p>Spr\u0101dzienb\u012bstams materi\u0101ls: BB bumbi\u0146as 4.5 mm<\/p>\n<p>Papl\u0101tes ietilp\u012bba: 19<\/p>\n<p>Aizvars: p\u0101rvietojams<\/p>\n<p>Trieciens: vai nu<\/p>\n<p>\u0160au\u0161anas \u0101trums: 115 m \/ s<\/p>\n<p>Materi\u0101ls: \u0137erme\u0146a plastmasa; Plastmasas rokturis<\/p>\n<p>\u0160oka un spr\u016bda meh\u0101nisms: viena darb\u012bba<\/p>\n<p>Fotograf\u0113\u0161anas re\u017e\u012bms: Pusautom\u0101tisks<\/p>\n<p>Aizsardz\u012bba: neautom\u0101tiska, poga<\/p>\n<p>Atrakcijas: neregul\u0113ta redze un lido\u0161ana, balti punkti<\/p>\n<p>D\u0113\u013cu aud\u0113js \/ Picatinny: jah, t\u00fcnnise visi<\/p>\n<p>Garums: 180mm<\/p>\n<p>Svars: 500 g<\/p>\n","protected":false},"featured_media":111820,"template":"","meta":{"_acf_changed":false},"product_brand":[],"product_cat":[1004,1005],"product_tag":[],"class_list":{"0":"post-152077","1":"product","2":"type-product","3":"status-publish","4":"has-post-thumbnail","6":"product_cat-lidmasinas","7":"product_cat-rokas-pistoles-lv","9":"first","10":"instock","11":"taxable","12":"shipping-taxable","13":"purchasable","14":"product-type-simple"},"acf":[],"_links":{"self":[{"href":"https:\/\/kingarms.ee\/lv\/wp-json\/wp\/v2\/product\/152077","targetHints":{"allow":["GET"]}}],"collection":[{"href":"https:\/\/kingarms.ee\/lv\/wp-json\/wp\/v2\/product"}],"about":[{"href":"https:\/\/kingarms.ee\/lv\/wp-json\/wp\/v2\/types\/product"}],"wp:featuredmedia":[{"embeddable":true,"href":"https:\/\/kingarms.ee\/lv\/wp-json\/wp\/v2\/media\/111820"}],"wp:attachment":[{"href":"https:\/\/kingarms.ee\/lv\/wp-json\/wp\/v2\/media?parent=152077"}],"wp:term":[{"taxonomy":"product_brand","embeddable":true,"href":"https:\/\/kingarms.ee\/lv\/wp-json\/wp\/v2\/product_brand?post=152077"},{"taxonomy":"product_cat","embeddable":true,"href":"https:\/\/kingarms.ee\/lv\/wp-json\/wp\/v2\/product_cat?post=152077"},{"taxonomy":"product_tag","embeddable":true,"href":"https:\/\/kingarms.ee\/lv\/wp-json\/wp\/v2\/product_tag?post=152077"}],"curies":[{"name":"wp","href":"https:\/\/api.w.org\/{rel}","templated":true}]}}