{"id":152078,"date":"2019-11-01T18:05:48","date_gmt":"2025-07-06T15:02:19","guid":{"rendered":"https:\/\/kingarms.ee\/product\/remington-jg01-udensizturigs\/"},"modified":"2025-07-06T18:02:19","modified_gmt":"2025-07-06T15:02:19","slug":"remington-jg01-udensizturigs","status":"publish","type":"product","link":"https:\/\/kingarms.ee\/lv\/product\/remington-jg01-udensizturigs\/","title":{"rendered":"Remington JG01 (\u016bdensiztur\u012bgs)"},"content":{"rendered":"<p><a href=\"https:\/\/kingarms.ee\/wp-content\/uploads\/2019\/11\/577984b85f2bb6c91e860ea4bd97c59b-300x200.jpg\"><img loading=\"lazy\" decoding=\"async\" class=\"alignnone size-medium wp-image-19279\" src=\"https:\/\/kingarms.ee\/wp-content\/uploads\/2019\/11\/577984b85f2bb6c91e860ea4bd97c59b-300x200.jpg\" alt=\"\" width=\"300\" height=\"200\" srcset=\"https:\/\/kingarms.ee\/wp-content\/uploads\/2019\/11\/577984b85f2bb6c91e860ea4bd97c59b-300x200.jpg 300w, https:\/\/kingarms.ee\/wp-content\/uploads\/2019\/11\/577984b85f2bb6c91e860ea4bd97c59b-150x100.jpg 150w, https:\/\/kingarms.ee\/wp-content\/uploads\/2019\/11\/577984b85f2bb6c91e860ea4bd97c59b-500x333.jpg 500w, https:\/\/kingarms.ee\/wp-content\/uploads\/2019\/11\/577984b85f2bb6c91e860ea4bd97c59b-768x512.jpg 768w, https:\/\/kingarms.ee\/wp-content\/uploads\/2019\/11\/577984b85f2bb6c91e860ea4bd97c59b.jpg 1024w\" sizes=\"auto, (max-width: 300px) 100vw, 300px\" \/><\/a><\/p>\n","protected":false},"excerpt":{"rendered":"<p>Remington JG01 (\u016bdensiztur\u012bgs)<\/p>\n<p>Remington assault z\u0101baki ir piem\u0113roti tiem, kuri nev\u0113las atteikties pat vasar\u0101 profesion\u0101lo apst\u0101k\u013cu vai personisk\u0101s atkar\u012bbas d\u0113\u013c.<\/p>\n<p>\u0160ajos z\u0101bakos k\u0101jas nesasilst kombin\u0113t\u0101s aug\u0161da\u013cas d\u0113\u013c, kas sast\u0101v no \u012bstas \u0101das un Cordura auduma. Tekstilmateri\u0101la nodilumiztur\u012bga \u0101tri \u017e\u016bsto\u0161a odere.<\/p>\n<p>Z\u0101baku zole ir izgatavota no termoplastiskas gumijas (TEP) un ir apr\u012bkota ar att\u012bst\u012btu protektoru, kas labi piem\u0113rots mitrai z\u0101lei purvos, sliden\u0101s kalnu nog\u0101z\u0113s un irden\u0101 augsn\u0113. Pla\u0161ais met\u0101la arkas balsts lieliski atbalsta p\u0113das arku, pastiprin\u0101t\u0101 mugura un pirksta gals, kas izgatavots no termoplastiska materi\u0101la, aizsarg\u0101 p\u0113du no akmens atliek\u0101m. Odere: dabiska nodilumiztur\u012bga un \u0101tri \u017e\u016bsto\u0161a. Vien\u012bg\u0101 stiprin\u0101juma metode: l\u012bme. Nedzird\u012bgo v\u0101rsts (m\u0113le) aizsarg\u0101 p\u0113du no apk\u0101rt\u0113j\u0101s vides ietekmes (putek\u013ci, \u016bdens, net\u012brumi). Z\u0101baku iek\u0161puse ir izgatavota no COOLMAX sviedru auduma. Viena z\u0101baka svars ir 0,86 kg<\/p>\n","protected":false},"featured_media":111574,"template":"","meta":{"_acf_changed":false},"product_brand":[],"product_cat":[1072],"product_tag":[],"class_list":{"0":"post-152078","1":"product","2":"type-product","3":"status-publish","4":"has-post-thumbnail","6":"product_cat-zabaki","8":"first","9":"instock","10":"sale","11":"taxable","12":"shipping-taxable","13":"purchasable","14":"product-type-simple"},"acf":[],"_links":{"self":[{"href":"https:\/\/kingarms.ee\/lv\/wp-json\/wp\/v2\/product\/152078","targetHints":{"allow":["GET"]}}],"collection":[{"href":"https:\/\/kingarms.ee\/lv\/wp-json\/wp\/v2\/product"}],"about":[{"href":"https:\/\/kingarms.ee\/lv\/wp-json\/wp\/v2\/types\/product"}],"wp:featuredmedia":[{"embeddable":true,"href":"https:\/\/kingarms.ee\/lv\/wp-json\/wp\/v2\/media\/111574"}],"wp:attachment":[{"href":"https:\/\/kingarms.ee\/lv\/wp-json\/wp\/v2\/media?parent=152078"}],"wp:term":[{"taxonomy":"product_brand","embeddable":true,"href":"https:\/\/kingarms.ee\/lv\/wp-json\/wp\/v2\/product_brand?post=152078"},{"taxonomy":"product_cat","embeddable":true,"href":"https:\/\/kingarms.ee\/lv\/wp-json\/wp\/v2\/product_cat?post=152078"},{"taxonomy":"product_tag","embeddable":true,"href":"https:\/\/kingarms.ee\/lv\/wp-json\/wp\/v2\/product_tag?post=152078"}],"curies":[{"name":"wp","href":"https:\/\/api.w.org\/{rel}","templated":true}]}}