{"id":152085,"date":"2019-10-07T18:35:57","date_gmt":"2025-07-06T15:03:34","guid":{"rendered":"https:\/\/kingarms.ee\/product\/prieksgala-komplekts-upland-crosman\/"},"modified":"2025-07-06T18:03:34","modified_gmt":"2025-07-06T15:03:34","slug":"prieksgala-komplekts-upland-crosman","status":"publish","type":"product","link":"https:\/\/kingarms.ee\/lv\/product\/prieksgala-komplekts-upland-crosman\/","title":{"rendered":"Priek\u0161gala komplekts UPLAND (Crosman)"},"content":{"rendered":"<p><a href=\"https:\/\/kingarms.ee\/wp-content\/uploads\/2019\/10\/71xNTxtbudL._SL1500_-300x163.jpg\"><img loading=\"lazy\" decoding=\"async\" class=\"alignnone size-medium wp-image-18631\" src=\"https:\/\/kingarms.ee\/wp-content\/uploads\/2019\/10\/71xNTxtbudL._SL1500_-300x163.jpg\" alt=\"\" width=\"300\" height=\"163\" srcset=\"https:\/\/kingarms.ee\/wp-content\/uploads\/2019\/10\/71xNTxtbudL._SL1500_-300x163.jpg 300w, https:\/\/kingarms.ee\/wp-content\/uploads\/2019\/10\/71xNTxtbudL._SL1500_-150x82.jpg 150w, https:\/\/kingarms.ee\/wp-content\/uploads\/2019\/10\/71xNTxtbudL._SL1500_-500x272.jpg 500w, https:\/\/kingarms.ee\/wp-content\/uploads\/2019\/10\/71xNTxtbudL._SL1500_-768x418.jpg 768w, https:\/\/kingarms.ee\/wp-content\/uploads\/2019\/10\/71xNTxtbudL._SL1500_.jpg 1024w\" sizes=\"auto, (max-width: 300px) 100vw, 300px\" \/><\/a><\/p>\n","protected":false},"excerpt":{"rendered":"<p>Priek\u0161gala komplekts UPLAND (Crosman)<\/p>\n<p>Ra\u017eot\u0101ja Crosman loka \u0161au\u0161anas s\u0101kuma komplekts ir ide\u0101la izv\u0113le jaunam vai pieaugu\u0161am ies\u0101c\u0113jam, kur\u0161 v\u0113las vieglu loku.<\/p>\n<p>Startera komplekt\u0101, kas izgatavots no augstas kvalit\u0101tes, iztur\u012bgiem kompoz\u012btmateri\u0101liem un stikla \u0161\u0137iedras materi\u0101liem, ietilpst divas 26 collu stikla \u0161\u0137iedras bulti\u0146as, roku un pirkstu aizsargs, jostas v\u0113rp\u0113js un m\u0113r\u0137a virsma.<\/p>\n<p>Funkcija:<\/p>\n<p>Viegls ies\u0101c\u0113ju loks<\/p>\n<p>Lab\u0101s rokas rokturis<\/p>\n<p>10 m\u0101rci\u0146as izdar\u012bt svaru<\/p>\n<p>22 &#8221; z\u012bm\u0113\u0161anas garums<\/p>\n<p>36,5 &#8221; starp asi un asi<\/p>\n<p>7.5 &#8221; lenc\u0113m Augstums<\/p>\n<p>Svars 1.7 kg<\/p>\n","protected":false},"featured_media":132873,"template":"","meta":{"_acf_changed":false},"product_brand":[],"product_cat":[1018,1013],"product_tag":[],"class_list":{"0":"post-152085","1":"product","2":"type-product","3":"status-publish","4":"has-post-thumbnail","6":"product_cat-loki","7":"product_cat-loki-un-sen","9":"first","10":"instock","11":"taxable","12":"shipping-taxable","13":"purchasable","14":"product-type-simple"},"acf":[],"_links":{"self":[{"href":"https:\/\/kingarms.ee\/lv\/wp-json\/wp\/v2\/product\/152085","targetHints":{"allow":["GET"]}}],"collection":[{"href":"https:\/\/kingarms.ee\/lv\/wp-json\/wp\/v2\/product"}],"about":[{"href":"https:\/\/kingarms.ee\/lv\/wp-json\/wp\/v2\/types\/product"}],"wp:featuredmedia":[{"embeddable":true,"href":"https:\/\/kingarms.ee\/lv\/wp-json\/wp\/v2\/media\/132873"}],"wp:attachment":[{"href":"https:\/\/kingarms.ee\/lv\/wp-json\/wp\/v2\/media?parent=152085"}],"wp:term":[{"taxonomy":"product_brand","embeddable":true,"href":"https:\/\/kingarms.ee\/lv\/wp-json\/wp\/v2\/product_brand?post=152085"},{"taxonomy":"product_cat","embeddable":true,"href":"https:\/\/kingarms.ee\/lv\/wp-json\/wp\/v2\/product_cat?post=152085"},{"taxonomy":"product_tag","embeddable":true,"href":"https:\/\/kingarms.ee\/lv\/wp-json\/wp\/v2\/product_tag?post=152085"}],"curies":[{"name":"wp","href":"https:\/\/api.w.org\/{rel}","templated":true}]}}