{"id":152136,"date":"2022-03-23T02:33:24","date_gmt":"2025-07-06T15:31:22","guid":{"rendered":"https:\/\/kingarms.ee\/product\/taktiskie-cimdu-mehanix-m-pact-55-covert\/"},"modified":"2025-07-06T18:31:22","modified_gmt":"2025-07-06T15:31:22","slug":"taktiskie-cimdu-mehanix-m-pact-55-covert","status":"publish","type":"product","link":"https:\/\/kingarms.ee\/lv\/product\/taktiskie-cimdu-mehanix-m-pact-55-covert\/","title":{"rendered":"Taktiskie cimdu meh\u0101nix M-Pact 55 Covert"},"content":{"rendered":"<p>Taktiskie cimdi m-pakts 55.<\/p>\n<p>Cimdu polsterrakjums un TPR panealgi nodroshina aizsardzalkbu Pret trieciem un iespoadjamiem ievainojumiem.<\/p>\n<p>Cilpi\u0146a cimdu pakarin\u0101\u0161anai, izmantojot karab\u012bni.<\/p>\n<p>Trekdry-materi\u0101la aug\u0161da\u013ca uztur rokas sausas un \u0113rtas.<\/p>\n<p>Armortexaily stiegrojuma panelis plaukst\u0101.<\/p>\n<p>D3O polster\u0113jums plaukst\u0101 sl\u0101p\u0113 triecienus un vibr\u0101cijas.<\/p>\n<p>Palma no iztur\u012bgas sint\u0113tisk\u0101s \u0101das.<\/p>\n<p>Unik\u0101li izstr\u0101d\u0101ti reljefi \u012bk\u0161\u0137i un r\u0101d\u012bt\u0101jpirkstu da\u013cas.<\/p>\n<p>Nostiprin\u0101ts \u012bk\u0161\u0137is un r\u0101d\u012bt\u0101jpirksts.<\/p>\n<p>Cimdi ir mazg\u0101jami ma\u0161\u012bn\u0101.<\/p>\n<p>Cimdi darbojas ar\u012b ar sk\u0101rienekr\u0101niem.<\/p>\n<p>Galven\u0101s piem\u0113ro\u0161anas jomas:<\/p>\n<p>&#8211; policija un ties\u012bbaizsardz\u012bba<\/p>\n<p>&#8211; taktiskie uzdevumi<\/p>\n<p>&#8211; \u0160au\u0161anas Sports<\/p>\n<p>&#8211; apkope, MRO<\/p>\n<p>CE EN388: 2016 3121XP<\/p>\n<p>EN 13594 trieciena standarts<\/p>\n","protected":false},"excerpt":{"rendered":"<p>Taktiskie cimdi Mechanix M-PACT 55 Covert.<\/p>\n<p>Cimdu polster\u0113jums un TPR pane\u013ci nodro\u0161ina aizsardz\u012bbu pret triecieniem un iesp\u0113jamiem ievainojumiem.<\/p>\n<p>Cilpi\u0146a cimdu pakarin\u0101\u0161anai, izmantojot karab\u012bni.<\/p>\n<p>Trekdry-materi\u0101la aug\u0161da\u013ca uztur rokas sausas un \u0113rtas.<\/p>\n<p>Armortexaily stiegrojuma panelis plaukst\u0101.<\/p>\n<p>D3O padstererkjums plaukstalk slalkp ku\u0123is triecienus UN vibr\u0101cijas.<\/p>\n<p>Palma nav izturaladgas sintalatavtiskokadsaladdas.<\/p>\n<p>Unikaalselt kujundatud reljeefsed p\u00f6idla ja nimetiss\u00f5rme osad.<\/p>\n<p>Fikseeritud p\u00f6ial ja nimetiss\u00f5rm.<\/p>\n<p>Cimdi ir mazg\u0101jami ma\u0161\u012bn\u0101.<\/p>\n<p>Cimdi darbojas aralge ar skalkrienekraligniem.<\/p>\n<p>Galven\u0101s piem\u0113ro\u0161anas jomas:<\/p>\n<p>&#8211; policija un ties\u012bbaizsardz\u012bba<\/p>\n<p>&#8211; taktiskie uzdevumi<\/p>\n<p>&#8211; \u0160au\u0161anas Sports<\/p>\n<p>&#8211; apkope, MRO<\/p>\n<p>CE EN388: 2016 3121XP<\/p>\n<p>EN 13594 trieciena standardarts<\/p>\n","protected":false},"featured_media":115725,"template":"","meta":{"_acf_changed":false},"product_brand":[],"product_cat":[1092],"product_tag":[],"class_list":{"0":"post-152136","1":"product","2":"type-product","3":"status-publish","4":"has-post-thumbnail","6":"product_cat-cimdi","8":"first","9":"onbackorder","10":"sale","11":"taxable","12":"shipping-taxable","13":"product-type-simple"},"acf":[],"_links":{"self":[{"href":"https:\/\/kingarms.ee\/lv\/wp-json\/wp\/v2\/product\/152136","targetHints":{"allow":["GET"]}}],"collection":[{"href":"https:\/\/kingarms.ee\/lv\/wp-json\/wp\/v2\/product"}],"about":[{"href":"https:\/\/kingarms.ee\/lv\/wp-json\/wp\/v2\/types\/product"}],"wp:featuredmedia":[{"embeddable":true,"href":"https:\/\/kingarms.ee\/lv\/wp-json\/wp\/v2\/media\/115725"}],"wp:attachment":[{"href":"https:\/\/kingarms.ee\/lv\/wp-json\/wp\/v2\/media?parent=152136"}],"wp:term":[{"taxonomy":"product_brand","embeddable":true,"href":"https:\/\/kingarms.ee\/lv\/wp-json\/wp\/v2\/product_brand?post=152136"},{"taxonomy":"product_cat","embeddable":true,"href":"https:\/\/kingarms.ee\/lv\/wp-json\/wp\/v2\/product_cat?post=152136"},{"taxonomy":"product_tag","embeddable":true,"href":"https:\/\/kingarms.ee\/lv\/wp-json\/wp\/v2\/product_tag?post=152136"}],"curies":[{"name":"wp","href":"https:\/\/api.w.org\/{rel}","templated":true}]}}