{"id":152152,"date":"2022-03-23T00:18:05","date_gmt":"2025-07-06T15:45:54","guid":{"rendered":"https:\/\/kingarms.ee\/product\/taktiskie-cimdi-mechanix-fastfit-multicam\/"},"modified":"2025-07-06T18:45:54","modified_gmt":"2025-07-06T15:45:54","slug":"taktiskie-cimdi-mechanix-fastfit-multicam","status":"publish","type":"product","link":"https:\/\/kingarms.ee\/lv\/product\/taktiskie-cimdi-mechanix-fastfit-multicam\/","title":{"rendered":"Taktiskie cimdi Mechanix FastFit MultiCam"},"content":{"rendered":"<p>Taktiskie cimdi Mechanix FastFit MultiCam ir atgaunineratts ANO nodro\u0161in\u0101t ir draudzaaggs skalkrienekralokram.<\/p>\n<p>Tactical series Mechanix Fastfat MultiCam cimdiem ir elast\u012bga atv\u0113rta plauks bija loc\u012btava, vai \u013cauj \u013coti \u0101ri uzvart un novil cimds in.<\/p>\n<p>Stretch finger gap pane\u013ci pied\u0101v\u0101 \u0113rtu, \u0113rtu un elast\u012bgu lieto\u0161anu.<\/p>\n<p>Rokas paliek v\u0113sas un sausas, pateicoties mitrumu absorb\u0113jo\u0161ajam TrekDry l\u012bdz\u012bgajam Materi\u0101lam uz plaukstas loc\u012btavas un cimda.<\/p>\n<p>Cimdu iek\u0161puse ir izgatavota no iztur\u012bgas sint\u0113tisk\u0101s \u0101das.<\/p>\n<p>Cilpi\u0146a cimdu pakarin\u0101\u0161anai.<\/p>\n<p>Cimdi ir mazg\u0101jami ma\u0161\u012bn\u0101.<\/p>\n<p>Multicam raibi Mask\u0113\u0161an\u0101s cimdi.<\/p>\n<p>MultiCam camouflage tika izstr\u0101d\u0101ta ASV armijai un joproj\u0101m tiek izmantota \u0161odien.<\/p>\n<p>Cimdi str\u0101d\u0101 ar sk\u0101rienekr\u0101niem.<\/p>\n<p>Galven\u0101s piem\u0113ro\u0161anas jomas:<\/p>\n<p>&#8211; ties\u012bbaizsardz\u012bba<\/p>\n<p>&#8211; taktiskie uzdevumi<\/p>\n<p>&#8211; \u0160au\u0161anas Sports<\/p>\n","protected":false},"excerpt":{"rendered":"<p>Tactical gloves Mechanix FastFit MultiCam ir atjaunin\u0101ts un tagad ir draudz\u012bgs sk\u0101rienekr\u0101nam.<\/p>\n<p>Tactical series Mechanix FastFit MultiCam cimdiem ir elast\u012bga atv\u0113rta plaukstas loc\u012btava, kas \u013cauj \u013coti \u0101tri uzvilkt un novilkt cimdus.<\/p>\n<p>Stretch finger gap pane\u013ci pied\u0101v\u0101 \u0113rtu, \u0113rtu un elast\u012bgu lieto\u0161anu.<\/p>\n<p>Rokas paliek v\u0113sas un sausas, pateicoties mitrumu absorb\u0113jo\u0161ajam TrekDry l\u012bdz\u012bgajam Materi\u0101lam uz plaukstas loc\u012btavas un cimda.<\/p>\n<p>Cimdu iek\u0161puse ir izgatavota no iztur\u012bgas sint\u0113tisk\u0101s \u0101das.<\/p>\n<p>Cilpi\u0146a cimdu pakarin\u0101\u0161anai.<\/p>\n<p>Cimdi ir mazg\u0101jami ma\u0161\u012bn\u0101.<\/p>\n<p>Multicam raibi Maskerchanaleks cimdi.<\/p>\n<p>MultiCam camouflage tika izstraskdumkta ASV armijai un joprojatemm tiek izmantota shodien.<\/p>\n<p>Cimdi str\u0101d\u0101 ar sk\u0101rienekr\u0101niem.<\/p>\n<p>Galven\u0101s piem\u0113ro\u0161anas jomas:<\/p>\n<p>&#8211; ties\u012bbaizsardz\u012bba<\/p>\n<p>&#8211; taktiskie uzdevumi<\/p>\n<p>&#8211; \u0160au\u0161anas Sports<\/p>\n","protected":false},"featured_media":115739,"template":"","meta":{"_acf_changed":false},"product_brand":[],"product_cat":[1092],"product_tag":[],"class_list":{"0":"post-152152","1":"product","2":"type-product","3":"status-publish","4":"has-post-thumbnail","6":"product_cat-cimdi","8":"first","9":"instock","10":"sale","11":"taxable","12":"shipping-taxable","13":"purchasable","14":"product-type-simple"},"acf":[],"_links":{"self":[{"href":"https:\/\/kingarms.ee\/lv\/wp-json\/wp\/v2\/product\/152152","targetHints":{"allow":["GET"]}}],"collection":[{"href":"https:\/\/kingarms.ee\/lv\/wp-json\/wp\/v2\/product"}],"about":[{"href":"https:\/\/kingarms.ee\/lv\/wp-json\/wp\/v2\/types\/product"}],"wp:featuredmedia":[{"embeddable":true,"href":"https:\/\/kingarms.ee\/lv\/wp-json\/wp\/v2\/media\/115739"}],"wp:attachment":[{"href":"https:\/\/kingarms.ee\/lv\/wp-json\/wp\/v2\/media?parent=152152"}],"wp:term":[{"taxonomy":"product_brand","embeddable":true,"href":"https:\/\/kingarms.ee\/lv\/wp-json\/wp\/v2\/product_brand?post=152152"},{"taxonomy":"product_cat","embeddable":true,"href":"https:\/\/kingarms.ee\/lv\/wp-json\/wp\/v2\/product_cat?post=152152"},{"taxonomy":"product_tag","embeddable":true,"href":"https:\/\/kingarms.ee\/lv\/wp-json\/wp\/v2\/product_tag?post=152152"}],"curies":[{"name":"wp","href":"https:\/\/api.w.org\/{rel}","templated":true}]}}