{"id":152188,"date":"2023-01-19T11:57:31","date_gmt":"2025-07-19T11:35:18","guid":{"rendered":"https:\/\/kingarms.ee\/product\/baltas-zalas-mikroserijas-ar-g-sargengelis\/"},"modified":"2025-07-19T14:35:18","modified_gmt":"2025-07-19T11:35:18","slug":"baltas-zalas-mikroserijas-ar-g-sargengelis","status":"publish","type":"product","link":"https:\/\/kingarms.ee\/lv\/product\/baltas-zalas-mikroserijas-ar-g-sargengelis\/","title":{"rendered":"Baltas \/ za\u013cas Mikros\u0113rijas ar G (sarge\u0146\u0123elis)"},"content":{"rendered":"<p><img loading=\"lazy\" decoding=\"async\" class=\"alignnone size-full wp-image-73697\" src=\"https:\/\/kingarms.ee\/wp-content\/uploads\/2023\/01\/15870__77853c_b.jpg\" alt=\"\" width=\"873\" height=\"1000\" srcset=\"https:\/\/kingarms.ee\/wp-content\/uploads\/2023\/01\/15870__77853c_b.jpg 873w, https:\/\/kingarms.ee\/wp-content\/uploads\/2023\/01\/15870__77853c_b-262x300.jpg 262w, https:\/\/kingarms.ee\/wp-content\/uploads\/2023\/01\/15870__77853c_b-768x880.jpg 768w, https:\/\/kingarms.ee\/wp-content\/uploads\/2023\/01\/15870__77853c_b-500x573.jpg 500w, https:\/\/kingarms.ee\/wp-content\/uploads\/2023\/01\/15870__77853c_b-150x172.jpg 150w\" sizes=\"auto, (max-width: 873px) 100vw, 873px\" \/><\/p>\n","protected":false},"excerpt":{"rendered":"<p>Galven\u0101 p\u0101rliec\u012bba par sarge\u0146\u0123e\u013cu ier\u012b\u010du att\u012bst\u012bbu ir t\u0101da, ka person\u012bg\u0101 zibspuldzes tehnolo\u0123ija padar\u012bs pasauli dro\u0161\u0101ku. M\u016bsu misija ir gl\u0101bt dz\u012bv\u012bbas, izstr\u0101d\u0101jot novatoriskas, augsto tehnolo\u0123iju valk\u0101jamas dro\u0161\u012bbas ier\u012bces, kas ir pietiekami iztur\u012bgas, lai st\u0101v\u0113tu kop\u0101 ar ties\u012bbaizsardz\u012bbas iest\u0101d\u0113m un pirmajiem rea\u0123\u0113t\u0101jiem frontes l\u012bnij\u0101s, tom\u0113r praktiskas un pietiekami daudzpus\u012bgas, lai b\u016btu oblig\u0101ts r\u012bks visiem ce\u013ca profesion\u0101\u013ciem, b\u016bvlaukumos vai \u0101ra piedz\u012bvojumos. <\/p>\n<p>&nbsp;<\/p>\n<p>Guardian Angel on standardselt varustatud patenteeritud magnetilise kinnituss\u00fcsteemiga, mis sisaldab nii sisseehitatud neod\u00fc\u00fcmse haruldaste muldmetallide magnetit kui ka vastavat haruldaste muldmetallide magnetkinnitust. Nende kahe magneti vahel tekkinud side avaldab kokkupuutel muljetavaldavat 9 kg magnetilist j\u00f5udu. See uuenduslik s\u00fcsteem v\u00f5imaldab Guardian Angel&#8217;i paigaldada peaaegu k\u00f5igele.  <\/p>\n<p>&nbsp;<\/p>\n<p>VIENM\u0112R GATAVS!<\/p>\n<p>Tas viss ir vienas dienas darbs. Guardian Angel ier\u012bce ir praktiski neizn\u012bcin\u0101ma jebkur\u0101 viet\u0101 un laik\u0101, nodro\u0161inot ilgsto\u0161u dro\u0161\u012bbu. Uzticieties, ka sarge\u0146\u0123elis ir gatavs b\u016bt kop\u0101 ar jums stundu p\u0113c stundas, mai\u0146u p\u0113c mai\u0146as. Katra ier\u012bce ir uzticams sabiedrotais, kas nodro\u0161ina redzam\u012bbu, apgaismo ce\u013cu un dro\u0161i ved m\u0101j\u0101s.<\/p>\n<p>&nbsp;<\/p>\n<p>B\u016aV\u0112TS T\u0100, LAI KALPOTU ILGI &#8211; J\u0100, M\u0112S ESAM M\u0112\u0122IN\u0100JU\u0160I TO SADAL\u012aT.<\/p>\n<p>IP68 kategorija, iztur\u012bgs, triecieniztur\u012bgs, \u016bdens un putek\u013cu necaurlaid\u012bgs un sp\u0113j iztur\u0113t ekstrem\u0101lus darba un laika apst\u0101k\u013cus. P\u0101rbaud\u012bts kritiena tests no 152 metru augstuma un joproj\u0101m darbojas nevainojami.<\/p>\n<p>Super gaisma-apm\u0113ram 2 Oz \/ 56,70 g<br \/>\nIztur\u012bgs-\u016bdensnecaurlaid\u012bgs, putek\u013cu necaurlaid\u012bgs, triecieniztur\u012bgs<br \/>\nLiela att\u0101luma redzam\u012bba-l\u012bdz 3 + j\u016bd\u017eu redzam\u012bbai, izmantojot lieljaudas LED lampas, 360ft apgaismojumu.<br \/>\n\u010cetri da\u017e\u0101di spilgtuma iestat\u012bjumi-zems, vid\u0113js, augsts un maksim\u0101lais spilgtums<br \/>\nExtreme akumulatora darb\u012bbas laiks-uzl\u0101d\u0113jams litija jonu akumulators, izmantojot C tipa uzl\u0101des kabeli (iek\u013cauts komplekt\u0101). Uzl\u0101des laiks ir maz\u0101ks par 2 stund\u0101m.<br \/>\nIeb\u016bv\u0113ta magn\u0113tisk\u0101 stiprin\u0101juma sist\u0113ma &#8211; ieb\u016bv\u0113ts neod\u012bma magn\u0113ts un atbilsto\u0161s magn\u0113tiskais skava (iek\u013cauts komplekt\u0101), kas stiprina gandr\u012bz jebkuru virsmu.<br \/>\nNep\u0101rtraukti iesl\u0113gts vai mirgojo\u0161s raksts-ab\u0101m pus\u0113m ir nep\u0101rtraukti iesl\u0113gti vai mirgojo\u0161i iestat\u012bjumi.<br \/>\nAkumulatora darb\u012bbas laiks indikators-turot pogu \u0101tri par\u0101da atliku\u0161o akumulatora darb\u012bbas laiku uz viegli las\u012bt LED indikators.<br \/>\nNeatkar\u012bgas gaismas vad\u012bbas ier\u012bces &#8211; 4 da\u017e\u0101das gaismas vad\u012bbas ier\u012bces nodro\u0161ina maksim\u0101lu apgaismojuma daudzpus\u012bbu, ieskaitot mirgojo\u0161u \u0101rk\u0101rtas situ\u0101ciju<br \/>\nBalta darba gaismas funkcija &#8211; viena balta LED darba gaisma v\u0101j\u0101 apgaismojum\u0101.<br \/>\nSOS zibspuldzes re\u017e\u012bms &#8211; turot nospiestu \u0101tro pogu, ier\u012bce tiek p\u0101rsl\u0113gta uz SOS zibspuldzes re\u017e\u012bmu.<br \/>\nAksesu\u0101ri-savietojams ar visiem Guardian Angel piederumiem<br \/>\nIer\u012bces izdevums &#8211; ga MICRO s\u0113rija,<br \/>\nLed skaits-11<br \/>\nIzm\u0113rs &#8211; 5.05 x 4.37 x 1.73 cm<\/p>\n","protected":false},"featured_media":132490,"template":"","meta":{"_acf_changed":false},"product_brand":[],"product_cat":[1019],"product_tag":[],"class_list":{"0":"post-152188","1":"product","2":"type-product","3":"status-publish","4":"has-post-thumbnail","6":"product_cat-policija-militaristi","8":"first","9":"instock","10":"taxable","11":"shipping-taxable","12":"purchasable","13":"product-type-simple"},"acf":[],"_links":{"self":[{"href":"https:\/\/kingarms.ee\/lv\/wp-json\/wp\/v2\/product\/152188","targetHints":{"allow":["GET"]}}],"collection":[{"href":"https:\/\/kingarms.ee\/lv\/wp-json\/wp\/v2\/product"}],"about":[{"href":"https:\/\/kingarms.ee\/lv\/wp-json\/wp\/v2\/types\/product"}],"wp:featuredmedia":[{"embeddable":true,"href":"https:\/\/kingarms.ee\/lv\/wp-json\/wp\/v2\/media\/132490"}],"wp:attachment":[{"href":"https:\/\/kingarms.ee\/lv\/wp-json\/wp\/v2\/media?parent=152188"}],"wp:term":[{"taxonomy":"product_brand","embeddable":true,"href":"https:\/\/kingarms.ee\/lv\/wp-json\/wp\/v2\/product_brand?post=152188"},{"taxonomy":"product_cat","embeddable":true,"href":"https:\/\/kingarms.ee\/lv\/wp-json\/wp\/v2\/product_cat?post=152188"},{"taxonomy":"product_tag","embeddable":true,"href":"https:\/\/kingarms.ee\/lv\/wp-json\/wp\/v2\/product_tag?post=152188"}],"curies":[{"name":"wp","href":"https:\/\/api.w.org\/{rel}","templated":true}]}}