{"id":152195,"date":"2022-03-01T17:54:35","date_gmt":"2025-07-19T11:50:06","guid":{"rendered":"https:\/\/kingarms.ee\/product\/baofeng-a58-racija\/"},"modified":"2025-07-19T14:50:06","modified_gmt":"2025-07-19T11:50:06","slug":"baofeng-a58-racija","status":"publish","type":"product","link":"https:\/\/kingarms.ee\/lv\/product\/baofeng-a58-racija\/","title":{"rendered":"Baofeng a58 r\u0101cija"},"content":{"rendered":"<p><img loading=\"lazy\" decoding=\"async\" class=\"alignnone size-medium wp-image-38077\" src=\"https:\/\/kingarms.ee\/wp-content\/uploads\/2022\/03\/eng_pl_BaoFeng-VHF-UHF-BF-A58-Duobander-PTT-Radio-5W-Waterproof-1800-mAh-23359_3-300x300.jpeg\" alt=\"\" width=\"300\" height=\"300\" srcset=\"https:\/\/kingarms.ee\/wp-content\/uploads\/2022\/03\/eng_pl_BaoFeng-VHF-UHF-BF-A58-Duobander-PTT-Radio-5W-Waterproof-1800-mAh-23359_3-300x300.jpeg 300w, https:\/\/kingarms.ee\/wp-content\/uploads\/2022\/03\/eng_pl_BaoFeng-VHF-UHF-BF-A58-Duobander-PTT-Radio-5W-Waterproof-1800-mAh-23359_3-150x150.jpeg 150w, https:\/\/kingarms.ee\/wp-content\/uploads\/2022\/03\/eng_pl_BaoFeng-VHF-UHF-BF-A58-Duobander-PTT-Radio-5W-Waterproof-1800-mAh-23359_3-500x500.jpeg 500w, https:\/\/kingarms.ee\/wp-content\/uploads\/2022\/03\/eng_pl_BaoFeng-VHF-UHF-BF-A58-Duobander-PTT-Radio-5W-Waterproof-1800-mAh-23359_3.jpeg 600w\" sizes=\"auto, (max-width: 300px) 100vw, 300px\" \/><\/p>\n","protected":false},"excerpt":{"rendered":"<p>Augstas kvalit\u0101tes r\u0101cijas \u0161oks un \u016bdensiztur\u012bgs IP67. Darba r\u0101diuss 10-12km <\/p>\n<p>Produkta apraksts:<\/p>\n<p>&#8211; Liels un viegli las\u0101ms divu l\u012bniju displejs<\/p>\n<p>&#8211; Frekvence:<\/p>\n<p>-136-174 MHz-FM p\u0101rraide un uztver\u0161ana<\/p>\n<p>-400-520 MHz-FM p\u0101rraide un uztver\u0161ana<\/p>\n<p>&#8211; 65-108 MHz uztver\u0161ana-FM radio stacijas<\/p>\n<p>&#8211; Programmaparat\u016bra: versija 291 vai jaun\u0101ka<\/p>\n<p>&#8211; 128 kan\u0101li atmi\u0146\u0101<\/p>\n<p>&#8211; Tonis 1750 Hz<\/p>\n<p>&#8211; Tony CTCSS un DTC re\u017e\u012bms norm\u0101ls un apgriezts<\/p>\n<p>&#8211; mai\u0146u darbs (braucieniem)<\/p>\n<p>&#8211; 5. solis, 6.25, 10, 12.5, 25 kHz<\/p>\n<p>&#8211; Tastat\u016bras blo\u0137\u0113\u0161ana<\/p>\n<p>&#8211; Dual frekvences klaus\u012b\u0161an\u0101s (dual skat\u012b\u0161an\u0101s)<\/p>\n<p>&#8211; VOX funkcija<\/p>\n<p>&#8211; Luktur\u012btis<\/p>\n<p>&#8211; Programm\u0113jams No tastat\u016bras vai datora<\/p>\n<p>&#8211; P\u0101rraides jaudas l\u012bme\u0146a sl\u0113dzis: augsts \/ zems<\/p>\n<p>&#8211; Maksim\u0101l\u0101 p\u0101rraides jauda 5W<\/p>\n<p>&#8211; Akumulators: 7.4 V, 1800mAh<\/p>\n<p>Komplekt\u0101 ietilpst:<\/p>\n<p>&#8211; 1x BF-A58 (dual bar, dual screen)<\/p>\n<p>&#8211; 1x akumulators 1800 mAh<\/p>\n<p>&#8211; 1x DUALBAND antena (ja nepiecie\u0161ams, pieejamas gar\u0101kas)<\/p>\n<p>&#8211; 1x mai\u0146str\u0101vas l\u0101d\u0113t\u0101js + akumulatora uzl\u0101des stat\u012bvs<\/p>\n<p>&#8211; Austi\u0146as ar mikrofonu ar 1x push to talk pogu<\/p>\n<p>&#8211; 1x \u0161trope<\/p>\n<p>&#8211; 1x jostas klips<\/p>\n","protected":false},"featured_media":136510,"template":"","meta":{"_acf_changed":false},"product_brand":[],"product_cat":[1125],"product_tag":[],"class_list":{"0":"post-152195","1":"product","2":"type-product","3":"status-publish","4":"has-post-thumbnail","6":"product_cat-uztvereji","8":"first","9":"instock","10":"taxable","11":"shipping-taxable","12":"purchasable","13":"product-type-simple"},"acf":[],"_links":{"self":[{"href":"https:\/\/kingarms.ee\/lv\/wp-json\/wp\/v2\/product\/152195","targetHints":{"allow":["GET"]}}],"collection":[{"href":"https:\/\/kingarms.ee\/lv\/wp-json\/wp\/v2\/product"}],"about":[{"href":"https:\/\/kingarms.ee\/lv\/wp-json\/wp\/v2\/types\/product"}],"wp:featuredmedia":[{"embeddable":true,"href":"https:\/\/kingarms.ee\/lv\/wp-json\/wp\/v2\/media\/136510"}],"wp:attachment":[{"href":"https:\/\/kingarms.ee\/lv\/wp-json\/wp\/v2\/media?parent=152195"}],"wp:term":[{"taxonomy":"product_brand","embeddable":true,"href":"https:\/\/kingarms.ee\/lv\/wp-json\/wp\/v2\/product_brand?post=152195"},{"taxonomy":"product_cat","embeddable":true,"href":"https:\/\/kingarms.ee\/lv\/wp-json\/wp\/v2\/product_cat?post=152195"},{"taxonomy":"product_tag","embeddable":true,"href":"https:\/\/kingarms.ee\/lv\/wp-json\/wp\/v2\/product_tag?post=152195"}],"curies":[{"name":"wp","href":"https:\/\/api.w.org\/{rel}","templated":true}]}}