{"id":152196,"date":"2019-03-03T12:33:25","date_gmt":"2025-07-19T11:52:15","guid":{"rendered":"https:\/\/kingarms.ee\/product\/svd-labi\/"},"modified":"2025-07-19T14:52:15","modified_gmt":"2025-07-19T11:52:15","slug":"svd-labi","status":"publish","type":"product","link":"https:\/\/kingarms.ee\/lv\/product\/svd-labi\/","title":{"rendered":"SVD (labi)<br><br>"},"content":{"rendered":"<p><a href=\"https:\/\/kingarms.ee\/wp-content\/uploads\/2019\/03\/FB33451-300x184.jpg\"><img loading=\"lazy\" decoding=\"async\" class=\"alignnone size-medium wp-image-12132\" src=\"https:\/\/kingarms.ee\/wp-content\/uploads\/2019\/03\/FB33451-300x184.jpg\" alt=\"\" width=\"300\" height=\"184\" srcset=\"https:\/\/kingarms.ee\/wp-content\/uploads\/2019\/03\/FB33451-300x184.jpg 300w, https:\/\/kingarms.ee\/wp-content\/uploads\/2019\/03\/FB33451-150x92.jpg 150w, https:\/\/kingarms.ee\/wp-content\/uploads\/2019\/03\/FB33451-500x306.jpg 500w, https:\/\/kingarms.ee\/wp-content\/uploads\/2019\/03\/FB33451-768x470.jpg 768w, https:\/\/kingarms.ee\/wp-content\/uploads\/2019\/03\/FB33451.jpg 800w\" sizes=\"auto, (max-width: 300px) 100vw, 300px\" \/><\/a><\/p>\n","protected":false},"excerpt":{"rendered":"<p>SVD (labi)<\/p>\n<p>Snaipera \u0161autene SVD joproj\u0101m.<\/p>\n<p> \u013boti labi paz\u012bstam\u0101s snaipera \u0161autenes SVD kopija.<\/p>\n<p>Reprodukcija ir veidota no met\u0101la, akciju un roku aizsardz\u012bba ir izgatavota no augstas kvalit\u0101tes polim\u0113ra.<\/p>\n<p>Atsperi var uzst\u0101d\u012bt laiku pa laikam, lai j\u016bs var\u0113tu viegli piel\u0101got kopijas jaudu.<\/p>\n<p>Snaipera iero\u010da jauda ir 500 kadri sekund\u0113.<\/p>\n<p> P\u0113c klienta piepras\u012bjuma ir iesp\u0113jams samazin\u0101t kopijas jaudu l\u012bdz 1J \/ 330 fps bez papildu maksas, pievienot koment\u0101ru par pas\u016bt\u012bjumu.<\/p>\n<p>* gaisa sarau\u0161an\u0101s sist\u0113ma, kas b\u016bv\u0113ta no visa met\u0101la<\/p>\n<p>* visi met\u0101la korpuss<\/p>\n<p>* flip-up aizmugures skats ar indikatoru<\/p>\n<p>* 6.08 mm 600 mm Iek\u0161\u0113j\u0101 caurule<\/p>\n<p>* \u0100r\u0113j\u0101 muca ar met\u0101la konstrukciju<\/p>\n<p>Komplekt\u0101 ietilpst:<\/p>\n<p>* reprodukcija<\/p>\n<p>* papl\u0101te lowcap 33.<\/p>\n<p>PIEZ\u012aME. Klusin\u0101t\u0101jus nevar uzst\u0101d\u012bt (nav V\u012btnes). Nav redzes iek\u013cauts<\/p>\n","protected":false},"featured_media":108629,"template":"","meta":{"_acf_changed":false},"product_brand":[],"product_cat":[1003],"product_tag":[],"class_list":{"0":"post-152196","1":"product","2":"type-product","3":"status-publish","4":"has-post-thumbnail","6":"product_cat-snaipera-pistoles","8":"first","9":"instock","10":"taxable","11":"shipping-taxable","12":"purchasable","13":"product-type-simple"},"acf":[],"_links":{"self":[{"href":"https:\/\/kingarms.ee\/lv\/wp-json\/wp\/v2\/product\/152196","targetHints":{"allow":["GET"]}}],"collection":[{"href":"https:\/\/kingarms.ee\/lv\/wp-json\/wp\/v2\/product"}],"about":[{"href":"https:\/\/kingarms.ee\/lv\/wp-json\/wp\/v2\/types\/product"}],"wp:featuredmedia":[{"embeddable":true,"href":"https:\/\/kingarms.ee\/lv\/wp-json\/wp\/v2\/media\/108629"}],"wp:attachment":[{"href":"https:\/\/kingarms.ee\/lv\/wp-json\/wp\/v2\/media?parent=152196"}],"wp:term":[{"taxonomy":"product_brand","embeddable":true,"href":"https:\/\/kingarms.ee\/lv\/wp-json\/wp\/v2\/product_brand?post=152196"},{"taxonomy":"product_cat","embeddable":true,"href":"https:\/\/kingarms.ee\/lv\/wp-json\/wp\/v2\/product_cat?post=152196"},{"taxonomy":"product_tag","embeddable":true,"href":"https:\/\/kingarms.ee\/lv\/wp-json\/wp\/v2\/product_tag?post=152196"}],"curies":[{"name":"wp","href":"https:\/\/api.w.org\/{rel}","templated":true}]}}