{"id":152198,"date":"2022-12-19T16:59:52","date_gmt":"2025-07-19T12:04:50","guid":{"rendered":"https:\/\/kingarms.ee\/product\/mich-ach-kiveres-emersongear-aiztures-sistema\/"},"modified":"2025-07-19T15:04:50","modified_gmt":"2025-07-19T12:04:50","slug":"mich-ach-kiveres-emersongear-aiztures-sistema","status":"publish","type":"product","link":"https:\/\/kingarms.ee\/lv\/product\/mich-ach-kiveres-emersongear-aiztures-sistema\/","title":{"rendered":"Mich \/ ach \u0136iveres emersongear aiztures sist\u0113ma"},"content":{"rendered":"","protected":false},"excerpt":{"rendered":"<p>Mich \/ ach \u0136iveres emersongear aiztures sist\u0113ma<br \/>\nsaglab\u0101\u0161anas sist\u0113ma<br \/>\npiem\u0113rots mich \/ ach \u0137iver\u0113m<br \/>\nregul\u0113jams<br \/>\niek\u013cautas stiprin\u0101juma skr\u016bves<\/p>\n","protected":false},"featured_media":125878,"template":"","meta":{"_acf_changed":false},"product_brand":[],"product_cat":[1078],"product_tag":[],"class_list":{"0":"post-152198","1":"product","2":"type-product","3":"status-publish","4":"has-post-thumbnail","6":"product_cat-airsoft-lv-2","8":"first","9":"instock","10":"purchasable","11":"product-type-simple"},"acf":[],"_links":{"self":[{"href":"https:\/\/kingarms.ee\/lv\/wp-json\/wp\/v2\/product\/152198","targetHints":{"allow":["GET"]}}],"collection":[{"href":"https:\/\/kingarms.ee\/lv\/wp-json\/wp\/v2\/product"}],"about":[{"href":"https:\/\/kingarms.ee\/lv\/wp-json\/wp\/v2\/types\/product"}],"wp:featuredmedia":[{"embeddable":true,"href":"https:\/\/kingarms.ee\/lv\/wp-json\/wp\/v2\/media\/125878"}],"wp:attachment":[{"href":"https:\/\/kingarms.ee\/lv\/wp-json\/wp\/v2\/media?parent=152198"}],"wp:term":[{"taxonomy":"product_brand","embeddable":true,"href":"https:\/\/kingarms.ee\/lv\/wp-json\/wp\/v2\/product_brand?post=152198"},{"taxonomy":"product_cat","embeddable":true,"href":"https:\/\/kingarms.ee\/lv\/wp-json\/wp\/v2\/product_cat?post=152198"},{"taxonomy":"product_tag","embeddable":true,"href":"https:\/\/kingarms.ee\/lv\/wp-json\/wp\/v2\/product_tag?post=152198"}],"curies":[{"name":"wp","href":"https:\/\/api.w.org\/{rel}","templated":true}]}}