{"id":152204,"date":"2022-11-14T16:48:22","date_gmt":"2025-07-19T12:08:17","guid":{"rendered":"https:\/\/kingarms.ee\/product\/gaisa-sprauslas-modificesana-3\/"},"modified":"2025-08-03T17:45:05","modified_gmt":"2025-08-03T14:45:05","slug":"gaisa-sprauslas-modificesana-3","status":"publish","type":"product","link":"https:\/\/kingarms.ee\/lv\/product\/gaisa-sprauslas-modificesana-3\/","title":{"rendered":"Gaisa sprauslas modific\u0113\u0161ana"},"content":{"rendered":"","protected":false},"excerpt":{"rendered":"<p>Gaisa sprausla modific\u0113t<br \/>\nModific\u0113jiet gaisa sprauslu p90<\/p>\n","protected":false},"featured_media":125460,"template":"","meta":{"_acf_changed":false},"product_brand":[],"product_cat":[1107],"product_tag":[],"class_list":{"0":"post-152204","1":"product","2":"type-product","3":"status-publish","4":"has-post-thumbnail","6":"product_cat-noregulesana","8":"first","9":"instock","10":"purchasable","11":"product-type-simple"},"acf":[],"_links":{"self":[{"href":"https:\/\/kingarms.ee\/lv\/wp-json\/wp\/v2\/product\/152204","targetHints":{"allow":["GET"]}}],"collection":[{"href":"https:\/\/kingarms.ee\/lv\/wp-json\/wp\/v2\/product"}],"about":[{"href":"https:\/\/kingarms.ee\/lv\/wp-json\/wp\/v2\/types\/product"}],"wp:featuredmedia":[{"embeddable":true,"href":"https:\/\/kingarms.ee\/lv\/wp-json\/wp\/v2\/media\/125460"}],"wp:attachment":[{"href":"https:\/\/kingarms.ee\/lv\/wp-json\/wp\/v2\/media?parent=152204"}],"wp:term":[{"taxonomy":"product_brand","embeddable":true,"href":"https:\/\/kingarms.ee\/lv\/wp-json\/wp\/v2\/product_brand?post=152204"},{"taxonomy":"product_cat","embeddable":true,"href":"https:\/\/kingarms.ee\/lv\/wp-json\/wp\/v2\/product_cat?post=152204"},{"taxonomy":"product_tag","embeddable":true,"href":"https:\/\/kingarms.ee\/lv\/wp-json\/wp\/v2\/product_tag?post=152204"}],"curies":[{"name":"wp","href":"https:\/\/api.w.org\/{rel}","templated":true}]}}