{"id":152210,"date":"2022-11-07T12:27:27","date_gmt":"2025-07-19T12:10:35","guid":{"rendered":"https:\/\/kingarms.ee\/product\/passildams-chai-latte-42-gradi\/"},"modified":"2025-08-03T17:56:15","modified_gmt":"2025-08-03T14:56:15","slug":"passildams-chai-latte-42-gradi","status":"publish","type":"product","link":"https:\/\/kingarms.ee\/lv\/product\/passildams-chai-latte-42-gradi\/","title":{"rendered":"Pa\u0161sild\u0101ms chai latte 42 gr\u0101di"},"content":{"rendered":"","protected":false},"excerpt":{"rendered":"<p>Pa\u0161sild\u0101ms chai latte 42 gr\u0101di<\/p>\n<p>Masala gar\u0161vielu mais\u012bjums \u0161im Chai Latte pievieno bag\u0101t\u012bgu kan\u0113\u013ca m\u0101jienu, apvienojum\u0101 ar meln\u0101s t\u0113jas un piena atsvaidzino\u0161o gar\u0161u.<\/p>\n<h3>HIGH-QUALITY BEVERAGE IN A SELF-HEATING PATENTED CAN<\/h3>\n<p>42 gr\u0101du patent\u0113t\u0101 pa\u0161sild\u012b\u0161anas sist\u0113ma dz\u0113riena temperat\u016bru paaugstina par + 42 \u00b0 C virs s\u0101kuma temperat\u016bras apm\u0113ram 3 min\u016bt\u0113s: beigu temperat\u016bra = s\u0101kotn\u0113j\u0101 T. + 42 \u00b0 C.<br \/>\nTas paliek silts maksim\u0101laj\u0101 temperat\u016br\u0101 apm\u0113ram 20 min\u016btes. Lai kur j\u016bs atrastos, j\u016bs gaida karsts dz\u0113riens.<\/p>\n<h3>HOW IT WORKS.<\/h3>\n<p>Kontrol\u0113ta eksotermiska dabiska reakcija notiek iek\u0161\u0113j\u0101 kann\u0101 starp ka\u013c\u0137i un kr\u0101sainu \u016bdeni, tikl\u012bdz j\u016bs nospie\u017eat uz leju k\u0101rbas apak\u0161\u0101. Pateicoties k\u0101rbas siltuma vad\u012btsp\u0113jai, siltums tiek viegli p\u0101rnests uz dz\u0113rienu. T\u0101 rezult\u0101t\u0101 kanna silda sevi un ir gatava dzert 3 min\u016b\u0161u laik\u0101 un paliek temperat\u016br\u0101 20 min\u016btes.<\/p>\n","protected":false},"featured_media":125102,"template":"","meta":{"_acf_changed":false},"product_brand":[],"product_cat":[1106],"product_tag":[],"class_list":{"0":"post-152210","1":"product","2":"type-product","3":"status-publish","4":"has-post-thumbnail","6":"product_cat-passildoss-dzeriens","8":"first","9":"outofstock","10":"taxable","11":"shipping-taxable","12":"purchasable","13":"product-type-simple"},"acf":[],"_links":{"self":[{"href":"https:\/\/kingarms.ee\/lv\/wp-json\/wp\/v2\/product\/152210","targetHints":{"allow":["GET"]}}],"collection":[{"href":"https:\/\/kingarms.ee\/lv\/wp-json\/wp\/v2\/product"}],"about":[{"href":"https:\/\/kingarms.ee\/lv\/wp-json\/wp\/v2\/types\/product"}],"wp:featuredmedia":[{"embeddable":true,"href":"https:\/\/kingarms.ee\/lv\/wp-json\/wp\/v2\/media\/125102"}],"wp:attachment":[{"href":"https:\/\/kingarms.ee\/lv\/wp-json\/wp\/v2\/media?parent=152210"}],"wp:term":[{"taxonomy":"product_brand","embeddable":true,"href":"https:\/\/kingarms.ee\/lv\/wp-json\/wp\/v2\/product_brand?post=152210"},{"taxonomy":"product_cat","embeddable":true,"href":"https:\/\/kingarms.ee\/lv\/wp-json\/wp\/v2\/product_cat?post=152210"},{"taxonomy":"product_tag","embeddable":true,"href":"https:\/\/kingarms.ee\/lv\/wp-json\/wp\/v2\/product_tag?post=152210"}],"curies":[{"name":"wp","href":"https:\/\/api.w.org\/{rel}","templated":true}]}}