{"id":152248,"date":"2020-06-01T16:20:00","date_gmt":"2020-06-01T13:20:00","guid":{"rendered":"https:\/\/kingarms.ee\/product\/gr15-raider-xl-gg\/"},"modified":"2025-09-15T10:25:37","modified_gmt":"2025-09-15T07:25:37","slug":"gr15-raider-xl-gg","status":"publish","type":"product","link":"https:\/\/kingarms.ee\/lv\/product\/gr15-raider-xl-gg\/","title":{"rendered":"GR15 RAIDER XL G&amp;G"},"content":{"rendered":"<p><a href=\"https:\/\/kingarms.ee\/wp-content\/uploads\/2020\/06\/gg-electric-rifle-blowback-black-gg29scb.jpg\"><img loading=\"lazy\" decoding=\"async\" class=\"alignnone size-medium\" src=\"https:\/\/kingarms.ee\/wp-content\/uploads\/2020\/06\/gg-electric-rifle-blowback-black-gg29scb.jpg\" alt=\"\" width=\"300\" height=\"300\" \/><\/a><\/p>\n","protected":false},"excerpt":{"rendered":"<p>GR15 RAIDER G &amp; amp; G<br \/>\nSm\u016bgis atgal<br \/>\nAbs k\u016bnas<br \/>\nMetalin\u0117 pavar\u0173 d\u0117\u017e\u0117<br \/>\n450bbs \u017eurnalas<br \/>\nIlgis 875mm<br \/>\nSvoris 2664g<br \/>\nJuoda spalva<\/p>\n<p>&nbsp;<\/p>\n<p><em>Foto ir ilustrat\u012bva \u2014 faktiskie izm\u0113ri un kr\u0101sa var nedaudz at\u0161\u0137irties.<\/em><\/p>\n","protected":false},"featured_media":153334,"template":"","meta":{"_acf_changed":false},"product_brand":[],"product_cat":[1001],"product_tag":[1317],"class_list":{"0":"post-152248","1":"product","2":"type-product","3":"status-publish","4":"has-post-thumbnail","6":"product_cat-tirdzniecibas-automati","7":"product_tag-4blss3ph-lv","9":"first","10":"onbackorder","11":"taxable","12":"shipping-taxable","13":"product-type-simple"},"acf":[],"_links":{"self":[{"href":"https:\/\/kingarms.ee\/lv\/wp-json\/wp\/v2\/product\/152248","targetHints":{"allow":["GET"]}}],"collection":[{"href":"https:\/\/kingarms.ee\/lv\/wp-json\/wp\/v2\/product"}],"about":[{"href":"https:\/\/kingarms.ee\/lv\/wp-json\/wp\/v2\/types\/product"}],"wp:featuredmedia":[{"embeddable":true,"href":"https:\/\/kingarms.ee\/lv\/wp-json\/wp\/v2\/media\/153334"}],"wp:attachment":[{"href":"https:\/\/kingarms.ee\/lv\/wp-json\/wp\/v2\/media?parent=152248"}],"wp:term":[{"taxonomy":"product_brand","embeddable":true,"href":"https:\/\/kingarms.ee\/lv\/wp-json\/wp\/v2\/product_brand?post=152248"},{"taxonomy":"product_cat","embeddable":true,"href":"https:\/\/kingarms.ee\/lv\/wp-json\/wp\/v2\/product_cat?post=152248"},{"taxonomy":"product_tag","embeddable":true,"href":"https:\/\/kingarms.ee\/lv\/wp-json\/wp\/v2\/product_tag?post=152248"}],"curies":[{"name":"wp","href":"https:\/\/api.w.org\/{rel}","templated":true}]}}