{"id":152249,"date":"2020-06-01T16:20:00","date_gmt":"2020-06-01T13:20:00","guid":{"rendered":"https:\/\/kingarms.ee\/product\/gr15-raider-xl-gg-2\/"},"modified":"2025-09-15T10:51:07","modified_gmt":"2025-09-15T07:51:07","slug":"gr15-raider-xl-gg-2","status":"publish","type":"product","link":"https:\/\/kingarms.ee\/lv\/product\/gr15-raider-xl-gg-2\/","title":{"rendered":"GR15 RAIDER XL G&amp;G"},"content":{"rendered":"","protected":false},"excerpt":{"rendered":"<p>GR15 RAIDER G &amp; amp; G<br \/>\nSm\u016bgis atgal<br \/>\nAbs k\u016bnas<br \/>\nMetalin\u0117 pavar\u0173 d\u0117\u017e\u0117<br \/>\n450bbs \u017eurnalas<br \/>\nIlgis 875mm<br \/>\nSvoris 2664g<br \/>\nDykumos \u012fdegio spalva<\/p>\n<p>&nbsp;<\/p>\n<p><em>Foto ir ilustrat\u012bva \u2014 faktiskie izm\u0113ri un kr\u0101sa var nedaudz at\u0161\u0137irties.<\/em><\/p>\n","protected":false},"featured_media":153347,"template":"","meta":{"_acf_changed":false},"product_brand":[],"product_cat":[1001],"product_tag":[1317],"class_list":{"0":"post-152249","1":"product","2":"type-product","3":"status-publish","4":"has-post-thumbnail","6":"product_cat-tirdzniecibas-automati","7":"product_tag-4blss3ph-lv","9":"first","10":"onbackorder","11":"taxable","12":"shipping-taxable","13":"product-type-simple"},"acf":[],"_links":{"self":[{"href":"https:\/\/kingarms.ee\/lv\/wp-json\/wp\/v2\/product\/152249","targetHints":{"allow":["GET"]}}],"collection":[{"href":"https:\/\/kingarms.ee\/lv\/wp-json\/wp\/v2\/product"}],"about":[{"href":"https:\/\/kingarms.ee\/lv\/wp-json\/wp\/v2\/types\/product"}],"wp:featuredmedia":[{"embeddable":true,"href":"https:\/\/kingarms.ee\/lv\/wp-json\/wp\/v2\/media\/153347"}],"wp:attachment":[{"href":"https:\/\/kingarms.ee\/lv\/wp-json\/wp\/v2\/media?parent=152249"}],"wp:term":[{"taxonomy":"product_brand","embeddable":true,"href":"https:\/\/kingarms.ee\/lv\/wp-json\/wp\/v2\/product_brand?post=152249"},{"taxonomy":"product_cat","embeddable":true,"href":"https:\/\/kingarms.ee\/lv\/wp-json\/wp\/v2\/product_cat?post=152249"},{"taxonomy":"product_tag","embeddable":true,"href":"https:\/\/kingarms.ee\/lv\/wp-json\/wp\/v2\/product_tag?post=152249"}],"curies":[{"name":"wp","href":"https:\/\/api.w.org\/{rel}","templated":true}]}}