{"id":152258,"date":"2020-06-01T16:20:00","date_gmt":"2020-06-01T13:20:00","guid":{"rendered":"https:\/\/kingarms.ee\/product\/gr15-raider-l-desert-tan-gg\/"},"modified":"2025-09-15T14:14:40","modified_gmt":"2025-09-15T11:14:40","slug":"gr15-raider-l-desert-tan-gg","status":"publish","type":"product","link":"https:\/\/kingarms.ee\/lv\/product\/gr15-raider-l-desert-tan-gg\/","title":{"rendered":"GR15 RAIDER L DESERT TAN G&amp;G"},"content":{"rendered":"","protected":false},"excerpt":{"rendered":"<p>GR15 RAIDER L DESERT TAN G &amp; amp; G<br \/>\nG &amp; amp;G mod.Raider ilgi<br \/>\nNeilona \u0137erme\u0146a<br \/>\nP\u0101rnesumk\u0101rba 8mm<br \/>\nTrieciens Atpaka\u013c sist\u0113ma<br \/>\nTan<br \/>\n\u017durn\u0101ls 450rds<br \/>\nAkumulators un akumulatora l\u0101d\u0113t\u0101js nav iek\u013cauts<br \/>\nGarums 780 \/ 970mm<br \/>\nSvars 2700g<\/p>\n<p>&nbsp;<\/p>\n<p data-pm-slice=\"1 1 []\">Foto ir ilustrat\u012bva &#8211; faktiskie izm\u0113ri un kr\u0101sa var nedaudz at\u0161\u0137irties<\/p>\n","protected":false},"featured_media":153410,"template":"","meta":{"_acf_changed":false},"product_brand":[],"product_cat":[1001],"product_tag":[1317],"class_list":{"0":"post-152258","1":"product","2":"type-product","3":"status-publish","4":"has-post-thumbnail","6":"product_cat-tirdzniecibas-automati","7":"product_tag-4blss3ph-lv","9":"first","10":"onbackorder","11":"taxable","12":"shipping-taxable","13":"product-type-simple"},"acf":[],"_links":{"self":[{"href":"https:\/\/kingarms.ee\/lv\/wp-json\/wp\/v2\/product\/152258","targetHints":{"allow":["GET"]}}],"collection":[{"href":"https:\/\/kingarms.ee\/lv\/wp-json\/wp\/v2\/product"}],"about":[{"href":"https:\/\/kingarms.ee\/lv\/wp-json\/wp\/v2\/types\/product"}],"wp:featuredmedia":[{"embeddable":true,"href":"https:\/\/kingarms.ee\/lv\/wp-json\/wp\/v2\/media\/153410"}],"wp:attachment":[{"href":"https:\/\/kingarms.ee\/lv\/wp-json\/wp\/v2\/media?parent=152258"}],"wp:term":[{"taxonomy":"product_brand","embeddable":true,"href":"https:\/\/kingarms.ee\/lv\/wp-json\/wp\/v2\/product_brand?post=152258"},{"taxonomy":"product_cat","embeddable":true,"href":"https:\/\/kingarms.ee\/lv\/wp-json\/wp\/v2\/product_cat?post=152258"},{"taxonomy":"product_tag","embeddable":true,"href":"https:\/\/kingarms.ee\/lv\/wp-json\/wp\/v2\/product_tag?post=152258"}],"curies":[{"name":"wp","href":"https:\/\/api.w.org\/{rel}","templated":true}]}}