{"id":152260,"date":"2020-06-01T16:20:00","date_gmt":"2020-06-01T13:20:00","guid":{"rendered":"https:\/\/kingarms.ee\/product\/gr15-raider-desert-tan-gg\/"},"modified":"2025-07-19T16:10:28","modified_gmt":"2025-07-19T13:10:28","slug":"gr15-raider-desert-tan-gg","status":"publish","type":"product","link":"https:\/\/kingarms.ee\/lv\/product\/gr15-raider-desert-tan-gg\/","title":{"rendered":"GR15 RAIDER DESERT TAN G&amp;G"},"content":{"rendered":"<p><a href=\"https:\/\/kingarms.ee\/wp-content\/uploads\/2020\/06\/gg-electric-rifle-gr15-raider-plastic-blow-back-desert-tan-gg10sct.jpg\"><img loading=\"lazy\" decoding=\"async\" class=\"alignnone size-medium\" src=\"https:\/\/kingarms.ee\/wp-content\/uploads\/2020\/06\/gg-electric-rifle-gr15-raider-plastic-blow-back-desert-tan-gg10sct.jpg\" alt=\"\" width=\"300\" height=\"300\"><\/a><\/p>\n","protected":false},"excerpt":{"rendered":"<p>GR15 RAIDER DESERT TAN G &amp; amp; G<br \/>\nNeilona \u0137erme\u0146a<br \/>\nP\u0101rnesumk\u0101rba 8mm<br \/>\nTrieciens Atpaka\u013c sist\u0113ma<br \/>\n\u017durn\u0101ls 450 k\u0101rtas<br \/>\nAkumulators un akumulatora l\u0101d\u0113t\u0101js nav iek\u013cauts<br \/>\nGarums 680mm-760mm<br \/>\nSvars 2700g<br \/>\nTuksne\u0161a iedeguma kr\u0101sa<\/p>\n","protected":false},"featured_media":153292,"template":"","meta":{"_acf_changed":false},"product_brand":[],"product_cat":[1001],"product_tag":[1317],"class_list":{"0":"post-152260","1":"product","2":"type-product","3":"status-publish","4":"has-post-thumbnail","6":"product_cat-tirdzniecibas-automati","7":"product_tag-4blss3ph-lv","9":"first","10":"onbackorder","11":"taxable","12":"shipping-taxable","13":"product-type-simple"},"acf":[],"_links":{"self":[{"href":"https:\/\/kingarms.ee\/lv\/wp-json\/wp\/v2\/product\/152260","targetHints":{"allow":["GET"]}}],"collection":[{"href":"https:\/\/kingarms.ee\/lv\/wp-json\/wp\/v2\/product"}],"about":[{"href":"https:\/\/kingarms.ee\/lv\/wp-json\/wp\/v2\/types\/product"}],"wp:featuredmedia":[{"embeddable":true,"href":"https:\/\/kingarms.ee\/lv\/wp-json\/wp\/v2\/media\/153292"}],"wp:attachment":[{"href":"https:\/\/kingarms.ee\/lv\/wp-json\/wp\/v2\/media?parent=152260"}],"wp:term":[{"taxonomy":"product_brand","embeddable":true,"href":"https:\/\/kingarms.ee\/lv\/wp-json\/wp\/v2\/product_brand?post=152260"},{"taxonomy":"product_cat","embeddable":true,"href":"https:\/\/kingarms.ee\/lv\/wp-json\/wp\/v2\/product_cat?post=152260"},{"taxonomy":"product_tag","embeddable":true,"href":"https:\/\/kingarms.ee\/lv\/wp-json\/wp\/v2\/product_tag?post=152260"}],"curies":[{"name":"wp","href":"https:\/\/api.w.org\/{rel}","templated":true}]}}