{"id":152261,"date":"2020-06-01T16:20:00","date_gmt":"2020-06-01T13:20:00","guid":{"rendered":"https:\/\/kingarms.ee\/product\/gr4-g26-desert-tan-gg\/"},"modified":"2025-07-19T16:10:50","modified_gmt":"2025-07-19T13:10:50","slug":"gr4-g26-desert-tan-gg","status":"publish","type":"product","link":"https:\/\/kingarms.ee\/lv\/product\/gr4-g26-desert-tan-gg\/","title":{"rendered":"GR4 G26 DESERT TAN G&amp;G"},"content":{"rendered":"<p><a href=\"https:\/\/kingarms.ee\/wp-content\/uploads\/2020\/06\/gg-electric-rifle-gr4-g26-plastic-blow-back-desert-tan-gg26sct.jpg\"><img loading=\"lazy\" decoding=\"async\" class=\"alignnone size-medium\" src=\"https:\/\/kingarms.ee\/wp-content\/uploads\/2020\/06\/gg-electric-rifle-gr4-g26-plastic-blow-back-desert-tan-gg26sct.jpg\" alt=\"\" width=\"300\" height=\"300\"><\/a><\/p>\n","protected":false},"excerpt":{"rendered":"<p>GR4 G26 tuksne\u0161a iedegums G &amp; amp; G<br \/>\nPlastmasas korpuss<br \/>\n300 k\u0101rtu \u017durn\u0101ls<br \/>\nPriek\u0161\u0113jais un aizmugur\u0113jais flip-up skats<br \/>\nIek\u013cauta zibspuldzes gaisma un l\u0101zers<br \/>\nUguns re\u017e\u012bms: dro\u0161s da\u013c\u0113ji un pilns auto<br \/>\nAkumulators un l\u0101d\u0113t\u0101js nav iek\u013cauts komplekt\u0101<br \/>\nSvars 2400g<br \/>\nGarums 700mm \/ 795 mm<br \/>\nTuksne\u0161a iedeguma kr\u0101sa<\/p>\n","protected":false},"featured_media":153299,"template":"","meta":{"_acf_changed":false},"product_brand":[],"product_cat":[1001],"product_tag":[1317],"class_list":{"0":"post-152261","1":"product","2":"type-product","3":"status-publish","4":"has-post-thumbnail","6":"product_cat-tirdzniecibas-automati","7":"product_tag-4blss3ph-lv","9":"first","10":"onbackorder","11":"taxable","12":"shipping-taxable","13":"product-type-simple"},"acf":[],"_links":{"self":[{"href":"https:\/\/kingarms.ee\/lv\/wp-json\/wp\/v2\/product\/152261","targetHints":{"allow":["GET"]}}],"collection":[{"href":"https:\/\/kingarms.ee\/lv\/wp-json\/wp\/v2\/product"}],"about":[{"href":"https:\/\/kingarms.ee\/lv\/wp-json\/wp\/v2\/types\/product"}],"wp:featuredmedia":[{"embeddable":true,"href":"https:\/\/kingarms.ee\/lv\/wp-json\/wp\/v2\/media\/153299"}],"wp:attachment":[{"href":"https:\/\/kingarms.ee\/lv\/wp-json\/wp\/v2\/media?parent=152261"}],"wp:term":[{"taxonomy":"product_brand","embeddable":true,"href":"https:\/\/kingarms.ee\/lv\/wp-json\/wp\/v2\/product_brand?post=152261"},{"taxonomy":"product_cat","embeddable":true,"href":"https:\/\/kingarms.ee\/lv\/wp-json\/wp\/v2\/product_cat?post=152261"},{"taxonomy":"product_tag","embeddable":true,"href":"https:\/\/kingarms.ee\/lv\/wp-json\/wp\/v2\/product_tag?post=152261"}],"curies":[{"name":"wp","href":"https:\/\/api.w.org\/{rel}","templated":true}]}}