{"id":152279,"date":"2018-09-07T14:34:51","date_gmt":"2025-07-19T13:22:08","guid":{"rendered":"https:\/\/kingarms.ee\/product\/mil-tac-zabaki-udensnecaurlaidigi\/"},"modified":"2025-07-19T16:22:08","modified_gmt":"2025-07-19T13:22:08","slug":"mil-tac-zabaki-udensnecaurlaidigi","status":"publish","type":"product","link":"https:\/\/kingarms.ee\/lv\/product\/mil-tac-zabaki-udensnecaurlaidigi\/","title":{"rendered":"Mil-tac z\u0101baki (\u016bdensnecaurlaid\u012bgi)"},"content":{"rendered":"<p><a href=\"https:\/\/kingarms.ee\/wp-content\/uploads\/2018\/09\/12829002-300x300.jpg\"><img loading=\"lazy\" decoding=\"async\" class=\"alignnone size-medium wp-image-11809\" src=\"https:\/\/kingarms.ee\/wp-content\/uploads\/2018\/09\/12829002-300x300.jpg\" alt=\"\" width=\"300\" height=\"300\" srcset=\"https:\/\/kingarms.ee\/wp-content\/uploads\/2018\/09\/12829002-300x300.jpg 300w, https:\/\/kingarms.ee\/wp-content\/uploads\/2018\/09\/12829002-150x150.jpg 150w, https:\/\/kingarms.ee\/wp-content\/uploads\/2018\/09\/12829002-500x500.jpg 500w, https:\/\/kingarms.ee\/wp-content\/uploads\/2018\/09\/12829002-768x768.jpg 768w, https:\/\/kingarms.ee\/wp-content\/uploads\/2018\/09\/12829002.jpg 800w\" sizes=\"auto, (max-width: 300px) 100vw, 300px\" \/><\/a><\/p>\n","protected":false},"excerpt":{"rendered":"<p>&#8211; Maksim\u0101la p\u0101rvieto\u0161an\u0101s dro\u0161\u012bba un komforts<br \/>\n&#8211; Iztur\u012bba un nodilumiztur\u012bba<br \/>\n&#8211; P\u0101rkar\u0161anas nov\u0113r\u0161anas sist\u0113ma<br \/>\n&#8211; \u0100tri \u017e\u016bsto\u0161a odere<br \/>\n&#8211; Dro\u0161a k\u0101ju fiks\u0101cija<br \/>\n&#8211; Izm\u0113rs: 41-46<br \/>\n&#8211; Temperat\u016bra: -15 \u00b0 C<\/p>\n","protected":false},"featured_media":108568,"template":"","meta":{"_acf_changed":false},"product_brand":[],"product_cat":[990],"product_tag":[],"class_list":{"0":"post-152279","1":"product","2":"type-product","3":"status-publish","4":"has-post-thumbnail","6":"product_cat-naudotu-produktu","8":"first","9":"onbackorder","10":"taxable","11":"shipping-taxable","12":"product-type-simple"},"acf":[],"_links":{"self":[{"href":"https:\/\/kingarms.ee\/lv\/wp-json\/wp\/v2\/product\/152279","targetHints":{"allow":["GET"]}}],"collection":[{"href":"https:\/\/kingarms.ee\/lv\/wp-json\/wp\/v2\/product"}],"about":[{"href":"https:\/\/kingarms.ee\/lv\/wp-json\/wp\/v2\/types\/product"}],"wp:featuredmedia":[{"embeddable":true,"href":"https:\/\/kingarms.ee\/lv\/wp-json\/wp\/v2\/media\/108568"}],"wp:attachment":[{"href":"https:\/\/kingarms.ee\/lv\/wp-json\/wp\/v2\/media?parent=152279"}],"wp:term":[{"taxonomy":"product_brand","embeddable":true,"href":"https:\/\/kingarms.ee\/lv\/wp-json\/wp\/v2\/product_brand?post=152279"},{"taxonomy":"product_cat","embeddable":true,"href":"https:\/\/kingarms.ee\/lv\/wp-json\/wp\/v2\/product_cat?post=152279"},{"taxonomy":"product_tag","embeddable":true,"href":"https:\/\/kingarms.ee\/lv\/wp-json\/wp\/v2\/product_tag?post=152279"}],"curies":[{"name":"wp","href":"https:\/\/api.w.org\/{rel}","templated":true}]}}