{"id":153704,"date":"2025-10-10T11:02:04","date_gmt":"2025-10-10T08:02:04","guid":{"rendered":"https:\/\/kingarms.ee\/product\/crosman-p10-co%e2%82%82-pusautomatiskais-pneimatiskas-pistoles-komplekts\/"},"modified":"2025-10-10T11:15:24","modified_gmt":"2025-10-10T08:15:24","slug":"crosman-p10-co%e2%82%82-pusautomatiskais-pneimatiskas-pistoles-komplekts","status":"publish","type":"product","link":"https:\/\/kingarms.ee\/lv\/product\/crosman-p10-co%e2%82%82-pusautomatiskais-pneimatiskas-pistoles-komplekts\/","title":{"rendered":"Crosman P10 CO\u2082 pusautom\u0101tiskais pneimatisk\u0101s pistoles komplekts"},"content":{"rendered":"<p><img loading=\"lazy\" decoding=\"async\" class=\"alignnone size-medium wp-image-153696\" src=\"https:\/\/kingarms.ee\/wp-content\/uploads\/2025\/10\/5117-1-1-1-300x300.webp\" alt=\"\" width=\"300\" height=\"300\" srcset=\"https:\/\/kingarms.ee\/wp-content\/uploads\/2025\/10\/5117-1-1-1-300x300.webp 300w, https:\/\/kingarms.ee\/wp-content\/uploads\/2025\/10\/5117-1-1-1-1024x1024.webp 1024w, https:\/\/kingarms.ee\/wp-content\/uploads\/2025\/10\/5117-1-1-1-150x150.webp 150w, https:\/\/kingarms.ee\/wp-content\/uploads\/2025\/10\/5117-1-1-1-768x768.webp 768w, https:\/\/kingarms.ee\/wp-content\/uploads\/2025\/10\/5117-1-1-1-500x500.webp 500w, https:\/\/kingarms.ee\/wp-content\/uploads\/2025\/10\/5117-1-1-1.webp 1500w\" sizes=\"auto, (max-width: 300px) 100vw, 300px\" \/><\/p>\n","protected":false},"excerpt":{"rendered":"<p data-start=\"1076\" data-end=\"1541\">Crosman P10 ir izstr\u0101d\u0101ts, lai nodro\u0161in\u0101tu stabilu un \u0113rtu \u0161au\u0161anas pieredzi. Pusautom\u0101tiskais meh\u0101nisms \u013cauj \u0101tri veikt n\u0101kamos \u0161\u0101vienus, bet 12 g CO\u2082 nodro\u0161ina vienm\u0113r\u012bgu darb\u012bbu bez sare\u017e\u0123\u012bjumiem. Ergonomiskais rokturis un regul\u0113jamie redzes uzlabo precizit\u0101ti. Komplekt\u0101 iek\u013cauti nepiecie\u0161amie aksesu\u0101ri s\u0101k\u0161anai.   <\/p>\n<p data-start=\"1543\" data-end=\"1574\"><strong data-start=\"1543\" data-end=\"1572\">Galven\u0101s \u012bpa\u0161\u012bbas:<\/strong><\/p>\n<ul data-start=\"1575\" data-end=\"1814\">\n<li data-start=\"1575\" data-end=\"1608\">\n<p data-start=\"1577\" data-end=\"1608\">Ener\u0123ijas avots: 12 g CO\u2082 kasetne<\/p>\n<\/li>\n<li data-start=\"1609\" data-end=\"1638\">\n<p data-start=\"1611\" data-end=\"1638\">Darb\u012bbas re\u017e\u012bms: pusautom\u0101tisks<\/p>\n<\/li>\n<li data-start=\"1639\" data-end=\"1666\">\n<p data-start=\"1641\" data-end=\"1666\">Kalibrs: 4,5 mm (.177)<\/p>\n<\/li>\n<li data-start=\"1667\" data-end=\"1701\">\n<p data-start=\"1669\" data-end=\"1701\">Magazin\u0101 ietilp\u012bba: apm\u0113ram 8 lod\u012btes<\/p>\n<\/li>\n<li data-start=\"1702\" data-end=\"1755\">\n<p data-start=\"1704\" data-end=\"1755\">Materjal: vastupidav pol\u00fcmer + metallist detailid<\/p>\n<\/li>\n<li data-start=\"1756\" data-end=\"1789\">\n<p data-start=\"1758\" data-end=\"1789\">Materi\u0101ls: polim\u0113rs + met\u0101la deta\u013cas<\/p>\n<\/li>\n<li data-start=\"1790\" data-end=\"1814\">\n<p data-start=\"1792\" data-end=\"1814\">Reguleeritavad sihikud<\/p>\n<\/li>\n<\/ul>\n<p data-start=\"1816\" data-end=\"1851\"><strong data-start=\"1816\" data-end=\"1849\">Tehniskie dati (aptuveni):<\/strong><\/p>\n<ul data-start=\"1852\" data-end=\"2005\">\n<li data-start=\"1852\" data-end=\"1871\">\n<p data-start=\"1854\" data-end=\"1871\">Garums: ~190 mm<\/p>\n<\/li>\n<li data-start=\"1872\" data-end=\"1888\">\n<p data-start=\"1874\" data-end=\"1888\">Svars: ~650 g<\/p>\n<\/li>\n<li data-start=\"1889\" data-end=\"1976\">\n<p data-start=\"1891\" data-end=\"1976\">Lodes \u0101trums: l\u012bdz ~120 m\/s (atkar\u012bgs no mun\u012bcijas)<\/p>\n<\/li>\n<li data-start=\"1977\" data-end=\"2005\">\n<p data-start=\"1979\" data-end=\"2005\">T\u00f6\u00f6temperatuur: -10\u2026+40 \u00b0C<\/p>\n<\/li>\n<\/ul>\n","protected":false},"featured_media":153699,"template":"","meta":{"_acf_changed":false},"product_brand":[],"product_cat":[1005],"product_tag":[],"class_list":{"0":"post-153704","1":"product","2":"type-product","3":"status-publish","4":"has-post-thumbnail","6":"product_cat-rokas-pistoles-lv","8":"first","9":"instock","10":"taxable","11":"shipping-taxable","12":"purchasable","13":"product-type-simple"},"acf":[],"_links":{"self":[{"href":"https:\/\/kingarms.ee\/lv\/wp-json\/wp\/v2\/product\/153704","targetHints":{"allow":["GET"]}}],"collection":[{"href":"https:\/\/kingarms.ee\/lv\/wp-json\/wp\/v2\/product"}],"about":[{"href":"https:\/\/kingarms.ee\/lv\/wp-json\/wp\/v2\/types\/product"}],"wp:featuredmedia":[{"embeddable":true,"href":"https:\/\/kingarms.ee\/lv\/wp-json\/wp\/v2\/media\/153699"}],"wp:attachment":[{"href":"https:\/\/kingarms.ee\/lv\/wp-json\/wp\/v2\/media?parent=153704"}],"wp:term":[{"taxonomy":"product_brand","embeddable":true,"href":"https:\/\/kingarms.ee\/lv\/wp-json\/wp\/v2\/product_brand?post=153704"},{"taxonomy":"product_cat","embeddable":true,"href":"https:\/\/kingarms.ee\/lv\/wp-json\/wp\/v2\/product_cat?post=153704"},{"taxonomy":"product_tag","embeddable":true,"href":"https:\/\/kingarms.ee\/lv\/wp-json\/wp\/v2\/product_tag?post=153704"}],"curies":[{"name":"wp","href":"https:\/\/api.w.org\/{rel}","templated":true}]}}