{"id":153725,"date":"2025-10-10T11:29:23","date_gmt":"2025-10-10T08:29:23","guid":{"rendered":"https:\/\/kingarms.ee\/product\/benjamin-marauder-pcp-gaisa-sautene\/"},"modified":"2025-10-10T11:32:34","modified_gmt":"2025-10-10T08:32:34","slug":"benjamin-marauder-pcp-gaisa-sautene","status":"publish","type":"product","link":"https:\/\/kingarms.ee\/lv\/product\/benjamin-marauder-pcp-gaisa-sautene\/","title":{"rendered":"Benjamin Marauder PCP gaisa \u0161autene"},"content":{"rendered":"<p><img loading=\"lazy\" decoding=\"async\" class=\"alignnone size-medium wp-image-153714\" src=\"https:\/\/kingarms.ee\/wp-content\/uploads\/2025\/10\/pnevmaticheskaya-vintovka-crosman-benjamin-marauder-synthetic-bp1764-s-1500x1500-1-300x300.webp\" alt=\"\" width=\"300\" height=\"300\" srcset=\"https:\/\/kingarms.ee\/wp-content\/uploads\/2025\/10\/pnevmaticheskaya-vintovka-crosman-benjamin-marauder-synthetic-bp1764-s-1500x1500-1-300x300.webp 300w, https:\/\/kingarms.ee\/wp-content\/uploads\/2025\/10\/pnevmaticheskaya-vintovka-crosman-benjamin-marauder-synthetic-bp1764-s-1500x1500-1-1024x1024.webp 1024w, https:\/\/kingarms.ee\/wp-content\/uploads\/2025\/10\/pnevmaticheskaya-vintovka-crosman-benjamin-marauder-synthetic-bp1764-s-1500x1500-1-150x150.webp 150w, https:\/\/kingarms.ee\/wp-content\/uploads\/2025\/10\/pnevmaticheskaya-vintovka-crosman-benjamin-marauder-synthetic-bp1764-s-1500x1500-1-768x768.webp 768w, https:\/\/kingarms.ee\/wp-content\/uploads\/2025\/10\/pnevmaticheskaya-vintovka-crosman-benjamin-marauder-synthetic-bp1764-s-1500x1500-1-500x500.webp 500w, https:\/\/kingarms.ee\/wp-content\/uploads\/2025\/10\/pnevmaticheskaya-vintovka-crosman-benjamin-marauder-synthetic-bp1764-s-1500x1500-1.webp 1500w\" sizes=\"auto, (max-width: 300px) 100vw, 300px\" \/><\/p>\n","protected":false},"excerpt":{"rendered":"<p>Benjamin Marauder ir augstas veiktsp\u0113jas PCP gaisa \u0161autene, kas sp\u0113j iz\u0161aut .177 kalibra lodes l\u012bdz aptuveni 1100 fps, .22 l\u012bdz ~1000 fps un .25 l\u012bdz ~900 fps, apr\u012bkota ar troksni sl\u0101p\u0113jo\u0161u cauruli ar integr\u0113tu ska\u0146as sl\u0101p\u0113t\u0101ju, regul\u0113jamu vaigu atbalstu, apgrie\u017eamu bolt rokturi, 10 \u0161\u0101vienu autom\u0101tisku indeks\u0113jo\u0161u \u017eurn\u0101lu (.177\/.22) vai 8 \u0161\u0101vienu versiju (.25), prec\u012bzu divpak\u0101pju spr\u016bdu un iztur\u012bgu sint\u0113tisko vai valrieksta koka konstrukciju \u2014 lieliski piem\u0113rota m\u0113r\u0137\u0161au\u0161anai un maz\u0101s med\u012bb\u0101m.<\/p>\n","protected":false},"featured_media":153717,"template":"","meta":{"_acf_changed":false},"product_brand":[],"product_cat":[1004,1008],"product_tag":[],"class_list":{"0":"post-153725","1":"product","2":"type-product","3":"status-publish","4":"has-post-thumbnail","6":"product_cat-lidmasinas","7":"product_cat-pcp-hpa","9":"first","10":"instock","11":"sale","12":"taxable","13":"shipping-taxable","14":"purchasable","15":"product-type-simple"},"acf":[],"_links":{"self":[{"href":"https:\/\/kingarms.ee\/lv\/wp-json\/wp\/v2\/product\/153725","targetHints":{"allow":["GET"]}}],"collection":[{"href":"https:\/\/kingarms.ee\/lv\/wp-json\/wp\/v2\/product"}],"about":[{"href":"https:\/\/kingarms.ee\/lv\/wp-json\/wp\/v2\/types\/product"}],"wp:featuredmedia":[{"embeddable":true,"href":"https:\/\/kingarms.ee\/lv\/wp-json\/wp\/v2\/media\/153717"}],"wp:attachment":[{"href":"https:\/\/kingarms.ee\/lv\/wp-json\/wp\/v2\/media?parent=153725"}],"wp:term":[{"taxonomy":"product_brand","embeddable":true,"href":"https:\/\/kingarms.ee\/lv\/wp-json\/wp\/v2\/product_brand?post=153725"},{"taxonomy":"product_cat","embeddable":true,"href":"https:\/\/kingarms.ee\/lv\/wp-json\/wp\/v2\/product_cat?post=153725"},{"taxonomy":"product_tag","embeddable":true,"href":"https:\/\/kingarms.ee\/lv\/wp-json\/wp\/v2\/product_tag?post=153725"}],"curies":[{"name":"wp","href":"https:\/\/api.w.org\/{rel}","templated":true}]}}