{"id":153753,"date":"2025-10-10T11:38:27","date_gmt":"2025-10-10T08:38:27","guid":{"rendered":"https:\/\/kingarms.ee\/product\/crosman-f4-classic-np-gaisa-sautene-kalibrs-45-mm\/"},"modified":"2025-10-10T11:40:37","modified_gmt":"2025-10-10T08:40:37","slug":"crosman-f4-classic-np-gaisa-sautene-kalibrs-45-mm","status":"publish","type":"product","link":"https:\/\/kingarms.ee\/lv\/product\/crosman-f4-classic-np-gaisa-sautene-kalibrs-45-mm\/","title":{"rendered":"Crosman F4 Classic NP gaisa \u0161autene, kalibrs 4,5 mm"},"content":{"rendered":"<p><img loading=\"lazy\" decoding=\"async\" class=\"alignnone size-medium wp-image-153743\" src=\"https:\/\/kingarms.ee\/wp-content\/uploads\/2025\/10\/Crosman20F4-8-1-1-300x300.webp\" alt=\"\" width=\"300\" height=\"300\" srcset=\"https:\/\/kingarms.ee\/wp-content\/uploads\/2025\/10\/Crosman20F4-8-1-1-300x300.webp 300w, https:\/\/kingarms.ee\/wp-content\/uploads\/2025\/10\/Crosman20F4-8-1-1-1024x1024.webp 1024w, https:\/\/kingarms.ee\/wp-content\/uploads\/2025\/10\/Crosman20F4-8-1-1-150x150.webp 150w, https:\/\/kingarms.ee\/wp-content\/uploads\/2025\/10\/Crosman20F4-8-1-1-768x768.webp 768w, https:\/\/kingarms.ee\/wp-content\/uploads\/2025\/10\/Crosman20F4-8-1-1-500x500.webp 500w, https:\/\/kingarms.ee\/wp-content\/uploads\/2025\/10\/Crosman20F4-8-1-1.webp 1500w\" sizes=\"auto, (max-width: 300px) 100vw, 300px\" \/><\/p>\n","protected":false},"excerpt":{"rendered":"<p>Crosman F4 Classic NP ir .177 (4,5 mm) lauzt\u0101s stumbra konstrukcijas gaisa \u0161autene ar Nitro Piston g\u0101zes izpildmeh\u0101nismu un QuietFire trok\u0161\u0146a sl\u0101p\u0113\u0161anas tehnolo\u0123iju, kas samazina atsitienu un troksni, nodro\u0161inot \u0101trumu l\u012bdz aptuveni 1200 fps atkar\u012bb\u0101 no lodes; \u0161autenei ir riffled t\u0113rauda mucas, regul\u0113jams divpak\u0101pju spr\u016bds, iztur\u012bgs sint\u0113tiskais Monte Carlo aste, ambidextrous dro\u0161\u012bbas sl\u0113dzis un 4\u00d732 t\u0113m\u0113klis \u2014 labs risin\u0101jums m\u0113r\u0137iem, izklaidei un maz\u0101s med\u012bb\u0101s.<\/p>\n","protected":false},"featured_media":153746,"template":"","meta":{"_acf_changed":false},"product_brand":[],"product_cat":[1004,1007],"product_tag":[],"class_list":{"0":"post-153753","1":"product","2":"type-product","3":"status-publish","4":"has-post-thumbnail","6":"product_cat-lidmasinas","7":"product_cat-snaipera-pistoles-lv","9":"first","10":"instock","11":"sale","12":"taxable","13":"shipping-taxable","14":"purchasable","15":"product-type-simple"},"acf":[],"_links":{"self":[{"href":"https:\/\/kingarms.ee\/lv\/wp-json\/wp\/v2\/product\/153753","targetHints":{"allow":["GET"]}}],"collection":[{"href":"https:\/\/kingarms.ee\/lv\/wp-json\/wp\/v2\/product"}],"about":[{"href":"https:\/\/kingarms.ee\/lv\/wp-json\/wp\/v2\/types\/product"}],"wp:featuredmedia":[{"embeddable":true,"href":"https:\/\/kingarms.ee\/lv\/wp-json\/wp\/v2\/media\/153746"}],"wp:attachment":[{"href":"https:\/\/kingarms.ee\/lv\/wp-json\/wp\/v2\/media?parent=153753"}],"wp:term":[{"taxonomy":"product_brand","embeddable":true,"href":"https:\/\/kingarms.ee\/lv\/wp-json\/wp\/v2\/product_brand?post=153753"},{"taxonomy":"product_cat","embeddable":true,"href":"https:\/\/kingarms.ee\/lv\/wp-json\/wp\/v2\/product_cat?post=153753"},{"taxonomy":"product_tag","embeddable":true,"href":"https:\/\/kingarms.ee\/lv\/wp-json\/wp\/v2\/product_tag?post=153753"}],"curies":[{"name":"wp","href":"https:\/\/api.w.org\/{rel}","templated":true}]}}